{"id":10317,"date":"2025-11-16T11:49:18","date_gmt":"2025-11-16T10:49:18","guid":{"rendered":"https:\/\/www.ngdcare.nl\/?post_type=product&#038;p=10317"},"modified":"2025-11-24T13:07:36","modified_gmt":"2025-11-24T12:07:36","slug":"curcumina-lipossomica-extrato-de-curcumina-lipossomica-kopie","status":"publish","type":"product","link":"https:\/\/www.ngdcare.nl\/pt-pt\/product\/human-health\/suplementos-alimentares\/curcumina-lipossomica-extrato-de-curcumina-lipossomica-kopie\/","title":{"rendered":"Extrato de curcumina lipossomal"},"content":{"rendered":"<p style=\"font-weight: 400;\">A curcumina \u00e9 um dos fitonutrientes mais estudados e tem um efeito amplo no stress oxidativo, nas vias inflamat\u00f3rias e nos processos de repara\u00e7\u00e3o. No entanto, a curcumina padr\u00e3o quase n\u00e3o \u00e9 absorvida, exigindo doses elevadas que podem sobrecarregar o trato gastrointestinal. <strong>NGD Care A<\/strong> <strong>curcumina lipossomal<\/strong> da Human Health cont\u00e9m a Curcumina C3 mais documentada e est\u00e1 embalada em fosfol\u00edpidos, tornando-a muito melhor absorvida e menos propensa \u00e0 degrada\u00e7\u00e3o.  <\/p>\n<p style=\"font-weight: 400;\">Esta forma avan\u00e7ada apoia o conforto articular, a fun\u00e7\u00e3o hep\u00e1tica, o equil\u00edbrio imunit\u00e1rio e a prote\u00e7\u00e3o contra radicais livres. Atua em m\u00faltiplos n\u00edveis, incluindo NF-\u03baB, inflamassomas e vias antioxidantes como o Nrf2. Isto torna-o uma excelente op\u00e7\u00e3o para stress, sensibilidade \u00e0 dor, queixas digestivas e recupera\u00e7\u00e3o ap\u00f3s stress f\u00edsico ou mental intenso.  <\/p>\n<p style=\"font-weight: 400;\">A curcumina lipossomal \u00e9 suave para o est\u00f4mago e adequada para uso di\u00e1rio. Devido \u00e0 melhoria da biodisponibilidade, s\u00e3o necess\u00e1rias doses mais baixas, o que aumenta a toler\u00e2ncia e torna o produto ideal tanto para aplica\u00e7\u00f5es preventivas como terap\u00eauticas. <\/p>\n","protected":false},"excerpt":{"rendered":"<p>A curcumina lipossomal fornece uma forma potente e altamente absorvente de curcuminides para apoiar a inflama\u00e7\u00e3o, o equil\u00edbrio e a prote\u00e7\u00e3o celular.<\/p>\n<p>&nbsp;<\/p>\n<p>&nbsp;<\/p>\n<p>&nbsp;<\/p>\n<p>&nbsp;<\/p>\n","protected":false},"featured_media":10970,"comment_status":"open","ping_status":"closed","template":"","meta":{"wds_primary_product_brand":0,"wds_primary_product_cat":20,"wds_primary_merken":0},"product_brand":[],"product_cat":[5314],"product_tag":[2248,2851,2599,5317,2235,5319,3193,1988,2407],"merken":[2756],"class_list":{"0":"post-10317","1":"product","2":"type-product","3":"status-publish","4":"has-post-thumbnail","6":"product_cat-suplementos-alimentares","7":"product_tag-antioxidante-pt-pt","8":"product_tag-articulacoes","9":"product_tag-cuidados-com-ngd","10":"product_tag-cuidados-ngd-saude-humana","11":"product_tag-curcumina","12":"product_tag-imunidade","13":"product_tag-inflamacao","14":"product_tag-lipossomica","15":"product_tag-reparacao","16":"merken-ngdcare","17":"infinite-scroll-item","18":"sales-flash-overlay","19":"woocommerce-text-align-center","20":"woocommerce-image-align-center","21":"do-quantity-buttons","23":"first","24":"instock","25":"taxable","26":"shipping-taxable","27":"purchasable","28":"product-type-simple"},"_links":{"self":[{"href":"https:\/\/www.ngdcare.nl\/pt-pt\/wp-json\/wp\/v2\/product\/10317","targetHints":{"allow":["GET"]}}],"collection":[{"href":"https:\/\/www.ngdcare.nl\/pt-pt\/wp-json\/wp\/v2\/product"}],"about":[{"href":"https:\/\/www.ngdcare.nl\/pt-pt\/wp-json\/wp\/v2\/types\/product"}],"replies":[{"embeddable":true,"href":"https:\/\/www.ngdcare.nl\/pt-pt\/wp-json\/wp\/v2\/comments?post=10317"}],"wp:featuredmedia":[{"embeddable":true,"href":"https:\/\/www.ngdcare.nl\/pt-pt\/wp-json\/wp\/v2\/media\/10970"}],"wp:attachment":[{"href":"https:\/\/www.ngdcare.nl\/pt-pt\/wp-json\/wp\/v2\/media?parent=10317"}],"wp:term":[{"taxonomy":"product_brand","embeddable":true,"href":"https:\/\/www.ngdcare.nl\/pt-pt\/wp-json\/wp\/v2\/product_brand?post=10317"},{"taxonomy":"product_cat","embeddable":true,"href":"https:\/\/www.ngdcare.nl\/pt-pt\/wp-json\/wp\/v2\/product_cat?post=10317"},{"taxonomy":"product_tag","embeddable":true,"href":"https:\/\/www.ngdcare.nl\/pt-pt\/wp-json\/wp\/v2\/product_tag?post=10317"},{"taxonomy":"merken","embeddable":true,"href":"https:\/\/www.ngdcare.nl\/pt-pt\/wp-json\/wp\/v2\/merken?post=10317"}],"curies":[{"name":"wp","href":"https:\/\/api.w.org\/{rel}","templated":true}]}}