{"id":10337,"date":"2025-11-16T12:09:33","date_gmt":"2025-11-16T11:09:33","guid":{"rendered":"https:\/\/www.ngdcare.nl\/?post_type=product&#038;p=10337"},"modified":"2025-11-24T13:28:37","modified_gmt":"2025-11-24T12:28:37","slug":"liposomale-lactoferrina-lactoferrina-lipossomica-kopie","status":"publish","type":"product","link":"https:\/\/www.ngdcare.nl\/pt-pt\/product\/suplementos-alimentares\/liposomale-lactoferrina-lactoferrina-lipossomica-kopie\/","title":{"rendered":"Lactoferrina lipossomal"},"content":{"rendered":"<p style=\"font-weight: 400;\"><strong>A lactoferrina<\/strong> \u00e9 uma prote\u00edna multiusos que desempenha um papel na regula\u00e7\u00e3o do ferro, atividade imunit\u00e1ria e prote\u00e7\u00e3o microbiana no organismo. Encontra-se no leite materno, saliva e membranas mucosas e constitui uma parte importante da primeira linha de defesa do corpo. Na forma lipossomal da NGD Care, a lactoferrina \u00e9 protegida de forma ideal contra a degrada\u00e7\u00e3o, chegando ao intestino e \u00e0 circula\u00e7\u00e3o sist\u00e9mica em forma ativa.  <\/p>\n<p style=\"font-weight: 400;\">Esta f\u00f3rmula apoia <strong>o funcionamento saud\u00e1vel da barreira<\/strong>, ajuda <strong>a regular microrganismos indesejados<\/strong> e contribui para uma <strong>atividade imunit\u00e1ria equilibrada<\/strong>. A lactoferrina \u00e9 frequentemente usada para infe\u00e7\u00f5es recorrentes, altera\u00e7\u00e3o do equil\u00edbrio inflamat\u00f3rio, problemas intestinais e recupera\u00e7\u00e3o ap\u00f3s doen\u00e7a ou stress. <\/p>\n<p style=\"font-weight: 400;\">Gra\u00e7as ao seu encapsulamento lipossomal, este suplemento \u00e9 suave para o est\u00f4mago, altamente absorv\u00edvel e adequado para uso prolongado. A combina\u00e7\u00e3o de suporte imunit\u00e1rio natural e a\u00e7\u00e3o suave torna-o uma adi\u00e7\u00e3o valiosa aos protocolos integrativos. <\/p>\n","protected":false},"excerpt":{"rendered":"<p class=\"p3\">A lactoferrina lipossomal apoia a fun\u00e7\u00e3o imunit\u00e1ria, a regula\u00e7\u00e3o do ferro e o equil\u00edbrio microbiano. A forma lipossomal aumenta a absor\u00e7\u00e3o e a efic\u00e1cia. <\/p>\n","protected":false},"featured_media":11015,"comment_status":"open","ping_status":"closed","template":"","meta":[],"product_brand":[],"product_cat":[5314],"product_tag":[5603,2599,5317,5602,4001,1988,1956,1953,1949],"merken":[],"class_list":{"0":"post-10337","1":"product","2":"type-product","3":"status-publish","4":"has-post-thumbnail","6":"product_cat-suplementos-alimentares","7":"product_tag-balanco-de-ignicao","8":"product_tag-cuidados-com-ngd","9":"product_tag-cuidados-ngd-saude-humana","10":"product_tag-encadernacao-em-ferro","11":"product_tag-lactoferrina","12":"product_tag-lipossomica","13":"product_tag-microbioma-pt-pt","14":"product_tag-saude-intestinal","15":"product_tag-sistema-imunitario","16":"infinite-scroll-item","17":"sales-flash-overlay","18":"woocommerce-text-align-center","19":"woocommerce-image-align-center","20":"do-quantity-buttons","22":"first","23":"instock","24":"taxable","25":"shipping-taxable","26":"purchasable","27":"product-type-simple"},"_links":{"self":[{"href":"https:\/\/www.ngdcare.nl\/pt-pt\/wp-json\/wp\/v2\/product\/10337","targetHints":{"allow":["GET"]}}],"collection":[{"href":"https:\/\/www.ngdcare.nl\/pt-pt\/wp-json\/wp\/v2\/product"}],"about":[{"href":"https:\/\/www.ngdcare.nl\/pt-pt\/wp-json\/wp\/v2\/types\/product"}],"replies":[{"embeddable":true,"href":"https:\/\/www.ngdcare.nl\/pt-pt\/wp-json\/wp\/v2\/comments?post=10337"}],"wp:featuredmedia":[{"embeddable":true,"href":"https:\/\/www.ngdcare.nl\/pt-pt\/wp-json\/wp\/v2\/media\/11015"}],"wp:attachment":[{"href":"https:\/\/www.ngdcare.nl\/pt-pt\/wp-json\/wp\/v2\/media?parent=10337"}],"wp:term":[{"taxonomy":"product_brand","embeddable":true,"href":"https:\/\/www.ngdcare.nl\/pt-pt\/wp-json\/wp\/v2\/product_brand?post=10337"},{"taxonomy":"product_cat","embeddable":true,"href":"https:\/\/www.ngdcare.nl\/pt-pt\/wp-json\/wp\/v2\/product_cat?post=10337"},{"taxonomy":"product_tag","embeddable":true,"href":"https:\/\/www.ngdcare.nl\/pt-pt\/wp-json\/wp\/v2\/product_tag?post=10337"},{"taxonomy":"merken","embeddable":true,"href":"https:\/\/www.ngdcare.nl\/pt-pt\/wp-json\/wp\/v2\/merken?post=10337"}],"curies":[{"name":"wp","href":"https:\/\/api.w.org\/{rel}","templated":true}]}}