{"id":10357,"date":"2025-11-16T13:38:29","date_gmt":"2025-11-16T12:38:29","guid":{"rendered":"https:\/\/www.ngdcare.nl\/?post_type=product&#038;p=10357"},"modified":"2025-11-24T12:52:17","modified_gmt":"2025-11-24T11:52:17","slug":"complexo-vitaminico-lipossomico-b-complexo-vit-b-ativo-lipossomico-kopie","status":"publish","type":"product","link":"https:\/\/www.ngdcare.nl\/pt-pt\/product\/human-health\/suplementos-alimentares\/complexo-vitaminico-lipossomico-b-complexo-vit-b-ativo-lipossomico-kopie\/","title":{"rendered":"Complexo Lipossomal Ativo da Vitamina B"},"content":{"rendered":"<p style=\"font-weight: 400;\">As vitaminas do complexo B desempenham um papel central na convers\u00e3o dos alimentos em energia, na constru\u00e7\u00e3o e prote\u00e7\u00e3o do sistema nervoso, nos processos de metila\u00e7\u00e3o e na regula\u00e7\u00e3o do humor e da resposta ao stress. Neste <g id=\"gid_0\">complexo B lipossomal<\/g> , as vitaminas B s\u00e3o oferecidas em formas biologicamente ativas (como metilcobalamina, metilfolato e P-5-P), tornando-as diretamente utiliz\u00e1veis no metabolismo celular, bem como em pessoas com variantes gen\u00e9ticas no metabolismo do folato ou B12 (por exemplo, polimorfismos MTHFR). O tratamento lipossomal tamb\u00e9m aumenta a absor\u00e7\u00e3o e torna o complexo suave para o est\u00f4mago e intestinos.  <\/p>\n<p style=\"font-weight: 400;\">Este complexo B apoia tanto f\u00edsica como mentalmente: contribui para <strong>a redu\u00e7\u00e3o da fadiga, o funcionamento normal do sistema nervoso e da psique, o metabolismo da homociste\u00edna, a forma\u00e7\u00e3o de gl\u00f3bulos vermelhos e os processos de desintoxica\u00e7\u00e3o<\/strong>. Por isso, \u00e9 adequada para stress, per\u00edodos de maior ataque, recupera\u00e7\u00e3o ap\u00f3s doen\u00e7a, trabalho cognitivo intensivo ou como base num plano de tratamento integrativo. <\/p>\n<p style=\"font-weight: 400;\">Devido \u00e0 combina\u00e7\u00e3o de formas B ativas e tecnologia lipossomal, esta f\u00f3rmula \u00e9 muito adequada para pessoas sens\u00edveis a formas sint\u00e9ticas padr\u00e3o ou para quem a suplementa\u00e7\u00e3o anterior com B n\u00e3o teve efeito suficiente. O produto pode ser usado de forma segura diariamente e combina-se bem com magn\u00e9sio, \u00f3megas, complexo NAD+ e adaptog\u00e9nios. <\/p>\n","protected":false},"excerpt":{"rendered":"<p style=\"font-weight: 400;\">O Complexo Liposomal de Vitaminas B da NGD Care cont\u00e9m vitaminas do complexo B ativas numa matriz lipossomal bem absorv\u00edvel. Apoia o metabolismo energ\u00e9tico, o sistema nervoso, a fun\u00e7\u00e3o mental e a resist\u00eancia ao stress. <\/p>\n","protected":false},"featured_media":10936,"comment_status":"open","ping_status":"closed","template":"","meta":{"wds_primary_product_brand":0,"wds_primary_product_cat":23,"wds_primary_merken":0},"product_brand":[],"product_cat":[5314],"product_tag":[4587,2599,5317,2250,1988,5471,5470,3378,2186,5425,5469],"merken":[2756],"class_list":{"0":"post-10357","1":"product","2":"type-product","3":"status-publish","4":"has-post-thumbnail","6":"product_cat-suplementos-alimentares","7":"product_tag-complexo-b","8":"product_tag-cuidados-com-ngd","9":"product_tag-cuidados-ngd-saude-humana","10":"product_tag-energia-pt-pt","11":"product_tag-lipossomica","12":"product_tag-metil-b12","13":"product_tag-metilfolato","14":"product_tag-sistema-nervoso","15":"product_tag-stress-pt-pt","16":"product_tag-suplementos-humanos","17":"product_tag-vitaminas-do-complexo-b-ativas","18":"merken-ngdcare","19":"infinite-scroll-item","20":"sales-flash-overlay","21":"woocommerce-text-align-center","22":"woocommerce-image-align-center","23":"do-quantity-buttons","25":"first","26":"instock","27":"taxable","28":"shipping-taxable","29":"purchasable","30":"product-type-simple"},"_links":{"self":[{"href":"https:\/\/www.ngdcare.nl\/pt-pt\/wp-json\/wp\/v2\/product\/10357","targetHints":{"allow":["GET"]}}],"collection":[{"href":"https:\/\/www.ngdcare.nl\/pt-pt\/wp-json\/wp\/v2\/product"}],"about":[{"href":"https:\/\/www.ngdcare.nl\/pt-pt\/wp-json\/wp\/v2\/types\/product"}],"replies":[{"embeddable":true,"href":"https:\/\/www.ngdcare.nl\/pt-pt\/wp-json\/wp\/v2\/comments?post=10357"}],"wp:featuredmedia":[{"embeddable":true,"href":"https:\/\/www.ngdcare.nl\/pt-pt\/wp-json\/wp\/v2\/media\/10936"}],"wp:attachment":[{"href":"https:\/\/www.ngdcare.nl\/pt-pt\/wp-json\/wp\/v2\/media?parent=10357"}],"wp:term":[{"taxonomy":"product_brand","embeddable":true,"href":"https:\/\/www.ngdcare.nl\/pt-pt\/wp-json\/wp\/v2\/product_brand?post=10357"},{"taxonomy":"product_cat","embeddable":true,"href":"https:\/\/www.ngdcare.nl\/pt-pt\/wp-json\/wp\/v2\/product_cat?post=10357"},{"taxonomy":"product_tag","embeddable":true,"href":"https:\/\/www.ngdcare.nl\/pt-pt\/wp-json\/wp\/v2\/product_tag?post=10357"},{"taxonomy":"merken","embeddable":true,"href":"https:\/\/www.ngdcare.nl\/pt-pt\/wp-json\/wp\/v2\/merken?post=10357"}],"curies":[{"name":"wp","href":"https:\/\/api.w.org\/{rel}","templated":true}]}}