{"id":10449,"date":"2025-11-16T14:47:27","date_gmt":"2025-11-16T13:47:27","guid":{"rendered":"https:\/\/www.ngdcare.nl\/?post_type=product&#038;p=10449"},"modified":"2025-11-24T14:42:05","modified_gmt":"2025-11-24T13:42:05","slug":"nac-berberine-para-limpar-kopie","status":"publish","type":"product","link":"https:\/\/www.ngdcare.nl\/pt-pt\/product\/suplementos-alimentares\/nac-berberine-para-limpar-kopie\/","title":{"rendered":"Para reset"},"content":{"rendered":"<p style=\"font-weight: 400;\"><strong>A NAC<\/strong> (N-acetilciste\u00edna) \u00e9 um composto contendo enxofre que serve como precursor do glutationa e \u00e9 tamb\u00e9m conhecido pelas suas propriedades mucol\u00edticas e disruptoras de biofilmes. <strong>A berberina<\/strong> \u00e9 um alcaloide isoquinol\u00ednico de origem vegetal com efeitos microbianos, metab\u00f3licos e moduladores da inflama\u00e7\u00e3o, incluindo a influ\u00eancia da AMPK, microbioma intestinal e jun\u00e7\u00f5es apertadas. No Para Reset, estas duas subst\u00e2ncias s\u00e3o combinadas para intervir de forma direcionada, mas ampla, contra o crescimento excessivo de microrganismos indesejados, biofilmes e equil\u00edbrio intestinal. <\/p>\n<p style=\"font-weight: 400;\">Esta f\u00f3rmula \u00e9 frequentemente utilizada em caso de suspeita de <strong>disbiose<\/strong>, <strong>carga persistente com fungos ou parasitas<\/strong> (como Giardia ou Candida, sempre em processo m\u00e9dico), aumento da carga t\u00f3xica ou como parte de um protocolo intestinal faseado. A NAC ajuda a perturbar os biofilmes e a melhorar a disponibilidade de antimicrobianos, enquanto a berberina atua diretamente sobre bact\u00e9rias, leveduras e alguns organismos parasitas, ao mesmo tempo que apoia a inflama\u00e7\u00e3o e o controlo da glicose. <\/p>\n<p style=\"font-weight: 400;\">O Para Reset \u00e9 poderoso e destinado a uma implementa\u00e7\u00e3o direcionada e de curto prazo sob a orienta\u00e7\u00e3o de um profissional. Combina bem com probi\u00f3ticos (com dist\u00e2ncia temporal suficiente), prebi\u00f3ticos e outros aux\u00edlios de recupera\u00e7\u00e3o como glutamina, mistura de cogumelos e lactoferrina. Ap\u00f3s um tratamento intensivo, faz sentido focar-se na restaura\u00e7\u00e3o da flora e da barreira intestinal.  <\/p>\n","protected":false},"excerpt":{"rendered":"<p style=\"font-weight: 400;\">NAC + Berberina \u2013 Para Reset combina N-acetilciste\u00edna com berberina para apoiar o equil\u00edbrio intestinal, a regula\u00e7\u00e3o do biofilme e a carga microbiana. Pode ser usado para disbiose e vias intestinais integrativas. <\/p>\n","protected":false},"featured_media":11048,"comment_status":"open","ping_status":"closed","template":"","meta":[],"product_brand":[],"product_cat":[5314],"product_tag":[2973,5656,2599,5317,2253,4063,5655,2970,4158,2969,5654,5425],"merken":[],"class_list":{"0":"post-10449","1":"product","2":"type-product","3":"status-publish","4":"has-post-thumbnail","6":"product_cat-suplementos-alimentares","7":"product_tag-berberina-pt-pt","8":"product_tag-candida","9":"product_tag-cuidados-com-ngd","10":"product_tag-cuidados-ngd-saude-humana","11":"product_tag-desintoxicacao","12":"product_tag-disbiose","13":"product_tag-equilibrio-intestinal","14":"product_tag-giardia-pt-pt","15":"product_tag-n-acetilcisteina-pt-pt","16":"product_tag-nac-pt-pt","17":"product_tag-para-limpo","18":"product_tag-suplementos-humanos","19":"infinite-scroll-item","20":"sales-flash-overlay","21":"woocommerce-text-align-center","22":"woocommerce-image-align-center","23":"do-quantity-buttons","25":"first","26":"instock","27":"downloadable","28":"taxable","29":"shipping-taxable","30":"purchasable","31":"product-type-simple"},"_links":{"self":[{"href":"https:\/\/www.ngdcare.nl\/pt-pt\/wp-json\/wp\/v2\/product\/10449","targetHints":{"allow":["GET"]}}],"collection":[{"href":"https:\/\/www.ngdcare.nl\/pt-pt\/wp-json\/wp\/v2\/product"}],"about":[{"href":"https:\/\/www.ngdcare.nl\/pt-pt\/wp-json\/wp\/v2\/types\/product"}],"replies":[{"embeddable":true,"href":"https:\/\/www.ngdcare.nl\/pt-pt\/wp-json\/wp\/v2\/comments?post=10449"}],"wp:featuredmedia":[{"embeddable":true,"href":"https:\/\/www.ngdcare.nl\/pt-pt\/wp-json\/wp\/v2\/media\/11048"}],"wp:attachment":[{"href":"https:\/\/www.ngdcare.nl\/pt-pt\/wp-json\/wp\/v2\/media?parent=10449"}],"wp:term":[{"taxonomy":"product_brand","embeddable":true,"href":"https:\/\/www.ngdcare.nl\/pt-pt\/wp-json\/wp\/v2\/product_brand?post=10449"},{"taxonomy":"product_cat","embeddable":true,"href":"https:\/\/www.ngdcare.nl\/pt-pt\/wp-json\/wp\/v2\/product_cat?post=10449"},{"taxonomy":"product_tag","embeddable":true,"href":"https:\/\/www.ngdcare.nl\/pt-pt\/wp-json\/wp\/v2\/product_tag?post=10449"},{"taxonomy":"merken","embeddable":true,"href":"https:\/\/www.ngdcare.nl\/pt-pt\/wp-json\/wp\/v2\/merken?post=10449"}],"curies":[{"name":"wp","href":"https:\/\/api.w.org\/{rel}","templated":true}]}}