{"id":10470,"date":"2025-11-16T15:11:48","date_gmt":"2025-11-16T14:11:48","guid":{"rendered":"https:\/\/www.ngdcare.nl\/?post_type=product&#038;p=10470"},"modified":"2025-11-24T12:43:06","modified_gmt":"2025-11-24T11:43:06","slug":"vitamina-c-liposomale-vitamina-c-lipossomica-kopie","status":"publish","type":"product","link":"https:\/\/www.ngdcare.nl\/pt-pt\/product\/human-health\/suplementos-alimentares\/vitamina-c-liposomale-vitamina-c-lipossomica-kopie\/","title":{"rendered":"Vitamina C lipossomal"},"content":{"rendered":"<p style=\"font-weight: 400;\"><strong>A vitamina C<\/strong> \u00e9 um antioxidante essencial que desempenha um papel importante no <strong>sistema imunit\u00e1rio<\/strong>, <strong>na produ\u00e7\u00e3o de colag\u00e9nio<\/strong>, <strong>no metabolismo energ\u00e9tico<\/strong> e <strong>na prote\u00e7\u00e3o contra o stress oxidativo<\/strong>. A maioria das formas de vitamina C \u00e9 rapidamente decomposta no trato gastrointestinal, o que limita a absor\u00e7\u00e3o e pode causar desconforto abdominal em doses mais elevadas. O NGD Care utiliza, portanto, uma forma lipossomal, na qual a vitamina C est\u00e1 encapsulada em fosfol\u00edpidos. Como resultado, \u00e9 absorvido mais diretamente pela linfa e \u00e9 melhor tolerado por intestinos sens\u00edveis.   <\/p>\n<p style=\"font-weight: 400;\">A vitamina C lipossomal apoia o sistema imunit\u00e1rio tanto em situa\u00e7\u00f5es agudas como preventivamente. Devido \u00e0 sua elevada absor\u00e7\u00e3o, atinge mais rapidamente as c\u00e9lulas que dependem de ascorbato suficiente, como as c\u00e9lulas imunit\u00e1rias, c\u00e9lulas do f\u00edgado, fibroblastos e tecido cerebral. A vitamina C \u00e9 tamb\u00e9m necess\u00e1ria para a s\u00edntese de colag\u00e9nio, que contribui para a repara\u00e7\u00e3o da pele, resist\u00eancia da parede vascular e tecido conjuntivo saud\u00e1vel.  <\/p>\n<p style=\"font-weight: 400;\">Como a vitamina C est\u00e1 envolvida em centenas de processos bioqu\u00edmicos, a procura de ascorbato \u00e9 especialmente elevada durante per\u00edodos de stress, infe\u00e7\u00f5es, stress cr\u00f3nico ou recupera\u00e7\u00e3o. A forma lipossomal permite alcan\u00e7ar alta biodisponibilidade com doses baixas a moderadas, sem o risco de queixas gastrointestinais que ocorre com a vitamina C comum. Este suplemento pode ser usado diariamente em seguran\u00e7a e encaixa-se perfeitamente nos protocolos integrativos.  <\/p>\n","protected":false},"excerpt":{"rendered":"<p style=\"font-weight: 400;\">A vitamina C lipossomal da NGD Care oferece uma absor\u00e7\u00e3o muito elevada, apoia o sistema imunit\u00e1rio, ajuda a reduzir o stress oxidativo e apoia a produ\u00e7\u00e3o de colag\u00e9nio. Suave para o est\u00f4mago e intestinos. <\/p>\n","protected":false},"featured_media":10914,"comment_status":"open","ping_status":"closed","template":"","meta":{"wds_primary_product_brand":0,"wds_primary_product_cat":187,"wds_primary_merken":0},"product_brand":[],"product_cat":[5314],"product_tag":[2248,3953,2599,5317,5319,1988,5426,5425,5427],"merken":[],"class_list":{"0":"post-10470","1":"product","2":"type-product","3":"status-publish","4":"has-post-thumbnail","6":"product_cat-suplementos-alimentares","7":"product_tag-antioxidante-pt-pt","8":"product_tag-colagenio","9":"product_tag-cuidados-com-ngd","10":"product_tag-cuidados-ngd-saude-humana","11":"product_tag-imunidade","12":"product_tag-lipossomica","13":"product_tag-stress-oxidativo","14":"product_tag-suplementos-humanos","15":"product_tag-vitamina-c","16":"infinite-scroll-item","17":"sales-flash-overlay","18":"woocommerce-text-align-center","19":"woocommerce-image-align-center","20":"do-quantity-buttons","22":"first","23":"instock","24":"taxable","25":"shipping-taxable","26":"purchasable","27":"product-type-simple"},"_links":{"self":[{"href":"https:\/\/www.ngdcare.nl\/pt-pt\/wp-json\/wp\/v2\/product\/10470","targetHints":{"allow":["GET"]}}],"collection":[{"href":"https:\/\/www.ngdcare.nl\/pt-pt\/wp-json\/wp\/v2\/product"}],"about":[{"href":"https:\/\/www.ngdcare.nl\/pt-pt\/wp-json\/wp\/v2\/types\/product"}],"replies":[{"embeddable":true,"href":"https:\/\/www.ngdcare.nl\/pt-pt\/wp-json\/wp\/v2\/comments?post=10470"}],"wp:featuredmedia":[{"embeddable":true,"href":"https:\/\/www.ngdcare.nl\/pt-pt\/wp-json\/wp\/v2\/media\/10914"}],"wp:attachment":[{"href":"https:\/\/www.ngdcare.nl\/pt-pt\/wp-json\/wp\/v2\/media?parent=10470"}],"wp:term":[{"taxonomy":"product_brand","embeddable":true,"href":"https:\/\/www.ngdcare.nl\/pt-pt\/wp-json\/wp\/v2\/product_brand?post=10470"},{"taxonomy":"product_cat","embeddable":true,"href":"https:\/\/www.ngdcare.nl\/pt-pt\/wp-json\/wp\/v2\/product_cat?post=10470"},{"taxonomy":"product_tag","embeddable":true,"href":"https:\/\/www.ngdcare.nl\/pt-pt\/wp-json\/wp\/v2\/product_tag?post=10470"},{"taxonomy":"merken","embeddable":true,"href":"https:\/\/www.ngdcare.nl\/pt-pt\/wp-json\/wp\/v2\/merken?post=10470"}],"curies":[{"name":"wp","href":"https:\/\/api.w.org\/{rel}","templated":true}]}}