{"id":10490,"date":"2025-11-16T15:32:09","date_gmt":"2025-11-16T14:32:09","guid":{"rendered":"https:\/\/www.ngdcare.nl\/?post_type=product&#038;p=10490"},"modified":"2025-11-24T15:32:14","modified_gmt":"2025-11-24T14:32:14","slug":"ervilha-lipossomica-e-boswellia-complexo-lipossomico-de-ervilha-kopie","status":"publish","type":"product","link":"https:\/\/www.ngdcare.nl\/pt-pt\/product\/human-health\/suplementos-alimentares\/ervilha-lipossomica-e-boswellia-complexo-lipossomico-de-ervilha-kopie\/","title":{"rendered":"Complexo PEA lipossomal"},"content":{"rendered":"<p style=\"font-weight: 400;\"><strong>A palmitoiletanolamida<\/strong> (PEA) \u00e9 um composto do pr\u00f3prio organismo envolvido na regula\u00e7\u00e3o da dor, inflama\u00e7\u00e3o e atividade imunit\u00e1ria atrav\u00e9s de recetores como PPAR-\u03b1, GPR55 e vias semelhantes a canabinoides. \u00c9 produzida no corpo durante o stress, a carga tecidular ou a inflama\u00e7\u00e3o, mas esta produ\u00e7\u00e3o pode <strong>ser insuficiente em queixas cr\u00f3nicas<\/strong>. <strong>Boswellia serrata<\/strong> cont\u00e9m \u00e1cidos boswellicos, incluindo AKBA (acetil-11-cetoceto-\u03b2-\u00e1cido boswellico), que, entre outras coisas, inibem o 5-LOX e, assim, reduzem a produ\u00e7\u00e3o de leucotrienos pr\u00f3-inflamat\u00f3rios. <\/p>\n<p style=\"font-weight: 400;\">A combina\u00e7\u00e3o de PEA e Boswellia oferece uma dupla a\u00e7\u00e3o: a PEA apoia a modula\u00e7\u00e3o da neuroinflama\u00e7\u00e3o e da perce\u00e7\u00e3o da dor, enquanto a Boswellia atua especificamente nas vias inflamat\u00f3rias dos tecidos. A matriz lipossomal garante que ambas as subst\u00e2ncias sejam melhor absorvidas e estejam dispon\u00edveis mais rapidamente para as c\u00e9lulas envolvidas. <\/p>\n<p style=\"font-weight: 400;\">Este suplemento pode ser usado para dor prolongada, sistema nervoso sobreestimulado, distens\u00e3o articular, tens\u00e3o muscular, sensibilidade \u00e0 inflama\u00e7\u00e3o e processos de recupera\u00e7\u00e3o. A f\u00f3rmula \u00e9 suave, bem tolerada e adequada para pessoas que desejam apoio natural e sist\u00e9mico sem o efeito de analg\u00e9sicos fortes. <\/p>\n","protected":false},"excerpt":{"rendered":"<p style=\"font-weight: 400;\">O complexo de PEA lipossomal apoia a regula\u00e7\u00e3o natural da dor, o conforto nervoso e o equil\u00edbrio inflamat\u00f3rio. A forma lipossomal aumenta a absor\u00e7\u00e3o e a efic\u00e1cia. <\/p>\n","protected":false},"featured_media":11806,"comment_status":"open","ping_status":"closed","template":"","meta":{"wds_primary_product_brand":0,"wds_primary_product_cat":187,"wds_primary_merken":0},"product_brand":[],"product_cat":[5314],"product_tag":[2816,2815,2824,2822,5603,2823,2599,5317,5742,2817,2821,2820,1988,2819,2818,1847,5425],"merken":[2756],"class_list":{"0":"post-10490","1":"product","2":"type-product","3":"status-publish","4":"has-post-thumbnail","6":"product_cat-suplementos-alimentares","7":"product_tag-analgesico-natural-pt-pt","8":"product_tag-anti-inflamatorio-natural","9":"product_tag-apoio-conjunto","10":"product_tag-artrose-pt-pt","11":"product_tag-balanco-de-ignicao","12":"product_tag-boswellia-pt-pt","13":"product_tag-cuidados-com-ngd","14":"product_tag-cuidados-ngd-saude-humana","15":"product_tag-dor","16":"product_tag-endocanabinoide","17":"product_tag-ervilha","18":"product_tag-glaucoma-pt-pt","19":"product_tag-lipossomica","20":"product_tag-neuropatia-pt-pt","21":"product_tag-nevralgia","22":"product_tag-ngd-suplementos-de-cuidados","23":"product_tag-suplementos-humanos","24":"merken-ngdcare","25":"infinite-scroll-item","26":"sales-flash-overlay","27":"woocommerce-text-align-center","28":"woocommerce-image-align-center","29":"do-quantity-buttons","31":"first","32":"instock","33":"taxable","34":"shipping-taxable","35":"purchasable","36":"product-type-simple"},"_links":{"self":[{"href":"https:\/\/www.ngdcare.nl\/pt-pt\/wp-json\/wp\/v2\/product\/10490","targetHints":{"allow":["GET"]}}],"collection":[{"href":"https:\/\/www.ngdcare.nl\/pt-pt\/wp-json\/wp\/v2\/product"}],"about":[{"href":"https:\/\/www.ngdcare.nl\/pt-pt\/wp-json\/wp\/v2\/types\/product"}],"replies":[{"embeddable":true,"href":"https:\/\/www.ngdcare.nl\/pt-pt\/wp-json\/wp\/v2\/comments?post=10490"}],"wp:featuredmedia":[{"embeddable":true,"href":"https:\/\/www.ngdcare.nl\/pt-pt\/wp-json\/wp\/v2\/media\/11806"}],"wp:attachment":[{"href":"https:\/\/www.ngdcare.nl\/pt-pt\/wp-json\/wp\/v2\/media?parent=10490"}],"wp:term":[{"taxonomy":"product_brand","embeddable":true,"href":"https:\/\/www.ngdcare.nl\/pt-pt\/wp-json\/wp\/v2\/product_brand?post=10490"},{"taxonomy":"product_cat","embeddable":true,"href":"https:\/\/www.ngdcare.nl\/pt-pt\/wp-json\/wp\/v2\/product_cat?post=10490"},{"taxonomy":"product_tag","embeddable":true,"href":"https:\/\/www.ngdcare.nl\/pt-pt\/wp-json\/wp\/v2\/product_tag?post=10490"},{"taxonomy":"merken","embeddable":true,"href":"https:\/\/www.ngdcare.nl\/pt-pt\/wp-json\/wp\/v2\/merken?post=10490"}],"curies":[{"name":"wp","href":"https:\/\/api.w.org\/{rel}","templated":true}]}}