{"id":10552,"date":"2025-11-16T22:09:48","date_gmt":"2025-11-16T21:09:48","guid":{"rendered":"https:\/\/www.ngdcare.nl\/?post_type=product&#038;p=10552"},"modified":"2025-11-24T14:48:23","modified_gmt":"2025-11-24T13:48:23","slug":"enzyme-mix-2-limpador-de-biofilme-kopie","status":"publish","type":"product","link":"https:\/\/www.ngdcare.nl\/pt-pt\/product\/human-health\/suplementos-alimentares\/enzyme-mix-2-limpador-de-biofilme-kopie\/","title":{"rendered":"Equil\u00edbrio de biofilme"},"content":{"rendered":"<p data-start=\"15990\" data-end=\"17309\">O <strong>NGD Care Biofilm Balance<\/strong> \u00e9 um complexo enzim\u00e1tico desenvolvido para perturbar biofilmes patog\u00e9nicos no trato gastrointestinal de forma direcionada. Um biofilme maduro consiste numa matriz protetora de polissacar\u00eddeos, prote\u00ednas, l\u00edpidos, mucinas e ADN microbiano. Esta matriz torna as bact\u00e9rias, leveduras e estruturas parasit\u00e1rias menos sens\u00edveis \u00e0s c\u00e9lulas imunit\u00e1rias, oxig\u00e9nio, flutua\u00e7\u00f5es do pH e interven\u00e7\u00f5es antimicrobianas. A combina\u00e7\u00e3o de enzimas no Biofilm Balance \u00e9 especificamente adaptada para quebrar estas camadas da matriz, de modo a que os microrganismos patog\u00e9nicos se tornem mais acess\u00edveis ao sistema imunit\u00e1rio e a terapias adicionais.   <\/p>\n<p data-start=\"1314\" data-end=\"1915\">A f\u00f3rmula cont\u00e9m <strong>amilase<\/strong> e outras enzimas polissacar\u00eddicas para decompor a matriz extracelular de a\u00e7\u00facar (EPS). <strong>A protease<\/strong> tem como alvo estruturas proteicas, incluindo lectinas e prote\u00ednas de ades\u00e3o que as bact\u00e9rias precisam para se fixar \u00e0 mucosa intestinal. <strong>A lipase<\/strong> suporta a dissolu\u00e7\u00e3o de componentes ricos em gordura do biofilme, que proporcionam, entre outras coisas, as propriedades repelentes \u00e0 \u00e1gua e protetoras da matriz.<\/p>\n<p data-start=\"1917\" data-end=\"2469\"><strong>A N-acetilciste\u00edna<\/strong> (NAC) potencia este processo ao soltar as liga\u00e7\u00f5es dissulfureto na camada mucosa e nas estruturas do biofilme, tornando a matriz menos viscosa e permitindo que as enzimas penetrem melhor. O NAC tamb\u00e9m tem um efeito antioxidante e mucol\u00edtico e \u00e9 descrito na literatura como uma das subst\u00e2ncias mais eficazes contra biofilmes bacterianos e f\u00fangicos, especialmente em combina\u00e7\u00e3o com proteases. A combina\u00e7\u00e3o da atividade enzim\u00e1tica e da NAC cria um <strong data-start=\"2378\" data-end=\"2406\">ataque multidimensional<\/strong> aos biofilmes: mecanicamente, enzim\u00e1tica, quimicamente e estruturalmente.  <\/p>\n<p data-start=\"2471\" data-end=\"3056\">O Biofilm Balance destina-se a ser um suporte especializado dentro de trajet\u00f3rias intestinais integrativas, por exemplo, em caso de disbiose persistente, infe\u00e7\u00f5es recorrentes, inflama\u00e7\u00e3o de baixo grau, queixas semelhantes ao SIBO ou estagna\u00e7\u00e3o do progresso nas fases 1 e 2 de um protocolo intestinal. Como a degrada\u00e7\u00e3o dos biofilmes pode estimular temporariamente a desintoxica\u00e7\u00e3o e a ativa\u00e7\u00e3o imunit\u00e1ria, este produto \u00e9 normalmente utilizado em doses cuidadosamente constru\u00eddas. A sinergia das enzimas com a NAC torna esta f\u00f3rmula poderosa, mas tamb\u00e9m bem control\u00e1vel e adequada para orienta\u00e7\u00e3o terap\u00eautica na pr\u00e1tica humana.  <\/p>\n","protected":false},"excerpt":{"rendered":"<p class=\"p3\">O Biofilm Balance \u00e9 um complexo enzim\u00e1tico intensivo com amilase, protease, lipase e NAC. Desenvolvido especificamente para decompor biofilmes patog\u00e9nicos no trato gastrointestinal e apoiar a repara\u00e7\u00e3o do microbioma. <\/p>\n","protected":false},"featured_media":11059,"comment_status":"open","ping_status":"closed","template":"","meta":{"wds_primary_product_brand":0,"wds_primary_product_cat":16,"wds_primary_merken":0},"product_brand":[],"product_cat":[5314],"product_tag":[4160,2248,2599,5317,4162,2253,1832,1824,1828,1830,1826,1822,1835,4164,4159,5699,4158,2969,4161,2252,4163,5701,1953,1949,5425,5700],"merken":[2756],"class_list":{"0":"post-10552","1":"product","2":"type-product","3":"status-publish","4":"has-post-thumbnail","6":"product_cat-suplementos-alimentares","7":"product_tag-amilase","8":"product_tag-antioxidante-pt-pt","9":"product_tag-cuidados-com-ngd","10":"product_tag-cuidados-ngd-saude-humana","11":"product_tag-desintoxicacao-pt-pt","12":"product_tag-desintoxicacao","13":"product_tag-digestao-pt-pt","14":"product_tag-digestao","15":"product_tag-digestao-de-gordura","16":"product_tag-digestao-de-hidratos-de-carbono","17":"product_tag-digestao-de-proteinas","18":"product_tag-enzimas","19":"product_tag-enzimas-digestivas","20":"product_tag-enzimas-digestivas-pt-pt","21":"product_tag-lipase-pt-pt","22":"product_tag-mistura-enzimatica-2","23":"product_tag-n-acetilcisteina-pt-pt","24":"product_tag-nac-pt-pt","25":"product_tag-protease-pt-pt","26":"product_tag-protecao-celular","27":"product_tag-protecao-do-figado","28":"product_tag-refeicoes-pesadas","29":"product_tag-saude-intestinal","30":"product_tag-sistema-imunitario","31":"product_tag-suplementos-humanos","32":"product_tag-suporte-ao-pancreas","33":"merken-ngdcare","34":"infinite-scroll-item","35":"sales-flash-overlay","36":"woocommerce-text-align-center","37":"woocommerce-image-align-center","38":"do-quantity-buttons","40":"first","41":"instock","42":"taxable","43":"shipping-taxable","44":"purchasable","45":"product-type-simple"},"_links":{"self":[{"href":"https:\/\/www.ngdcare.nl\/pt-pt\/wp-json\/wp\/v2\/product\/10552","targetHints":{"allow":["GET"]}}],"collection":[{"href":"https:\/\/www.ngdcare.nl\/pt-pt\/wp-json\/wp\/v2\/product"}],"about":[{"href":"https:\/\/www.ngdcare.nl\/pt-pt\/wp-json\/wp\/v2\/types\/product"}],"replies":[{"embeddable":true,"href":"https:\/\/www.ngdcare.nl\/pt-pt\/wp-json\/wp\/v2\/comments?post=10552"}],"wp:featuredmedia":[{"embeddable":true,"href":"https:\/\/www.ngdcare.nl\/pt-pt\/wp-json\/wp\/v2\/media\/11059"}],"wp:attachment":[{"href":"https:\/\/www.ngdcare.nl\/pt-pt\/wp-json\/wp\/v2\/media?parent=10552"}],"wp:term":[{"taxonomy":"product_brand","embeddable":true,"href":"https:\/\/www.ngdcare.nl\/pt-pt\/wp-json\/wp\/v2\/product_brand?post=10552"},{"taxonomy":"product_cat","embeddable":true,"href":"https:\/\/www.ngdcare.nl\/pt-pt\/wp-json\/wp\/v2\/product_cat?post=10552"},{"taxonomy":"product_tag","embeddable":true,"href":"https:\/\/www.ngdcare.nl\/pt-pt\/wp-json\/wp\/v2\/product_tag?post=10552"},{"taxonomy":"merken","embeddable":true,"href":"https:\/\/www.ngdcare.nl\/pt-pt\/wp-json\/wp\/v2\/merken?post=10552"}],"curies":[{"name":"wp","href":"https:\/\/api.w.org\/{rel}","templated":true}]}}