{"id":10573,"date":"2025-11-16T22:54:27","date_gmt":"2025-11-16T21:54:27","guid":{"rendered":"https:\/\/www.ngdcare.nl\/?post_type=product&#038;p=10573"},"modified":"2025-11-24T12:57:22","modified_gmt":"2025-11-24T11:57:22","slug":"kefir-de-agua-probioticos-fermentados-kopie","status":"publish","type":"product","link":"https:\/\/www.ngdcare.nl\/pt-pt\/product\/human-health\/suplementos-alimentares\/kefir-de-agua-probioticos-fermentados-kopie\/","title":{"rendered":"Probi\u00f3ticos fermentados"},"content":{"rendered":"<p style=\"font-weight: 400;\"><strong>NGD Care \u2013 O kefir de \u00e1gua <\/strong> \u00e9 um kefir de \u00e1gua fermentado liofilizado. Esta f\u00f3rmula cont\u00e9m <strong>mais de 50 estirpes diferentes de bact\u00e9rias e leveduras naturais<\/strong>, incluindo v\u00e1rias esp\u00e9cies de <em>Lactobacillus<\/em>, <em>Saccharomyces<\/em>, <em>Candida<\/em>, <em>Kluyveromyces<\/em> e <em>Acetobacter<\/em>. Isto faz dele um complexo probi\u00f3tico de a\u00e7\u00e3o ampla, destinado a apoiar a diversidade e resili\u00eancia do microbioma intestinal.  <\/p>\n<p style=\"font-weight: 400;\">O produto pode ajudar na recupera\u00e7\u00e3o ap\u00f3s antibi\u00f3ticos, apoiar as evacua\u00e7\u00f5es e reduzir queixas funcionais intestinais. A produ\u00e7\u00e3o de SCFAs, lactato e outros metab\u00f3litos afeta favoravelmente o pH e o ambiente no intestino. Al\u00e9m disso, o microbioma intestinal desempenha um papel no eixo intestino-c\u00e9rebro e no eixo imunit\u00e1rio intestinal, o que significa que o kefir tamb\u00e9m pode influenciar indiretamente o humor, a resist\u00eancia ao stress e a resist\u00eancia geral.  <\/p>\n<p style=\"font-weight: 400;\">Como cada intestino reage de forma diferente, \u00e9 importante come\u00e7ar lentamente com intestinos sens\u00edveis e aumentar a dose passo a passo. Probi\u00f3ticos fermentados \u2013 O kefir pode ser bem combinado com prebi\u00f3ticos, enzimas e outros agentes de suporte intestinal num protocolo personalizado. <\/p>\n","protected":false},"excerpt":{"rendered":"<p>Os probi\u00f3ticos fermentados cont\u00eam bact\u00e9rias vivas e leveduras provenientes de culturas de kefir para apoiar o microbioma intestinal, a digest\u00e3o e o equil\u00edbrio imunit\u00e1rio.<\/p>\n","protected":false},"featured_media":10948,"comment_status":"open","ping_status":"closed","template":"","meta":{"wds_primary_product_brand":0,"wds_primary_product_cat":16,"wds_primary_merken":0},"product_brand":[],"product_cat":[5314],"product_tag":[2599,5317,1958,1951,1959,1955,1956,1847,1957,5488,1953,1949,1948,5425],"merken":[2756],"class_list":{"0":"post-10573","1":"product","2":"type-product","3":"status-publish","4":"has-post-thumbnail","6":"product_cat-suplementos-alimentares","7":"product_tag-cuidados-com-ngd","8":"product_tag-cuidados-ngd-saude-humana","9":"product_tag-fermentacao","10":"product_tag-holistica","11":"product_tag-kefir-pt-pt","12":"product_tag-kefir-de-agua-pt-pt","13":"product_tag-microbioma-pt-pt","14":"product_tag-ngd-suplementos-de-cuidados","15":"product_tag-probioticos-pt-pt","16":"product_tag-probioticos-fermentados","17":"product_tag-saude-intestinal","18":"product_tag-sistema-imunitario","19":"product_tag-suplemento-pt-pt","20":"product_tag-suplementos-humanos","21":"merken-ngdcare","22":"infinite-scroll-item","23":"sales-flash-overlay","24":"woocommerce-text-align-center","25":"woocommerce-image-align-center","26":"do-quantity-buttons","28":"first","29":"instock","30":"taxable","31":"shipping-taxable","32":"purchasable","33":"product-type-simple"},"_links":{"self":[{"href":"https:\/\/www.ngdcare.nl\/pt-pt\/wp-json\/wp\/v2\/product\/10573","targetHints":{"allow":["GET"]}}],"collection":[{"href":"https:\/\/www.ngdcare.nl\/pt-pt\/wp-json\/wp\/v2\/product"}],"about":[{"href":"https:\/\/www.ngdcare.nl\/pt-pt\/wp-json\/wp\/v2\/types\/product"}],"replies":[{"embeddable":true,"href":"https:\/\/www.ngdcare.nl\/pt-pt\/wp-json\/wp\/v2\/comments?post=10573"}],"wp:featuredmedia":[{"embeddable":true,"href":"https:\/\/www.ngdcare.nl\/pt-pt\/wp-json\/wp\/v2\/media\/10948"}],"wp:attachment":[{"href":"https:\/\/www.ngdcare.nl\/pt-pt\/wp-json\/wp\/v2\/media?parent=10573"}],"wp:term":[{"taxonomy":"product_brand","embeddable":true,"href":"https:\/\/www.ngdcare.nl\/pt-pt\/wp-json\/wp\/v2\/product_brand?post=10573"},{"taxonomy":"product_cat","embeddable":true,"href":"https:\/\/www.ngdcare.nl\/pt-pt\/wp-json\/wp\/v2\/product_cat?post=10573"},{"taxonomy":"product_tag","embeddable":true,"href":"https:\/\/www.ngdcare.nl\/pt-pt\/wp-json\/wp\/v2\/product_tag?post=10573"},{"taxonomy":"merken","embeddable":true,"href":"https:\/\/www.ngdcare.nl\/pt-pt\/wp-json\/wp\/v2\/merken?post=10573"}],"curies":[{"name":"wp","href":"https:\/\/api.w.org\/{rel}","templated":true}]}}