{"id":10633,"date":"2025-11-17T11:38:08","date_gmt":"2025-11-17T10:38:08","guid":{"rendered":"https:\/\/www.ngdcare.nl\/?post_type=product&#038;p=10633"},"modified":"2025-11-24T15:26:19","modified_gmt":"2025-11-24T14:26:19","slug":"oleo-cbd-lipossomico-oleo-cbd-lipossomico-kopie","status":"publish","type":"product","link":"https:\/\/www.ngdcare.nl\/pt-pt\/product\/human-health\/suplementos-alimentares\/oleo-cbd-lipossomico-oleo-cbd-lipossomico-kopie\/","title":{"rendered":"\u00d3leo de CBD lipossomal"},"content":{"rendered":"<p style=\"font-weight: 400;\"><strong>O CBD<\/strong> (canabidiol) \u00e9 um canabin\u00f3ide n\u00e3o psicoativo que apoia o sistema endocanabinoide (ECS), o sistema envolvido no stress, na dor e na dor, no humor, no equil\u00edbrio inflamat\u00f3rio e na regula\u00e7\u00e3o do sono. O <strong>\u00f3leo de CBD NGD Care<\/strong> cont\u00e9m um <strong>extrato de espectro completo<\/strong> com terpenos naturais e canabinoides, sem intoxica\u00e7\u00e3o. Al\u00e9m disso, possui um tratamento lipfacial \u00fanico que garante que a absor\u00e7\u00e3o \u00e9 especialmente elevada e est\u00e1vel no tecido. O CBD atua atrav\u00e9s da modula\u00e7\u00e3o das vias CB1\/CB2, TRPV1, serotonina (5-HT1A) e equil\u00edbrio GABA, entre outros.  <\/p>\n<p style=\"font-weight: 400;\">O \u00f3leo \u00e9 adequado para stress, tens\u00e3o, problemas de sono, queixas de dor, sensibilidade \u00e0 inflama\u00e7\u00e3o e sobreestimula\u00e7\u00e3o. Quando usado de forma consistente, o CBD pode ajudar a restaurar o equil\u00edbrio do ECS, com efeitos no descanso, tens\u00e3o muscular, humor e perce\u00e7\u00e3o da dor. <\/p>\n<p style=\"font-weight: 400;\">O produto \u00e9 oferecido em concentra\u00e7\u00f5es suaves e f\u00e1ceis de dosar, sendo adequado para uso di\u00e1rio. Cont\u00e9m &lt;0,05% de THC e cumpre os padr\u00f5es da UE. <\/p>\n","protected":false},"excerpt":{"rendered":"<div>\n<p class=\"p3\">O \u00f3leo lipossomal de CBD de espectro completo apoia o relaxamento, o sistema nervoso, a regula\u00e7\u00e3o da dor e o equil\u00edbrio do stress atrav\u00e9s do sistema endocanabinoide.<\/p>\n<\/div>\n","protected":false},"featured_media":11828,"comment_status":"open","ping_status":"closed","template":"","meta":{"wds_primary_product_brand":0,"wds_primary_product_cat":187,"wds_primary_merken":0},"product_brand":[],"product_cat":[5314],"product_tag":[4409,2241,2239,4414,5743,2188,3951,5317,5742,5744,5745,1988,4413,3086,4408,4411,4410,4412,2186],"merken":[2756],"class_list":{"0":"post-10633","1":"product","2":"type-product","3":"status-publish","4":"has-post-thumbnail","6":"product_cat-suplementos-alimentares","7":"product_tag-4-oleo-cbd","8":"product_tag-analgesico","9":"product_tag-anti-inflamatorios","10":"product_tag-calmante","11":"product_tag-canabinoides","12":"product_tag-cancro-pt-pt","13":"product_tag-cdb-pt-pt","14":"product_tag-cuidados-ngd-saude-humana","15":"product_tag-dor","16":"product_tag-dorme","17":"product_tag-ecs","18":"product_tag-lipossomica","19":"product_tag-melhora-o-sono","20":"product_tag-oleo-cbd","21":"product_tag-oleo-cbd-de-espectro-completo","22":"product_tag-reducao-da-ansiedade","23":"product_tag-reducao-do-stress-pt-pt","24":"product_tag-reduz-a-ansiedade","25":"product_tag-stress-pt-pt","26":"merken-ngdcare","27":"infinite-scroll-item","28":"sales-flash-overlay","29":"woocommerce-text-align-center","30":"woocommerce-image-align-center","31":"do-quantity-buttons","33":"first","34":"instock","35":"taxable","36":"shipping-taxable","37":"purchasable","38":"product-type-variable"},"_links":{"self":[{"href":"https:\/\/www.ngdcare.nl\/pt-pt\/wp-json\/wp\/v2\/product\/10633","targetHints":{"allow":["GET"]}}],"collection":[{"href":"https:\/\/www.ngdcare.nl\/pt-pt\/wp-json\/wp\/v2\/product"}],"about":[{"href":"https:\/\/www.ngdcare.nl\/pt-pt\/wp-json\/wp\/v2\/types\/product"}],"replies":[{"embeddable":true,"href":"https:\/\/www.ngdcare.nl\/pt-pt\/wp-json\/wp\/v2\/comments?post=10633"}],"wp:featuredmedia":[{"embeddable":true,"href":"https:\/\/www.ngdcare.nl\/pt-pt\/wp-json\/wp\/v2\/media\/11828"}],"wp:attachment":[{"href":"https:\/\/www.ngdcare.nl\/pt-pt\/wp-json\/wp\/v2\/media?parent=10633"}],"wp:term":[{"taxonomy":"product_brand","embeddable":true,"href":"https:\/\/www.ngdcare.nl\/pt-pt\/wp-json\/wp\/v2\/product_brand?post=10633"},{"taxonomy":"product_cat","embeddable":true,"href":"https:\/\/www.ngdcare.nl\/pt-pt\/wp-json\/wp\/v2\/product_cat?post=10633"},{"taxonomy":"product_tag","embeddable":true,"href":"https:\/\/www.ngdcare.nl\/pt-pt\/wp-json\/wp\/v2\/product_tag?post=10633"},{"taxonomy":"merken","embeddable":true,"href":"https:\/\/www.ngdcare.nl\/pt-pt\/wp-json\/wp\/v2\/merken?post=10633"}],"curies":[{"name":"wp","href":"https:\/\/api.w.org\/{rel}","templated":true}]}}