{"id":10678,"date":"2025-11-17T13:44:08","date_gmt":"2025-11-17T12:44:08","guid":{"rendered":"https:\/\/www.ngdcare.nl\/?post_type=product&#038;p=10678"},"modified":"2025-11-24T12:38:37","modified_gmt":"2025-11-24T11:38:37","slug":"ashwagandha-lipossomica-e-rhodiola-complexo-adaptogenico-lipossomico-kopie","status":"publish","type":"product","link":"https:\/\/www.ngdcare.nl\/pt-pt\/product\/human-health\/suplementos-alimentares\/ashwagandha-lipossomica-e-rhodiola-complexo-adaptogenico-lipossomico-kopie\/","title":{"rendered":"Complexo adaptog\u00e9nico lipossomal"},"content":{"rendered":"<p style=\"font-weight: 400;\"><strong>O Complexo de Adaptog\u00e9nios Lipossomal<\/strong> da <strong>NGD Care<\/strong> combina <strong>Ashwagandha (Withania somnifera)<\/strong> e <strong>Rhodiola (Rhodiola rosea). <\/strong>Ashwagandha e Rhodiola s\u00e3o dois dos adaptog\u00e9nios mais estudados. Regulam o eixo HPA (hipot\u00e1lamo-hip\u00f3fise-adrenal), apoiam a resist\u00eancia ao stress, reduzem a fadiga mental e ajudam o corpo a lidar com esfor\u00e7os prolongados. <\/p>\n<p style=\"font-weight: 400;\">A ashwagandha tem um efeito calmante, apoia a qualidade do sono e possui propriedades ligeiras de modula\u00e7\u00e3o da tiroide. A Rhodiola tem um efeito ativador, aumenta a clareza mental e apoia a produ\u00e7\u00e3o de energia mitocondrial. <\/p>\n<p style=\"font-weight: 400;\">Esta combina\u00e7\u00e3o \u00e9 ideal para <strong>stress, sobrecarga, esgotamento, sensibilidade a est\u00edmulos, mudan\u00e7as de humor, fadiga <\/strong>e<strong> desequil\u00edbrio hormonal<\/strong>. Os adaptog\u00e9nios funcionam de forma ampla: normalizam em vez de estimular ou suprimir.<br data-start=\"12461\" data-end=\"12464\">A f\u00f3rmula \u00e9 muito adequada para a recupera\u00e7\u00e3o de stress e esgotamento, para o desequil\u00edbrio HPA (cortisol demasiado alto\/demasiado baixo), para stress em exames, per\u00edodos de sobrecarga mental e recupera\u00e7\u00e3o ap\u00f3s doen\u00e7a. <\/p>\n","protected":false},"excerpt":{"rendered":"<p class=\"p3\">Adaptog\u00e9nico mistura-se com Ashwagandha e Rhodiola lipossomal para apoiar a resist\u00eancia ao stress, energia, humor e equil\u00edbrio hormonal.<\/p>\n","protected":false},"featured_media":10893,"comment_status":"open","ping_status":"closed","template":"","meta":{"wds_primary_product_brand":0,"wds_primary_product_cat":187,"wds_primary_merken":0},"product_brand":[],"product_cat":[5314],"product_tag":[2185,4035,1816,2395,5317,2404,2405,5395,2250,2408,2402,2406,2409,1951,5393,1988,1847,2403,2400,2407,2398,1949,2186,2401,2190],"merken":[2756],"class_list":{"0":"post-10678","1":"product","2":"type-product","3":"status-publish","4":"has-post-thumbnail","6":"product_cat-suplementos-alimentares","7":"product_tag-adaptogen-pt-pt","8":"product_tag-adaptogens-pt-pt","9":"product_tag-animais","10":"product_tag-comportamento-pt-pt","11":"product_tag-cuidados-ngd-saude-humana","12":"product_tag-descanso","13":"product_tag-digestao-do-sono","14":"product_tag-eixo-hpa","15":"product_tag-energia-pt-pt","16":"product_tag-equilibrio-emocional","17":"product_tag-equilibrio-hormonal","18":"product_tag-foco-e-concentracao","19":"product_tag-glandulas-suprarrenais","20":"product_tag-holistica","21":"product_tag-humor","22":"product_tag-lipossomica","23":"product_tag-ngd-suplementos-de-cuidados","24":"product_tag-recreacao","25":"product_tag-reducao-do-stress","26":"product_tag-reparacao","27":"product_tag-rhodiola-pt-pt","28":"product_tag-sistema-imunitario","29":"product_tag-stress-pt-pt","30":"product_tag-suplemento-natural","31":"product_tag-vitalidade","32":"merken-ngdcare","33":"infinite-scroll-item","34":"sales-flash-overlay","35":"woocommerce-text-align-center","36":"woocommerce-image-align-center","37":"do-quantity-buttons","39":"first","40":"instock","41":"taxable","42":"shipping-taxable","43":"purchasable","44":"product-type-simple"},"_links":{"self":[{"href":"https:\/\/www.ngdcare.nl\/pt-pt\/wp-json\/wp\/v2\/product\/10678","targetHints":{"allow":["GET"]}}],"collection":[{"href":"https:\/\/www.ngdcare.nl\/pt-pt\/wp-json\/wp\/v2\/product"}],"about":[{"href":"https:\/\/www.ngdcare.nl\/pt-pt\/wp-json\/wp\/v2\/types\/product"}],"replies":[{"embeddable":true,"href":"https:\/\/www.ngdcare.nl\/pt-pt\/wp-json\/wp\/v2\/comments?post=10678"}],"wp:featuredmedia":[{"embeddable":true,"href":"https:\/\/www.ngdcare.nl\/pt-pt\/wp-json\/wp\/v2\/media\/10893"}],"wp:attachment":[{"href":"https:\/\/www.ngdcare.nl\/pt-pt\/wp-json\/wp\/v2\/media?parent=10678"}],"wp:term":[{"taxonomy":"product_brand","embeddable":true,"href":"https:\/\/www.ngdcare.nl\/pt-pt\/wp-json\/wp\/v2\/product_brand?post=10678"},{"taxonomy":"product_cat","embeddable":true,"href":"https:\/\/www.ngdcare.nl\/pt-pt\/wp-json\/wp\/v2\/product_cat?post=10678"},{"taxonomy":"product_tag","embeddable":true,"href":"https:\/\/www.ngdcare.nl\/pt-pt\/wp-json\/wp\/v2\/product_tag?post=10678"},{"taxonomy":"merken","embeddable":true,"href":"https:\/\/www.ngdcare.nl\/pt-pt\/wp-json\/wp\/v2\/merken?post=10678"}],"curies":[{"name":"wp","href":"https:\/\/api.w.org\/{rel}","templated":true}]}}