{"id":10851,"date":"2025-11-22T16:09:09","date_gmt":"2025-11-22T15:09:09","guid":{"rendered":"https:\/\/www.ngdcare.nl\/product\/sem categoria\/filetes-de-cavala-canumi\/"},"modified":"2025-11-22T16:09:09","modified_gmt":"2025-11-22T15:09:09","slug":"filetes-de-cavala-canumi","status":"publish","type":"product","link":"https:\/\/www.ngdcare.nl\/pt-pt\/product\/loja-de-animais-de-estimacao\/cao\/nutricao\/comida-humida\/filetes-de-cavala-canumi\/","title":{"rendered":"Filetes de Cavala Canumi"},"content":{"rendered":"<p data-start=\"159\" data-end=\"218\"><strong data-start=\"162\" data-end=\"218\">Canumi \u2013 Filetes de cavala (peixe azul 100% natural)<\/strong><\/p>\n<p data-start=\"220\" data-end=\"652\">Uma fonte poderosa de nutrientes puros diretamente do oceano. Estes filetes de cavala s\u00e3o naturalmente ricos em vitaminas do complexo B, iodo e antioxidantes que apoiam o metabolismo, regulam a gest\u00e3o da energia e contribuem para m\u00fasculos fortes, um pelo saud\u00e1vel e um c\u00e9rebro limpo.<br data-start=\"513\" data-end=\"516\">A adi\u00e7\u00e3o perfeita e natural para c\u00e3es que beneficiam dos \u00f4megas, prote\u00ednas facilmente diger\u00edveis e nutri\u00e7\u00e3o marinha de alta qualidade. <\/p>\n<p data-start=\"654\" data-end=\"668\"><strong>Propriedades:<\/strong><\/p>\n<ul>\n<li data-start=\"672\" data-end=\"727\">Filetes 100% de cavala de consumo humano<\/li>\n<li data-start=\"730\" data-end=\"790\">Rico em vitaminas B12, B6 e B3 para um metabolismo forte<\/li>\n<li data-start=\"793\" data-end=\"861\">Iodo natural para regular a energia e manter uma tiroide saud\u00e1vel<\/li>\n<li data-start=\"864\" data-end=\"925\">Apoia a pele, pelagem, fun\u00e7\u00e3o cognitiva e desenvolvimento muscular<\/li>\n<li data-start=\"928\" data-end=\"958\">Impulso natural antioxidante<\/li>\n<li data-start=\"961\" data-end=\"1034\">Incluindo \u00e1gua nutritiva de preserva\u00e7\u00e3o com minerais, vitaminas e \u00f3megas<\/li>\n<\/ul>\n<p><strong>Recomenda\u00e7\u00e3o de alimenta\u00e7\u00e3o:<\/strong><\/p>\n<p>C\u00e3o XS: no m\u00e1ximo. 40 g por dia<br data-start=\"1331\" data-end=\"1334\">C\u00e3o S: no m\u00e1ximo. 63 g por dia<br data-start=\"1359\" data-end=\"1362\">C\u00e3o M: no m\u00e1ximo. 125 g por dia<br data-start=\"1388\" data-end=\"1391\">C\u00e3o L: no m\u00e1ximo. 160 g por dia<br data-start=\"1417\" data-end=\"1420\">C\u00e3o XL: no m\u00e1ximo. 200 g por dia<br data-start=\"1447\" data-end=\"1450\">Armazene e sirva sempre \u00e1gua de conserva\u00e7\u00e3o.<\/p>\n","protected":false},"excerpt":{"rendered":"<p>Filetes de cavala 100% naturais, cheios de vitaminas do complexo B, iodo e antioxidantes \u2014 um impulso oce\u00e2nico para o metabolismo, pele, pelagem e vitalidade.<\/p>\n","protected":false},"featured_media":10853,"comment_status":"open","ping_status":"closed","template":"","meta":[],"product_brand":[],"product_cat":[5057,5302,5065,5118,5303],"product_tag":[],"merken":[],"class_list":{"0":"post-10851","1":"product","2":"type-product","3":"status-publish","4":"has-post-thumbnail","6":"product_cat-cao","7":"product_cat-comida-humida","8":"product_cat-loja-de-animais-de-estimacao","9":"product_cat-nutricao","10":"product_cat-snacks","11":"infinite-scroll-item","12":"sales-flash-overlay","13":"woocommerce-text-align-center","14":"woocommerce-image-align-center","15":"do-quantity-buttons","17":"first","18":"outofstock","19":"sold-individually","20":"taxable","21":"shipping-taxable","22":"purchasable","23":"product-type-simple"},"_links":{"self":[{"href":"https:\/\/www.ngdcare.nl\/pt-pt\/wp-json\/wp\/v2\/product\/10851","targetHints":{"allow":["GET"]}}],"collection":[{"href":"https:\/\/www.ngdcare.nl\/pt-pt\/wp-json\/wp\/v2\/product"}],"about":[{"href":"https:\/\/www.ngdcare.nl\/pt-pt\/wp-json\/wp\/v2\/types\/product"}],"replies":[{"embeddable":true,"href":"https:\/\/www.ngdcare.nl\/pt-pt\/wp-json\/wp\/v2\/comments?post=10851"}],"wp:featuredmedia":[{"embeddable":true,"href":"https:\/\/www.ngdcare.nl\/pt-pt\/wp-json\/wp\/v2\/media\/10853"}],"wp:attachment":[{"href":"https:\/\/www.ngdcare.nl\/pt-pt\/wp-json\/wp\/v2\/media?parent=10851"}],"wp:term":[{"taxonomy":"product_brand","embeddable":true,"href":"https:\/\/www.ngdcare.nl\/pt-pt\/wp-json\/wp\/v2\/product_brand?post=10851"},{"taxonomy":"product_cat","embeddable":true,"href":"https:\/\/www.ngdcare.nl\/pt-pt\/wp-json\/wp\/v2\/product_cat?post=10851"},{"taxonomy":"product_tag","embeddable":true,"href":"https:\/\/www.ngdcare.nl\/pt-pt\/wp-json\/wp\/v2\/product_tag?post=10851"},{"taxonomy":"merken","embeddable":true,"href":"https:\/\/www.ngdcare.nl\/pt-pt\/wp-json\/wp\/v2\/merken?post=10851"}],"curies":[{"name":"wp","href":"https:\/\/api.w.org\/{rel}","templated":true}]}}