{"id":11174,"date":"2025-11-26T22:11:04","date_gmt":"2025-11-26T21:11:04","guid":{"rendered":"https:\/\/www.ngdcare.nl\/product\/sem categoria\/berry-blossom\/"},"modified":"2025-11-26T22:11:04","modified_gmt":"2025-11-26T21:11:04","slug":"berry-blossom","status":"publish","type":"product","link":"https:\/\/www.ngdcare.nl\/pt-pt\/product\/veterinary-health\/enriquecimento\/coberturas-de-alimentos\/berry-blossom\/","title":{"rendered":"Berry Blossom"},"content":{"rendered":"<p data-start=\"2594\" data-end=\"2988\"><strong>Berry Blossom<\/strong> \u00e9 uma mistura rica em cor e antioxidantes de <strong>arando,<\/strong> <strong>groselha preta<\/strong> liofilizada e <strong>flores comest\u00edveis<\/strong>. A liofiliza\u00e7\u00e3o preserva os polifen\u00f3is naturais, corantes e vitaminas de forma ideal. A combina\u00e7\u00e3o de bagas escuras e flores oferece uma vasta gama de subst\u00e2ncias vegetais que se enquadram numa dieta com aten\u00e7\u00e3o especial ao suporte antioxidante.  <\/p>\n<p data-start=\"2990\" data-end=\"3358\">Esta mistura tem um sabor fresco e pode ser facilmente adicionada a iogurte e batidos em humanos e crian\u00e7as, bem como em carne fresca ou alimentos enlatados. Os \u00e1cidos naturais e os pigmentos das bagas tornam-na uma adi\u00e7\u00e3o atraente tanto para humanos como para animais que gostam de um toque frutado na sua alimenta\u00e7\u00e3o. As flores contribuem para a varia\u00e7\u00e3o nos flavonoides e corantes vegetais.  <\/p>\n<p data-start=\"3360\" data-end=\"3625\">A Berry Blossom \u00e9 ideal para uso di\u00e1rio, como um complemento colorido a uma refei\u00e7\u00e3o ou para enriquecer a dieta. A dosagem suave e o sabor suave tornam-no adequado para todas as idades e esp\u00e9cies animais, desde que seja adaptado \u00e0s necessidades individuais. <\/p>\n","protected":false},"excerpt":{"rendered":"<p data-start=\"5425\" data-end=\"5572\">Berry Blossom \u00e9 uma mistura colorida de superalimentos de arando, groselha preta e flores comest\u00edveis, para antioxidantes, polifen\u00f3is e um sabor a fruta fresca.<\/p>\n","protected":false},"featured_media":11176,"comment_status":"open","ping_status":"closed","template":"","meta":{"wds_primary_product_brand":0,"wds_primary_product_cat":0,"wds_primary_merken":0},"product_brand":[],"product_cat":[2528,4770],"product_tag":[5815,5817,5821,5819,5825,5823,4541],"merken":[],"class_list":{"0":"post-11174","1":"product","2":"type-product","3":"status-publish","4":"has-post-thumbnail","6":"product_cat-coberturas-de-alimentos","7":"product_cat-superalimentos-pt-pt","8":"product_tag-antioxidantes","9":"product_tag-bagas","10":"product_tag-groselha-preta","11":"product_tag-mirtilo","12":"product_tag-mistura-de-flores","13":"product_tag-polifenois","14":"product_tag-superalimento-pt-pt","15":"infinite-scroll-item","16":"sales-flash-overlay","17":"woocommerce-text-align-center","18":"woocommerce-image-align-center","19":"do-quantity-buttons","21":"first","22":"instock","23":"taxable","24":"shipping-taxable","25":"purchasable","26":"product-type-simple"},"_links":{"self":[{"href":"https:\/\/www.ngdcare.nl\/pt-pt\/wp-json\/wp\/v2\/product\/11174","targetHints":{"allow":["GET"]}}],"collection":[{"href":"https:\/\/www.ngdcare.nl\/pt-pt\/wp-json\/wp\/v2\/product"}],"about":[{"href":"https:\/\/www.ngdcare.nl\/pt-pt\/wp-json\/wp\/v2\/types\/product"}],"replies":[{"embeddable":true,"href":"https:\/\/www.ngdcare.nl\/pt-pt\/wp-json\/wp\/v2\/comments?post=11174"}],"wp:featuredmedia":[{"embeddable":true,"href":"https:\/\/www.ngdcare.nl\/pt-pt\/wp-json\/wp\/v2\/media\/11176"}],"wp:attachment":[{"href":"https:\/\/www.ngdcare.nl\/pt-pt\/wp-json\/wp\/v2\/media?parent=11174"}],"wp:term":[{"taxonomy":"product_brand","embeddable":true,"href":"https:\/\/www.ngdcare.nl\/pt-pt\/wp-json\/wp\/v2\/product_brand?post=11174"},{"taxonomy":"product_cat","embeddable":true,"href":"https:\/\/www.ngdcare.nl\/pt-pt\/wp-json\/wp\/v2\/product_cat?post=11174"},{"taxonomy":"product_tag","embeddable":true,"href":"https:\/\/www.ngdcare.nl\/pt-pt\/wp-json\/wp\/v2\/product_tag?post=11174"},{"taxonomy":"merken","embeddable":true,"href":"https:\/\/www.ngdcare.nl\/pt-pt\/wp-json\/wp\/v2\/merken?post=11174"}],"curies":[{"name":"wp","href":"https:\/\/api.w.org\/{rel}","templated":true}]}}