{"id":11203,"date":"2025-11-26T23:00:47","date_gmt":"2025-11-26T22:00:47","guid":{"rendered":"https:\/\/www.ngdcare.nl\/product\/sem categoria\/vitalidade-verde\/"},"modified":"2025-11-26T23:00:47","modified_gmt":"2025-11-26T22:00:47","slug":"vitalidade-verde","status":"publish","type":"product","link":"https:\/\/www.ngdcare.nl\/pt-pt\/veterinary-health\/enriquecimento\/coberturas-de-alimentos\/vitalidade-verde\/vitalidade-verde\/","title":{"rendered":"Vitalidade Verde"},"content":{"rendered":"<p data-start=\"468\" data-end=\"881\"><strong>Green Vitality<\/strong> \u00e9 uma composi\u00e7\u00e3o de quatro plantas nutritivas: <strong>espinafres<\/strong>, <strong>br\u00f3colos<\/strong>, <strong>couve<\/strong> e <strong>beterraba<\/strong>. Estes vegetais est\u00e3o entre as fontes mais ricas em fitonutrientes na dieta di\u00e1ria e cont\u00eam clorofila, antioxidantes, vitaminas naturais e minerais. Estas subst\u00e2ncias contribuem para a vitalidade geral e fornecem apoio quando h\u00e1 necessidade de nutrientes verdes adicionais.  <\/p>\n<p data-start=\"883\" data-end=\"1257\">A combina\u00e7\u00e3o de folhas verdes com beterraba cria uma mistura equilibrada de folatos naturais, fibras, subst\u00e2ncias vegetais ricas em nitratos e pigmentos de cor. Esta composi\u00e7\u00e3o adequa-se tanto a indiv\u00edduos ativos como a situa\u00e7\u00f5es em que se deseja nutri\u00e7\u00e3o extra das plantas. O p\u00f3 mistura-se facilmente com iogurte, carne fresca, ra\u00e7\u00e3o, batidos ou misturas de legumes.  <\/p>\n<p data-start=\"1259\" data-end=\"1487\">O Green Vitality pode ser usado diariamente para apoiar uma dieta variada. O sabor suave torna-o f\u00e1cil de usar tanto com comedores exigentes como com animais que reagem de forma sens\u00edvel a sabores fortes. <\/p>\n","protected":false},"excerpt":{"rendered":"<p><strong>Green Vitality<\/strong> \u00e9 uma poderosa mistura de superalimentos verdes com espinafres, br\u00f3colos, couve e beterraba para vitalidade, energia e um impulso natural de fitonutrientes<\/p>\n","protected":false},"featured_media":11205,"comment_status":"open","ping_status":"closed","template":"","meta":{"wds_primary_product_brand":0,"wds_primary_product_cat":0,"wds_primary_merken":0},"product_brand":[],"product_cat":[2528,4770],"product_tag":[5815,5895,5892,5893,2253,5891,4541,5517,2190],"merken":[],"class_list":{"0":"post-11203","1":"product","2":"type-product","3":"status-publish","4":"has-post-thumbnail","6":"product_cat-coberturas-de-alimentos","7":"product_cat-superalimentos-pt-pt","8":"product_tag-antioxidantes","9":"product_tag-beet","10":"product_tag-brocolos","11":"product_tag-couve","12":"product_tag-desintoxicacao","13":"product_tag-espinafres","14":"product_tag-superalimento-pt-pt","15":"product_tag-verdes","16":"product_tag-vitalidade","17":"infinite-scroll-item","18":"sales-flash-overlay","19":"woocommerce-text-align-center","20":"woocommerce-image-align-center","21":"do-quantity-buttons","23":"first","24":"instock","25":"taxable","26":"shipping-taxable","27":"purchasable","28":"product-type-simple"},"_links":{"self":[{"href":"https:\/\/www.ngdcare.nl\/pt-pt\/wp-json\/wp\/v2\/product\/11203","targetHints":{"allow":["GET"]}}],"collection":[{"href":"https:\/\/www.ngdcare.nl\/pt-pt\/wp-json\/wp\/v2\/product"}],"about":[{"href":"https:\/\/www.ngdcare.nl\/pt-pt\/wp-json\/wp\/v2\/types\/product"}],"replies":[{"embeddable":true,"href":"https:\/\/www.ngdcare.nl\/pt-pt\/wp-json\/wp\/v2\/comments?post=11203"}],"wp:featuredmedia":[{"embeddable":true,"href":"https:\/\/www.ngdcare.nl\/pt-pt\/wp-json\/wp\/v2\/media\/11205"}],"wp:attachment":[{"href":"https:\/\/www.ngdcare.nl\/pt-pt\/wp-json\/wp\/v2\/media?parent=11203"}],"wp:term":[{"taxonomy":"product_brand","embeddable":true,"href":"https:\/\/www.ngdcare.nl\/pt-pt\/wp-json\/wp\/v2\/product_brand?post=11203"},{"taxonomy":"product_cat","embeddable":true,"href":"https:\/\/www.ngdcare.nl\/pt-pt\/wp-json\/wp\/v2\/product_cat?post=11203"},{"taxonomy":"product_tag","embeddable":true,"href":"https:\/\/www.ngdcare.nl\/pt-pt\/wp-json\/wp\/v2\/product_tag?post=11203"},{"taxonomy":"merken","embeddable":true,"href":"https:\/\/www.ngdcare.nl\/pt-pt\/wp-json\/wp\/v2\/merken?post=11203"}],"curies":[{"name":"wp","href":"https:\/\/api.w.org\/{rel}","templated":true}]}}