{"id":11446,"date":"2025-11-27T15:46:21","date_gmt":"2025-11-27T14:46:21","guid":{"rendered":"https:\/\/www.ngdcare.nl\/product\/sem%20categoria\/mjamjam-duo-bezerro-arenque\/"},"modified":"2025-11-28T10:51:01","modified_gmt":"2025-11-28T09:51:01","slug":"mjamjam-duo-bezerro-arenque","status":"publish","type":"product","link":"https:\/\/www.ngdcare.nl\/pt-pt\/product\/loja-de-animais-de-estimacao\/gato\/nutricao\/comida-humida\/mjamjam-duo-bezerro-arenque\/","title":{"rendered":"MJAMjAM DUO \u2013 Bezerro &amp; Arenque"},"content":{"rendered":"<p>O <strong data-start=\"372\" data-end=\"405\">MjAMjAM DUO da Kalf &amp; Herring<\/strong> \u00e9 uma refei\u00e7\u00e3o completa e natural para gatos. Esta combina\u00e7\u00e3o de vitela tenra e arenque fresco oferece um elevado teor de carne e fornece todos os nutrientes essenciais de que o seu gato precisa. A comida \u00e9 completamente sem cereais e n\u00e3o cont\u00e9m a\u00e7\u00facar, conservantes ou aromas artificiais. Enriquecido com vitaminas, minerais e taurina, apoia um crescimento saud\u00e1vel, forte resist\u00eancia e um pelo brilhante. Ideal para gatos que adoram variedade e comida natural de alta qualidade.<\/p>\n","protected":false},"excerpt":{"rendered":"<p>Refei\u00e7\u00e3o deliciosa e completa para gatos com vitela tenra e arenque fresco. Sem cereais, sem aditivos artificiais, rico em vitaminas, minerais e taurina para um gato saud\u00e1vel. <\/p>\n","protected":false},"featured_media":11451,"comment_status":"open","ping_status":"closed","template":"","meta":[],"product_brand":[],"product_cat":[5291,5039,5065,5154],"product_tag":[],"merken":[],"class_list":{"0":"post-11446","1":"product","2":"type-product","3":"status-publish","4":"has-post-thumbnail","6":"product_cat-comida-humida","7":"product_cat-gato","8":"product_cat-loja-de-animais-de-estimacao","9":"product_cat-nutricao","10":"infinite-scroll-item","11":"sales-flash-overlay","12":"woocommerce-text-align-center","13":"woocommerce-image-align-center","14":"do-quantity-buttons","16":"first","17":"instock","18":"taxable","19":"shipping-taxable","20":"purchasable","21":"product-type-variable"},"_links":{"self":[{"href":"https:\/\/www.ngdcare.nl\/pt-pt\/wp-json\/wp\/v2\/product\/11446","targetHints":{"allow":["GET"]}}],"collection":[{"href":"https:\/\/www.ngdcare.nl\/pt-pt\/wp-json\/wp\/v2\/product"}],"about":[{"href":"https:\/\/www.ngdcare.nl\/pt-pt\/wp-json\/wp\/v2\/types\/product"}],"replies":[{"embeddable":true,"href":"https:\/\/www.ngdcare.nl\/pt-pt\/wp-json\/wp\/v2\/comments?post=11446"}],"wp:featuredmedia":[{"embeddable":true,"href":"https:\/\/www.ngdcare.nl\/pt-pt\/wp-json\/wp\/v2\/media\/11451"}],"wp:attachment":[{"href":"https:\/\/www.ngdcare.nl\/pt-pt\/wp-json\/wp\/v2\/media?parent=11446"}],"wp:term":[{"taxonomy":"product_brand","embeddable":true,"href":"https:\/\/www.ngdcare.nl\/pt-pt\/wp-json\/wp\/v2\/product_brand?post=11446"},{"taxonomy":"product_cat","embeddable":true,"href":"https:\/\/www.ngdcare.nl\/pt-pt\/wp-json\/wp\/v2\/product_cat?post=11446"},{"taxonomy":"product_tag","embeddable":true,"href":"https:\/\/www.ngdcare.nl\/pt-pt\/wp-json\/wp\/v2\/product_tag?post=11446"},{"taxonomy":"merken","embeddable":true,"href":"https:\/\/www.ngdcare.nl\/pt-pt\/wp-json\/wp\/v2\/merken?post=11446"}],"curies":[{"name":"wp","href":"https:\/\/api.w.org\/{rel}","templated":true}]}}