{"id":11742,"date":"2025-11-15T22:17:51","date_gmt":"2025-11-15T21:17:51","guid":{"rendered":"https:\/\/www.ngdcare.nl\/product\/sem%20categoria\/glutationa-lipossomal-2\/"},"modified":"2025-12-01T20:45:40","modified_gmt":"2025-12-01T19:45:40","slug":"glutationa-lipossomal-2","status":"publish","type":"product","link":"https:\/\/www.ngdcare.nl\/pt-pt\/product\/human-health\/suplementos-alimentares\/glutationa-lipossomal-2\/","title":{"rendered":"Glutationa lipossomal"},"content":{"rendered":"<p data-start=\"1353\" data-end=\"1697\"><strong>A glutationa<\/strong> \u00e9 o antioxidante intracelular mais abundante e essencial para a neutraliza\u00e7\u00e3o dos radicais livres, prote\u00e7\u00e3o das c\u00e9lulas e apoio ao sistema natural de desintoxica\u00e7\u00e3o (fase II de desintoxica\u00e7\u00e3o). O n\u00edvel de glutationa diminui sob a influ\u00eancia do stress, toxinas, medica\u00e7\u00e3o, envelhecimento e esfor\u00e7o f\u00edsico intenso. <\/p>\n<p data-start=\"1699\" data-end=\"1901\"><strong>NGD Care O Glutationa Lipossomal<\/strong> \u00e9 formulado numa matriz lipossomal de alta qualidade, que o mant\u00e9m ativamente protegido no trato gastrointestinal e \u00e9 absorvido com uma efici\u00eancia muito superior.<\/p>\n<p data-start=\"1903\" data-end=\"1951\">O nosso glutationa lipossomal humano suporta:<\/p>\n<ul>\n<li data-start=\"1954\" data-end=\"2000\">A remo\u00e7\u00e3o natural de subst\u00e2ncias indesejadas<\/li>\n<li data-start=\"2003\" data-end=\"2054\">A prote\u00e7\u00e3o das c\u00e9lulas contra o stress oxidativo<\/li>\n<li data-start=\"2057\" data-end=\"2087\">Equil\u00edbrio do sistema imunit\u00e1rio<\/li>\n<li data-start=\"2090\" data-end=\"2140\">Recupera\u00e7\u00e3o ap\u00f3s doen\u00e7a, carga elevada ou toxicidade<\/li>\n<li data-start=\"2143\" data-end=\"2179\">Fun\u00e7\u00e3o hep\u00e1tica (conjuga\u00e7\u00e3o de est\u00e1gio II)<\/li>\n<\/ul>\n<p data-start=\"2181\" data-end=\"2319\">Esta f\u00f3rmula \u00e9 adequada para uso di\u00e1rio e enquadra-se em planos de tratamento integrativos, incluindo interven\u00e7\u00f5es de estilo de vida e nutri\u00e7\u00e3o.<\/p>\n","protected":false},"excerpt":{"rendered":"<p data-start=\"719\" data-end=\"1021\">O glutationa lipossomal da NGD Care cont\u00e9m glutationa reduzida (GSH) num complexo lipossomal puro para uma absor\u00e7\u00e3o \u00f3tima. A glutationa \u00e9 um dos antioxidantes end\u00f3genos mais importantes e desempenha um papel central na desintoxica\u00e7\u00e3o, equil\u00edbrio imunit\u00e1rio e prote\u00e7\u00e3o celular. Esta f\u00f3rmula foi desenvolvida para m\u00e1xima biodisponibilidade e uso di\u00e1rio.  <\/p>\n","protected":false},"featured_media":11746,"comment_status":"open","ping_status":"closed","template":"","meta":{"wds_primary_product_brand":0,"wds_primary_product_cat":0,"wds_primary_merken":0},"product_brand":[],"product_cat":[5314],"product_tag":[5815,2599,2253,6090,6098,1988,6193,1949,5426,5425],"merken":[2756],"class_list":{"0":"post-11742","1":"product","2":"type-product","3":"status-publish","4":"has-post-thumbnail","6":"product_cat-suplementos-alimentares","7":"product_tag-antioxidantes","8":"product_tag-cuidados-com-ngd","9":"product_tag-desintoxicacao","10":"product_tag-glutationa","11":"product_tag-gsh","12":"product_tag-lipossomica","13":"product_tag-saude-hepatica","14":"product_tag-sistema-imunitario","15":"product_tag-stress-oxidativo","16":"product_tag-suplementos-humanos","17":"merken-ngdcare","18":"infinite-scroll-item","19":"sales-flash-overlay","20":"woocommerce-text-align-center","21":"woocommerce-image-align-center","22":"do-quantity-buttons","24":"first","25":"instock","26":"taxable","27":"shipping-taxable","28":"purchasable","29":"product-type-simple"},"_links":{"self":[{"href":"https:\/\/www.ngdcare.nl\/pt-pt\/wp-json\/wp\/v2\/product\/11742","targetHints":{"allow":["GET"]}}],"collection":[{"href":"https:\/\/www.ngdcare.nl\/pt-pt\/wp-json\/wp\/v2\/product"}],"about":[{"href":"https:\/\/www.ngdcare.nl\/pt-pt\/wp-json\/wp\/v2\/types\/product"}],"replies":[{"embeddable":true,"href":"https:\/\/www.ngdcare.nl\/pt-pt\/wp-json\/wp\/v2\/comments?post=11742"}],"wp:featuredmedia":[{"embeddable":true,"href":"https:\/\/www.ngdcare.nl\/pt-pt\/wp-json\/wp\/v2\/media\/11746"}],"wp:attachment":[{"href":"https:\/\/www.ngdcare.nl\/pt-pt\/wp-json\/wp\/v2\/media?parent=11742"}],"wp:term":[{"taxonomy":"product_brand","embeddable":true,"href":"https:\/\/www.ngdcare.nl\/pt-pt\/wp-json\/wp\/v2\/product_brand?post=11742"},{"taxonomy":"product_cat","embeddable":true,"href":"https:\/\/www.ngdcare.nl\/pt-pt\/wp-json\/wp\/v2\/product_cat?post=11742"},{"taxonomy":"product_tag","embeddable":true,"href":"https:\/\/www.ngdcare.nl\/pt-pt\/wp-json\/wp\/v2\/product_tag?post=11742"},{"taxonomy":"merken","embeddable":true,"href":"https:\/\/www.ngdcare.nl\/pt-pt\/wp-json\/wp\/v2\/merken?post=11742"}],"curies":[{"name":"wp","href":"https:\/\/api.w.org\/{rel}","templated":true}]}}