{"id":11765,"date":"2025-11-17T10:52:41","date_gmt":"2025-11-17T09:52:41","guid":{"rendered":"https:\/\/www.ngdcare.nl\/product\/sem categoria\/suporte-de-relaxamento-lipossomal\/"},"modified":"2025-11-17T10:52:41","modified_gmt":"2025-11-17T09:52:41","slug":"suporte-de-relaxamento-lipossomal","status":"publish","type":"product","link":"https:\/\/www.ngdcare.nl\/pt-pt\/product\/human-health\/suplementos-alimentares\/suporte-de-relaxamento-lipossomal\/","title":{"rendered":"Suporte de Relaxamento Lipossomal"},"content":{"rendered":"<p data-start=\"901\" data-end=\"1066\"><strong>O Relax Support<\/strong> foi desenvolvido para pessoas que sofrem de stress, sensibilidade a est\u00edmulos, tens\u00e3o, sobrecarga mental ou dificuldade em relaxar e adormecer. A f\u00f3rmula cont\u00e9m quatro ingredientes sin\u00e9rgicos: <strong>bisglicinato de magn\u00e9sio, L-teanina, L-triptofano <\/strong>e<strong> vitamina B6<\/strong>. <\/p>\n<p data-start=\"901\" data-end=\"1066\">O bisglicinato de magn\u00e9sio \u00e9 uma forma altamente absorv\u00edvel que nutre o sistema nervoso, reduz o t\u00f3nus muscular e apoia mais de 300 processos enzim\u00e1ticos, incluindo a regula\u00e7\u00e3o do stress.<\/p>\n<p data-start=\"901\" data-end=\"1066\">A L-teanina promove ondas alfa no c\u00e9rebro, que proporcionam relaxamento sem sonol\u00eancia e um fluxo de pensamentos mais calmo.<\/p>\n<p data-start=\"901\" data-end=\"1066\">O L-triptofano \u00e9 o precursor natural da serotonina e melatonina e apoia a qualidade do humor, descanso e sono.<\/p>\n<p data-start=\"901\" data-end=\"1066\">A vitamina B6 ajuda na convers\u00e3o do triptofano em serotonina e contribui para um equil\u00edbrio equilibrado de neurotransmissores.<\/p>\n<p data-start=\"901\" data-end=\"1066\">Esta f\u00f3rmula funciona tanto durante o dia (descanso, concentra\u00e7\u00e3o, menor reatividade ao stress) como \u00e0 noite (sono e sono melhor). O Relax Support \u00e9 suave, seguro para uso di\u00e1rio e pode ser bem combinado com adaptog\u00e9nios, NAC, magn\u00e9sio e suportes intestinais em vias integrativas destinadas \u00e0 regula\u00e7\u00e3o do eixo de stress, equil\u00edbrio HPA\/HPT e eixo intestino-c\u00e9rebro. <\/p>\n","protected":false},"excerpt":{"rendered":"<p>O Relax Support combina bisglicinato de magn\u00e9sio, L-teanina, L-triptofano e vitamina B6 para apoiar o relaxamento, equil\u00edbrio do stress, processamento de est\u00edmulos e qualidade do sono.<\/p>\n","protected":false},"featured_media":11745,"comment_status":"open","ping_status":"closed","template":"","meta":{"wds_primary_product_brand":0,"wds_primary_product_cat":0,"wds_primary_merken":0},"product_brand":[],"product_cat":[5314],"product_tag":[6025,4589,6026,6024,6032,2395,2599,2404,6035,1988,6037,6030,3378,2186,6027,6028],"merken":[2756],"class_list":{"0":"post-11765","1":"product","2":"type-product","3":"status-publish","4":"has-post-thumbnail","6":"product_cat-suplementos-alimentares","7":"product_tag-apoio-ao-sono","8":"product_tag-b6-pt-pt","9":"product_tag-bisglicinato-de-magnesio","10":"product_tag-cao-de-relaxamento","11":"product_tag-cofator-serotonina","12":"product_tag-comportamento-pt-pt","13":"product_tag-cuidados-com-ngd","14":"product_tag-descanso","15":"product_tag-dorme-2","16":"product_tag-lipossomica","17":"product_tag-neurotransmissores-cofatores","18":"product_tag-p-5-p","19":"product_tag-sistema-nervoso","20":"product_tag-stress-pt-pt","21":"product_tag-teanina","22":"product_tag-triptofano","23":"merken-ngdcare","24":"infinite-scroll-item","25":"sales-flash-overlay","26":"woocommerce-text-align-center","27":"woocommerce-image-align-center","28":"do-quantity-buttons","30":"first","31":"instock","32":"taxable","33":"shipping-taxable","34":"purchasable","35":"product-type-simple"},"_links":{"self":[{"href":"https:\/\/www.ngdcare.nl\/pt-pt\/wp-json\/wp\/v2\/product\/11765","targetHints":{"allow":["GET"]}}],"collection":[{"href":"https:\/\/www.ngdcare.nl\/pt-pt\/wp-json\/wp\/v2\/product"}],"about":[{"href":"https:\/\/www.ngdcare.nl\/pt-pt\/wp-json\/wp\/v2\/types\/product"}],"replies":[{"embeddable":true,"href":"https:\/\/www.ngdcare.nl\/pt-pt\/wp-json\/wp\/v2\/comments?post=11765"}],"wp:featuredmedia":[{"embeddable":true,"href":"https:\/\/www.ngdcare.nl\/pt-pt\/wp-json\/wp\/v2\/media\/11745"}],"wp:attachment":[{"href":"https:\/\/www.ngdcare.nl\/pt-pt\/wp-json\/wp\/v2\/media?parent=11765"}],"wp:term":[{"taxonomy":"product_brand","embeddable":true,"href":"https:\/\/www.ngdcare.nl\/pt-pt\/wp-json\/wp\/v2\/product_brand?post=11765"},{"taxonomy":"product_cat","embeddable":true,"href":"https:\/\/www.ngdcare.nl\/pt-pt\/wp-json\/wp\/v2\/product_cat?post=11765"},{"taxonomy":"product_tag","embeddable":true,"href":"https:\/\/www.ngdcare.nl\/pt-pt\/wp-json\/wp\/v2\/product_tag?post=11765"},{"taxonomy":"merken","embeddable":true,"href":"https:\/\/www.ngdcare.nl\/pt-pt\/wp-json\/wp\/v2\/merken?post=11765"}],"curies":[{"name":"wp","href":"https:\/\/api.w.org\/{rel}","templated":true}]}}