{"id":11785,"date":"2025-11-15T21:27:01","date_gmt":"2025-11-15T20:27:01","guid":{"rendered":"https:\/\/www.ngdcare.nl\/product\/sem%20categoria\/coenzima-lipossomal-q10-2\/"},"modified":"2025-12-01T20:47:06","modified_gmt":"2025-12-01T19:47:06","slug":"coenzima-lipossomal-q10-2","status":"publish","type":"product","link":"https:\/\/www.ngdcare.nl\/pt-pt\/product\/human-health\/suplementos-alimentares\/coenzima-lipossomal-q10-2\/","title":{"rendered":"Coenzima lipossomal Q10"},"content":{"rendered":"<p class=\"p1\">A <strong>coenzima Q10<\/strong> \u00e9 uma subst\u00e2ncia poderosa que desempenha um papel fundamental nas mitoc\u00f4ndrias: as f\u00e1bricas de energia das nossas c\u00e9lulas. Este lipossomal Q10 cont\u00e9m 160 mg de ubiquinona por c\u00e1psula e est\u00e1 encapsulado em fosfol\u00edpidos de alta qualidade para uma biodisponibilidade significativamente melhorada. <\/p>\n<p class=\"p1\">\u00c0 medida que as pessoas envelhecem ou experienciam mais stress, os n\u00edveis de coenzima Q10 diminuem e a efici\u00eancia das mitoc\u00f4ndrias diminui. Isto pode levar a fadiga, problemas de recupera\u00e7\u00e3o e maior sensibilidade ao stress oxidativo. Esta f\u00f3rmula \u00e9 adequada para quem precisa de apoio extra para energia, repara\u00e7\u00e3o e prote\u00e7\u00e3o celular, sendo frequentemente usada para fadiga, carga desportiva, situa\u00e7\u00f5es de stress ou durante o envelhecimento natural. A forma lipossomal torna a absor\u00e7\u00e3o 3 a 5 vezes mais eficiente do que o Q10 padr\u00e3o, pelo que doses mais baixas ainda proporcionam um efeito poderoso. Funciona sinergicamente com vitaminas do complexo B, NAD+, magn\u00e9sio e \u00f3megas, integrando-se numa abordagem integradora mais ampla.    <\/p>\n","protected":false},"excerpt":{"rendered":"<p class=\"p1\"><strong>A Coenzima lipossomal Q10<\/strong> apoia o metabolismo energ\u00e9tico, a vitalidade e a capacidade regenerativa natural. A t\u00e9cnica lipossomal permite que a ubiquinona seja absorvida de forma \u00f3tima e imediatamente dispon\u00edvel para as c\u00e9lulas. Ideal para fadiga, cargas intensas, envelhecimento e suporte mitocondrial extra.  <\/p>\n<p>.<\/p>\n","protected":false},"featured_media":11787,"comment_status":"open","ping_status":"closed","template":"","meta":{"wds_primary_product_brand":0,"wds_primary_product_cat":0,"wds_primary_merken":0},"product_brand":[],"product_cat":[5314],"product_tag":[2248,6171,2599,5317,2250,6207,6208,1988,5639,5425,6178],"merken":[2756],"class_list":{"0":"post-11785","1":"product","2":"type-product","3":"status-publish","4":"has-post-thumbnail","6":"product_cat-suplementos-alimentares","7":"product_tag-antioxidante-pt-pt","8":"product_tag-coq10","9":"product_tag-cuidados-com-ngd","10":"product_tag-cuidados-ngd-saude-humana","11":"product_tag-energia-pt-pt","12":"product_tag-energia-da-celula","13":"product_tag-fadiga","14":"product_tag-lipossomica","15":"product_tag-mitocondrias","16":"product_tag-suplementos-humanos","17":"product_tag-ubiquinona","18":"merken-ngdcare","19":"infinite-scroll-item","20":"sales-flash-overlay","21":"woocommerce-text-align-center","22":"woocommerce-image-align-center","23":"do-quantity-buttons","25":"first","26":"instock","27":"taxable","28":"shipping-taxable","29":"purchasable","30":"product-type-simple"},"_links":{"self":[{"href":"https:\/\/www.ngdcare.nl\/pt-pt\/wp-json\/wp\/v2\/product\/11785","targetHints":{"allow":["GET"]}}],"collection":[{"href":"https:\/\/www.ngdcare.nl\/pt-pt\/wp-json\/wp\/v2\/product"}],"about":[{"href":"https:\/\/www.ngdcare.nl\/pt-pt\/wp-json\/wp\/v2\/types\/product"}],"replies":[{"embeddable":true,"href":"https:\/\/www.ngdcare.nl\/pt-pt\/wp-json\/wp\/v2\/comments?post=11785"}],"wp:featuredmedia":[{"embeddable":true,"href":"https:\/\/www.ngdcare.nl\/pt-pt\/wp-json\/wp\/v2\/media\/11787"}],"wp:attachment":[{"href":"https:\/\/www.ngdcare.nl\/pt-pt\/wp-json\/wp\/v2\/media?parent=11785"}],"wp:term":[{"taxonomy":"product_brand","embeddable":true,"href":"https:\/\/www.ngdcare.nl\/pt-pt\/wp-json\/wp\/v2\/product_brand?post=11785"},{"taxonomy":"product_cat","embeddable":true,"href":"https:\/\/www.ngdcare.nl\/pt-pt\/wp-json\/wp\/v2\/product_cat?post=11785"},{"taxonomy":"product_tag","embeddable":true,"href":"https:\/\/www.ngdcare.nl\/pt-pt\/wp-json\/wp\/v2\/product_tag?post=11785"},{"taxonomy":"merken","embeddable":true,"href":"https:\/\/www.ngdcare.nl\/pt-pt\/wp-json\/wp\/v2\/merken?post=11785"}],"curies":[{"name":"wp","href":"https:\/\/api.w.org\/{rel}","templated":true}]}}