{"id":12401,"date":"2026-01-22T21:30:45","date_gmt":"2026-01-22T20:30:45","guid":{"rendered":"https:\/\/www.ngdcare.nl\/product\/sem%20categoria\/guarda-de-microbios-interna\/"},"modified":"2026-01-26T21:37:24","modified_gmt":"2026-01-26T20:37:24","slug":"guarda-de-microbios-interna","status":"publish","type":"product","link":"https:\/\/www.ngdcare.nl\/pt-pt\/product\/veterinary-health\/aromaterapia\/guarda-de-microbios-interna\/","title":{"rendered":"Guarda de Micr\u00f3bios \u2013 Interna"},"content":{"rendered":"<p class=\"p1\">No caso de carga microbiana prolongada ou aumentada, pode ser necess\u00e1rio apoio adicional. <strong>Microbe Guard \u2013 Internal<\/strong> foi desenvolvido como uma <span class=\"s1\"><b>mistura compacta e direcionada de \u00f3leo<\/b><\/span> que se torna dispon\u00edvel sistematicamente atrav\u00e9s da administra\u00e7\u00e3o oral.<\/p>\n<p class=\"p1\">Os \u00f3leos essenciais selecionados cont\u00eam compostos vegetais bioativos conhecidos pela sua influ\u00eancia nas membranas bacterianas, biofilmes e no ambiente microbiano. Devido \u00e0 composi\u00e7\u00e3o limitada (apenas tr\u00eas \u00f3leos), a f\u00f3rmula mant\u00e9m-se simples e mais toler\u00e1vel do que misturas mais largas, mantendo a a\u00e7\u00e3o sist\u00e9mica. <\/p>\n<p class=\"p3\"><b>Os \u00f3leos desta f\u00f3rmula:<\/b><b><\/b><\/p>\n<ul>\n<li class=\"p1\"><span class=\"s1\"><b>O or\u00e9g\u00e3o<\/b><\/span> cont\u00e9m carvacrol, conhecido pela sua capacidade de perturbar membranas bacterianas e de leveduras, tornando os microrganismos vulner\u00e1veis.<\/li>\n<li class=\"p1\"><span class=\"s1\"><b>O tomilho<\/b><\/span> apoia a acessibilidade intracelular de outras subst\u00e2ncias e trabalha sinergicamente com o or\u00e9g\u00e3os.<\/li>\n<li class=\"p1\"><span class=\"s1\"><b>O lim\u00e3o<\/b><\/span> tem um efeito antimicrobiano suave e apoia a fun\u00e7\u00e3o do f\u00edgado e da b\u00edlis, contribuindo para uma melhor toler\u00e2ncia e processamento da mistura.<\/li>\n<\/ul>\n<p class=\"p1\">O Microbe Guard \u2013 Interno destina-se a <span class=\"s1\"><b>uma implanta\u00e7\u00e3o tempor\u00e1ria at\u00e9 1 semana, seguida de 1 semana de repouso<\/b><\/span>, sempre al\u00e9m de outras formas de apoio como <a href=\"https:\/\/www.ngdcare.nl\/pt-pt\/product\/digestao\/nac-berberine-para-limpar\/\">NAC\/berberina<\/a>, <a href=\"https:\/\/www.ngdcare.nl\/pt-pt\/product\/farmacia-natural-para-animais-de-estimacao\/lipossomica\/liposomale-lactoferrina-lactoferrina-lipossomica\/\">lactoferrina<\/a>, <a href=\"https:\/\/www.ngdcare.nl\/pt-pt\/product\/farmacia-natural-para-animais-de-estimacao\/lipossomica\/mistura-de-cogumelos-lipossomicos-1-complexo-imunitario-micossomico-lipossomico\/\">cogumelos medicinais<\/a> e interven\u00e7\u00f5es direcionadas para o microbioma, como o <a href=\"https:\/\/www.ngdcare.nl\/pt-pt\/product\/digestao\/protocolo-intestinal\/\">protocolo intestinal<\/a>. O produto <strong>n\u00e3o se destina a uso di\u00e1rio prolongado<\/strong>.<\/p>\n<p><b>O que faz a Microbe Guard \u2013 F\u00f3rmula oral?<\/b><\/p>\n<ul>\n<li class=\"p1\">Apoia o corpo em caso de desequil\u00edbrio microbiano<\/li>\n<li class=\"p1\">Contribui para a perturba\u00e7\u00e3o das membranas bacterianas e de leveduras<\/li>\n<li class=\"p1\">Suporta o ambiente microbiano de forma sist\u00e9mica<\/li>\n<li class=\"p1\">Pode ser usado como suporte extra tempor\u00e1rio<\/li>\n<li class=\"p1\">Funciona em sinergia com NAC\/berberina, lactoferrina e cogumelos<\/li>\n<\/ul>\n","protected":false},"excerpt":{"rendered":"<p class=\"p1\"><strong>Microbe Guard \u2013 Internal<\/strong> \u00e9 uma mistura cuidadosamente formulada de \u00f3leos essenciais para ingest\u00e3o oral que <span class=\"s1\">oferece <b>suporte sist\u00e9mico <\/b>para desequil\u00edbrios microbianos<\/span>. A combina\u00e7\u00e3o de or\u00e9g\u00e3os, tomilho e lim\u00e3o foi desenvolvida para <span class=\"s1\">uso <strong>direcionado e a curto<\/strong><\/span> prazo como suplemento a suplementos e protocolos existentes. <\/p>\n","protected":false},"featured_media":12403,"comment_status":"open","ping_status":"closed","template":"","meta":{"wds_primary_product_brand":0,"wds_primary_product_cat":0,"wds_primary_merken":0},"product_brand":[],"product_cat":[2532,6378],"product_tag":[6386,2599,6384,6380,6382,6388],"merken":[],"class_list":{"0":"post-12401","1":"product","2":"type-product","3":"status-publish","4":"has-post-thumbnail","6":"product_cat-aromaterapia","7":"product_cat-oleos-essenciais","8":"product_tag-apoio-sistemico","9":"product_tag-cuidados-com-ngd","10":"product_tag-oleo-de-oregaos","11":"product_tag-oleo-essencial","12":"product_tag-suporte-a-microbios","13":"product_tag-terapia-integrativa","14":"infinite-scroll-item","15":"sales-flash-overlay","16":"woocommerce-text-align-center","17":"woocommerce-image-align-center","18":"do-quantity-buttons","20":"first","21":"instock","22":"taxable","23":"shipping-taxable","24":"purchasable","25":"product-type-simple"},"_links":{"self":[{"href":"https:\/\/www.ngdcare.nl\/pt-pt\/wp-json\/wp\/v2\/product\/12401","targetHints":{"allow":["GET"]}}],"collection":[{"href":"https:\/\/www.ngdcare.nl\/pt-pt\/wp-json\/wp\/v2\/product"}],"about":[{"href":"https:\/\/www.ngdcare.nl\/pt-pt\/wp-json\/wp\/v2\/types\/product"}],"replies":[{"embeddable":true,"href":"https:\/\/www.ngdcare.nl\/pt-pt\/wp-json\/wp\/v2\/comments?post=12401"}],"wp:featuredmedia":[{"embeddable":true,"href":"https:\/\/www.ngdcare.nl\/pt-pt\/wp-json\/wp\/v2\/media\/12403"}],"wp:attachment":[{"href":"https:\/\/www.ngdcare.nl\/pt-pt\/wp-json\/wp\/v2\/media?parent=12401"}],"wp:term":[{"taxonomy":"product_brand","embeddable":true,"href":"https:\/\/www.ngdcare.nl\/pt-pt\/wp-json\/wp\/v2\/product_brand?post=12401"},{"taxonomy":"product_cat","embeddable":true,"href":"https:\/\/www.ngdcare.nl\/pt-pt\/wp-json\/wp\/v2\/product_cat?post=12401"},{"taxonomy":"product_tag","embeddable":true,"href":"https:\/\/www.ngdcare.nl\/pt-pt\/wp-json\/wp\/v2\/product_tag?post=12401"},{"taxonomy":"merken","embeddable":true,"href":"https:\/\/www.ngdcare.nl\/pt-pt\/wp-json\/wp\/v2\/merken?post=12401"}],"curies":[{"name":"wp","href":"https:\/\/api.w.org\/{rel}","templated":true}]}}