{"id":12417,"date":"2026-01-22T21:43:11","date_gmt":"2026-01-22T20:43:11","guid":{"rendered":"https:\/\/www.ngdcare.nl\/product\/sem%20categoria\/guarda-de-microbios-difusor\/"},"modified":"2026-01-26T21:51:30","modified_gmt":"2026-01-26T20:51:30","slug":"guarda-de-microbios-difusor","status":"publish","type":"product","link":"https:\/\/www.ngdcare.nl\/pt-pt\/product\/aromaterapia\/guarda-de-microbios-difusor\/","title":{"rendered":"Guarda de Micr\u00f3bios \u2013 Difusor"},"content":{"rendered":"<p class=\"p3\"><strong>O Microbe Guard \u2013 Difusor<\/strong> foi desenvolvido como <span class=\"s2\"><b>uma mistura vers\u00e1til de \u00f3leos<\/b><\/span> para suporte na pele e no trato respirat\u00f3rio, sem sobrecarregar o f\u00edgado e o sistema digestivo.<\/p>\n<p><b>Mecanismo de a\u00e7\u00e3o e composi\u00e7\u00e3o<\/b><\/p>\n<p>Os compostos vol\u00e1teis s\u00e3o absorvidos pelos pulm\u00f5es atrav\u00e9s da inala\u00e7\u00e3o, enquanto a aplica\u00e7\u00e3o t\u00f3pica proporciona suporte ao n\u00edvel da pele e linf\u00e1tico. A combina\u00e7\u00e3o de \u00f3leos ricos em fen\u00f3is e \u00f3leos mais suaves afeta indiretamente biofilmes, membranas e o ambiente microbiano. <\/p>\n<ul>\n<li class=\"p1\"><span class=\"s1\"><b>O or\u00e9g\u00e3o<\/b><\/span> apoia o equil\u00edbrio microbiano atrav\u00e9s da perturba\u00e7\u00e3o da membrana.<\/li>\n<li class=\"p1\"><span class=\"s1\"><b>Tomilho. Timol <\/b><\/span>  contribui para a desestabiliza\u00e7\u00e3o dos biofilmes.<\/li>\n<li class=\"p1\"><span class=\"s1\"><b>A casca de canela<\/b><\/span> suporta ao influenciar os sistemas enzim\u00e1ticos e energ\u00e9ticos dos microrganismos.<\/li>\n<li class=\"p1\"><span class=\"s1\"><b>Os cravos<\/b><\/span> suportam leveduras, fungos e estruturas de biofilme.<\/li>\n<li class=\"p1\"><span class=\"s1\"><b>Manuka<\/b><\/span> tem um efeito calmante e de apoio ao equil\u00edbrio.<\/li>\n<li class=\"p1\"><span class=\"s1\"><b>O Ravintsara<\/b><\/span> suporta principalmente a carga viral e o trato respirat\u00f3rio.<\/li>\n<\/ul>\n<p><b>Indica\u00e7\u00f5es<\/b><\/p>\n<ul>\n<li class=\"p1\">Apoio \u00e0 press\u00e3o microbiana e viral<\/li>\n<li class=\"p1\">Adi\u00e7\u00e3o dentro de trajet\u00f3rias integrativas<\/li>\n<li class=\"p1\">Apoio ambiental atrav\u00e9s do difusor<\/li>\n<\/ul>\n","protected":false},"excerpt":{"rendered":"<p class=\"p1\"><strong>O Microbe Guard Diffuser<\/strong> foi desenvolvido como <span class=\"s1\">uma mistura vers\u00e1til de \u00f3leos essenciais<\/span> para suporte de pele e respirat\u00f3rio, sem sobrecarregar o f\u00edgado e o sistema digestivo. Isto torna-a tamb\u00e9m adequada para gatos e animais sens\u00edveis. <\/p>\n","protected":false},"featured_media":12420,"comment_status":"open","ping_status":"closed","template":"","meta":[],"product_brand":[],"product_cat":[2532,6378],"product_tag":[2975,2599,6428,6425,6380,6426,6382,6388],"merken":[],"class_list":{"0":"post-12417","1":"product","2":"type-product","3":"status-publish","4":"has-post-thumbnail","6":"product_cat-aromaterapia","7":"product_cat-oleos-essenciais","8":"product_tag-biofilme","9":"product_tag-cuidados-com-ngd","10":"product_tag-oleo-antimicrobiano","11":"product_tag-oleo-difusor","12":"product_tag-oleo-essencial","13":"product_tag-oleo-essencial-topico","14":"product_tag-suporte-a-microbios","15":"product_tag-terapia-integrativa","16":"infinite-scroll-item","17":"sales-flash-overlay","18":"woocommerce-text-align-center","19":"woocommerce-image-align-center","20":"do-quantity-buttons","22":"first","23":"instock","24":"taxable","25":"shipping-taxable","26":"purchasable","27":"product-type-simple"},"_links":{"self":[{"href":"https:\/\/www.ngdcare.nl\/pt-pt\/wp-json\/wp\/v2\/product\/12417","targetHints":{"allow":["GET"]}}],"collection":[{"href":"https:\/\/www.ngdcare.nl\/pt-pt\/wp-json\/wp\/v2\/product"}],"about":[{"href":"https:\/\/www.ngdcare.nl\/pt-pt\/wp-json\/wp\/v2\/types\/product"}],"replies":[{"embeddable":true,"href":"https:\/\/www.ngdcare.nl\/pt-pt\/wp-json\/wp\/v2\/comments?post=12417"}],"wp:featuredmedia":[{"embeddable":true,"href":"https:\/\/www.ngdcare.nl\/pt-pt\/wp-json\/wp\/v2\/media\/12420"}],"wp:attachment":[{"href":"https:\/\/www.ngdcare.nl\/pt-pt\/wp-json\/wp\/v2\/media?parent=12417"}],"wp:term":[{"taxonomy":"product_brand","embeddable":true,"href":"https:\/\/www.ngdcare.nl\/pt-pt\/wp-json\/wp\/v2\/product_brand?post=12417"},{"taxonomy":"product_cat","embeddable":true,"href":"https:\/\/www.ngdcare.nl\/pt-pt\/wp-json\/wp\/v2\/product_cat?post=12417"},{"taxonomy":"product_tag","embeddable":true,"href":"https:\/\/www.ngdcare.nl\/pt-pt\/wp-json\/wp\/v2\/product_tag?post=12417"},{"taxonomy":"merken","embeddable":true,"href":"https:\/\/www.ngdcare.nl\/pt-pt\/wp-json\/wp\/v2\/merken?post=12417"}],"curies":[{"name":"wp","href":"https:\/\/api.w.org\/{rel}","templated":true}]}}