{"id":12443,"date":"2026-01-22T21:53:15","date_gmt":"2026-01-22T20:53:15","guid":{"rendered":"https:\/\/www.ngdcare.nl\/product\/sem%20categoria\/guarda-suave-contra-parasitas\/"},"modified":"2026-04-09T14:11:25","modified_gmt":"2026-04-09T12:11:25","slug":"guarda-suave-contra-parasitas","status":"publish","type":"product","link":"https:\/\/www.ngdcare.nl\/pt-pt\/product\/aromaterapia\/guarda-suave-contra-parasitas\/","title":{"rendered":"Guarda contra Parasitas \u2013 Gentil"},"content":{"rendered":"<p data-start=\"5100\" data-end=\"5375\"><strong data-start=\"5100\" data-end=\"5126\">O Gentle Parasite Guard<\/strong> foi desenvolvido especialmente para gatos, que s\u00e3o mais sens\u00edveis a muitas ervas e \u00f3leos essenciais. Esta f\u00f3rmula combina <strong data-start=\"5246\" data-end=\"5301\">\u00f3leo de semente de ab\u00f3bora, extrato de quassia e extrato de folha de oliveira<\/strong> com microdoses extremamente baixas e seguras de \u00f3leos essenciais <strong data-start=\"5344\" data-end=\"5374\">de lavanda e camomila romana<\/strong>. <\/p>\n<p data-start=\"5377\" data-end=\"5628\">Os ingredientes apoiam suavemente o ambiente intestinal e s\u00e3o adequados para uso prolongado ou repetido. O Gentle Parasite Guard \u00e9 ideal para gatos sens\u00edveis, gatinhos (&gt;10 semanas) e gatos que n\u00e3o toleram bem desparasitantes qu\u00edmicos. Cachorros e c\u00e3es sens\u00edveis onde a Guarda Parasit\u00e1ria Intensa \u00e9 demasiado pesada tamb\u00e9m v\u00e3o responder bem a isto.  <\/p>\n<ul>\n<li data-start=\"1408\" data-end=\"1515\"><strong data-start=\"1408\" data-end=\"1426\">O \u00f3leo de sementes de ab\u00f3bora<\/strong> apoia a fun\u00e7\u00e3o intestinal e contribui para um ambiente menos favor\u00e1vel para as minhocas.<\/li>\n<li data-start=\"1518\" data-end=\"1626\">O <strong data-start=\"1518\" data-end=\"1537\">extrato de quassia<\/strong> fornece subst\u00e2ncias amargas que apoiam a digest\u00e3o e afetam o ambiente intestinal.<\/li>\n<li data-start=\"1629\" data-end=\"1706\"><strong data-start=\"1629\" data-end=\"1649\">O extrato de folha de oliveira<\/strong> ajuda a apoiar o equil\u00edbrio microbiano no intestino.<\/li>\n<li data-start=\"1709\" data-end=\"1812\"><strong data-start=\"1709\" data-end=\"1755\">A lavanda e a camomila romana (microdoses)<\/strong> contribuem para uma f\u00f3rmula calma e bem tolerada.<\/li>\n<\/ul>\n<p data-start=\"5630\" data-end=\"5750\">O \u00f3leo pode ser combinado de forma segura com <strong data-start=\"5673\" data-end=\"5705\"><a href=\"https:\/\/www.ngdcare.nl\/pt-pt\/product\/digestao\/nac-berberine-para-limpar\/\">o Para Clean<\/a><\/strong> para um suporte integrativo mais amplo.<\/p>\n","protected":false},"excerpt":{"rendered":"<p class=\"p1\">O Gentle Parasite Guard \u00e9 um \u00f3leo suave e totalmente seguro para gatos que apoia o equil\u00edbrio intestinal em gatos com press\u00e3o parasit\u00e1ria, como vermes e Giardia. A f\u00f3rmula n\u00e3o cont\u00e9m \u00f3leos essenciais agressivos e \u00e9 adaptada ao metabolismo \u00fanico dos gatos. <\/p>\n","protected":false},"featured_media":12445,"comment_status":"open","ping_status":"closed","template":"","meta":[],"product_brand":[],"product_cat":[2532],"product_tag":[6479,6481,6477,6474,6482,2972,6480,6476],"merken":[],"class_list":{"0":"post-12443","1":"product","2":"type-product","3":"status-publish","4":"has-post-thumbnail","6":"product_cat-aromaterapia","7":"product_tag-gato-desparasitador-natural","8":"product_tag-gato-do-equilibrio-intestinal","9":"product_tag-gato-giardia","10":"product_tag-gato-guardiao-parasita","11":"product_tag-para-clean-cat","12":"product_tag-parasitas","13":"product_tag-suplemento-seguro-para-gatos","14":"product_tag-worms-cat","15":"infinite-scroll-item","16":"sales-flash-overlay","17":"woocommerce-text-align-center","18":"woocommerce-image-align-center","19":"do-quantity-buttons","21":"first","22":"instock","23":"taxable","24":"shipping-taxable","25":"purchasable","26":"product-type-simple"},"_links":{"self":[{"href":"https:\/\/www.ngdcare.nl\/pt-pt\/wp-json\/wp\/v2\/product\/12443","targetHints":{"allow":["GET"]}}],"collection":[{"href":"https:\/\/www.ngdcare.nl\/pt-pt\/wp-json\/wp\/v2\/product"}],"about":[{"href":"https:\/\/www.ngdcare.nl\/pt-pt\/wp-json\/wp\/v2\/types\/product"}],"replies":[{"embeddable":true,"href":"https:\/\/www.ngdcare.nl\/pt-pt\/wp-json\/wp\/v2\/comments?post=12443"}],"wp:featuredmedia":[{"embeddable":true,"href":"https:\/\/www.ngdcare.nl\/pt-pt\/wp-json\/wp\/v2\/media\/12445"}],"wp:attachment":[{"href":"https:\/\/www.ngdcare.nl\/pt-pt\/wp-json\/wp\/v2\/media?parent=12443"}],"wp:term":[{"taxonomy":"product_brand","embeddable":true,"href":"https:\/\/www.ngdcare.nl\/pt-pt\/wp-json\/wp\/v2\/product_brand?post=12443"},{"taxonomy":"product_cat","embeddable":true,"href":"https:\/\/www.ngdcare.nl\/pt-pt\/wp-json\/wp\/v2\/product_cat?post=12443"},{"taxonomy":"product_tag","embeddable":true,"href":"https:\/\/www.ngdcare.nl\/pt-pt\/wp-json\/wp\/v2\/product_tag?post=12443"},{"taxonomy":"merken","embeddable":true,"href":"https:\/\/www.ngdcare.nl\/pt-pt\/wp-json\/wp\/v2\/merken?post=12443"}],"curies":[{"name":"wp","href":"https:\/\/api.w.org\/{rel}","templated":true}]}}