{"id":12467,"date":"2026-01-22T22:01:40","date_gmt":"2026-01-22T21:01:40","guid":{"rendered":"https:\/\/www.ngdcare.nl\/product\/sem%20categoria\/guarda-intensa-contra-parasitas\/"},"modified":"2026-04-09T14:13:10","modified_gmt":"2026-04-09T12:13:10","slug":"guarda-intensa-contra-parasitas","status":"publish","type":"product","link":"https:\/\/www.ngdcare.nl\/pt-pt\/product\/aromaterapia\/guarda-intensa-contra-parasitas\/","title":{"rendered":"Guarda contra Parasitas \u2013 Intenso"},"content":{"rendered":"<p data-start=\"1169\" data-end=\"1488\"><strong data-start=\"1169\" data-end=\"1196\">O Intense Parasite Guard<\/strong> foi desenvolvido para c\u00e3es que necessitam de apoio extra devido ao stress parasit\u00e1rio no trato gastrointestinal. A f\u00f3rmula cont\u00e9m uma combina\u00e7\u00e3o equilibrada de \u00f3leo de semente de ab\u00f3bora, extrato de quassia, extrato de folha de oliveira e \u00f3leos essenciais <strong data-start=\"1364\" data-end=\"1444\">de or\u00e9g\u00e3os, tomilho, folha de canela, alecrim, hortel\u00e3-pimenta, lavanda e camomila romana<\/strong>, dissolvidos em \u00f3leo MCT para uma absor\u00e7\u00e3o ideal. <\/p>\n<p data-start=\"1490\" data-end=\"1797\">Estes \u00f3leos s\u00e3o conhecidos pelas suas amplas propriedades antimicrobianas e antiparasit\u00e1rias e s\u00e3o tradicionalmente usados para apoiar o ambiente intestinal em caso de press\u00e3o de vermes e carga de protozo\u00e1rios. Devido \u00e0 dosagem cuidadosa, a f\u00f3rmula mant\u00e9m-se eficaz e segura para os c\u00e3es, se aplicada corretamente. <\/p>\n<ul>\n<li data-start=\"461\" data-end=\"583\"><strong data-start=\"461\" data-end=\"479\">O or\u00e9g\u00e3os e o tomilho<\/strong> contribuem para um ambiente intestinal menos favor\u00e1vel a microrganismos indesejados e parasitas.<\/li>\n<li data-start=\"586\" data-end=\"673\"><strong data-start=\"586\" data-end=\"600\">A folha de canela<\/strong> apoia o equil\u00edbrio microbiano e ajuda a perturbar a forma\u00e7\u00e3o de biofilmes.<\/li>\n<li data-start=\"676\" data-end=\"778\"><strong data-start=\"676\" data-end=\"690\">O alecrim<\/strong> apoia a digest\u00e3o e a fun\u00e7\u00e3o biliar, essenciais para a sa\u00fade intestinal.<\/li>\n<li data-start=\"781\" data-end=\"859\"><strong data-start=\"781\" data-end=\"794\">A hortel\u00e3-pimenta<\/strong> contribui para uma evacua\u00e7\u00e3o normal e reduz o desconforto.<\/li>\n<li data-start=\"862\" data-end=\"961\"><strong data-start=\"862\" data-end=\"892\">A lavanda e a camomila romana<\/strong> proporcionam amaciamento e melhor toler\u00e2ncia \u00e0 f\u00f3rmula.<\/li>\n<\/ul>\n<p data-start=\"1799\" data-end=\"2053\">O Intense Parasite Guard destina-se a ser um <strong data-start=\"1838\" data-end=\"1862\">agente de apoio<\/strong>, n\u00e3o como um substituto do tratamento veterin\u00e1rio regular, e encaixa-se perfeitamente num <a href=\"https:\/\/www.ngdcare.nl\/pt-pt\/product\/digestao\/protocolo-intestinal\/\"><strong data-start=\"1959\" data-end=\"1987\">protocolo integrativo intestinal<\/strong><\/a>, no <a href=\"https:\/\/www.ngdcare.nl\/pt-pt\/product\/protocolos-pt-pt\/protocolo-da-giardia\/\">protocolo da gi\u00e1rdia<\/a> ou, por exemplo, em combina\u00e7\u00e3o com <strong data-start=\"2020\" data-end=\"2052\"><a href=\"https:\/\/www.ngdcare.nl\/pt-pt\/product\/digestao\/nac-berberine-para-limpar\/\">o Para Clean<\/a>.<\/strong><\/p>\n<p class=\"p3\"><b>N\u00e3o \u00e9 adequado para gatos.<\/b><\/p>\n","protected":false},"excerpt":{"rendered":"<p><strong>O NGD Care Intense Parasite Guard<\/strong> \u00e9 uma f\u00f3rmula potente e natural de \u00f3leo para apoiar o equil\u00edbrio intestinal em c\u00e3es com press\u00e3o parasit\u00e1ria, como vermes e protozo\u00e1rios (incluindo Giardia). A mistura cuidadosamente composta de \u00f3leos essenciais em dosagem segura para c\u00e3es funciona em sinergia com o protocolo NGD <a href=\"https:\/\/www.ngdcare.nl\/pt-pt\/product\/digestao\/nac-berberine-para-limpar\/\">Care Para Clean<\/a> ou <a href=\"https:\/\/www.ngdcare.nl\/pt-pt\/product\/protocolos-pt-pt\/protocolo-da-giardia\/\">giardia<\/a>. <\/p>\n","protected":false},"featured_media":12470,"comment_status":"open","ping_status":"closed","template":"","meta":{"wds_primary_product_brand":0,"wds_primary_product_cat":0,"wds_primary_merken":0},"product_brand":[],"product_cat":[2532],"product_tag":[6552,6550,6558,6556,6554,6560,5654,2972],"merken":[],"class_list":{"0":"post-12467","1":"product","2":"type-product","3":"status-publish","4":"has-post-thumbnail","6":"product_cat-aromaterapia","7":"product_tag-cao-das-minhocas","8":"product_tag-cao-de-guarda-parasita","9":"product_tag-cao-de-protocolo-intestinal","10":"product_tag-cao-desparasitador-natural","11":"product_tag-cao-giardia","12":"product_tag-oleo-essencial-para-caes","13":"product_tag-para-limpo","14":"product_tag-parasitas","15":"infinite-scroll-item","16":"sales-flash-overlay","17":"woocommerce-text-align-center","18":"woocommerce-image-align-center","19":"do-quantity-buttons","21":"first","22":"instock","23":"taxable","24":"shipping-taxable","25":"purchasable","26":"product-type-simple"},"_links":{"self":[{"href":"https:\/\/www.ngdcare.nl\/pt-pt\/wp-json\/wp\/v2\/product\/12467","targetHints":{"allow":["GET"]}}],"collection":[{"href":"https:\/\/www.ngdcare.nl\/pt-pt\/wp-json\/wp\/v2\/product"}],"about":[{"href":"https:\/\/www.ngdcare.nl\/pt-pt\/wp-json\/wp\/v2\/types\/product"}],"replies":[{"embeddable":true,"href":"https:\/\/www.ngdcare.nl\/pt-pt\/wp-json\/wp\/v2\/comments?post=12467"}],"wp:featuredmedia":[{"embeddable":true,"href":"https:\/\/www.ngdcare.nl\/pt-pt\/wp-json\/wp\/v2\/media\/12470"}],"wp:attachment":[{"href":"https:\/\/www.ngdcare.nl\/pt-pt\/wp-json\/wp\/v2\/media?parent=12467"}],"wp:term":[{"taxonomy":"product_brand","embeddable":true,"href":"https:\/\/www.ngdcare.nl\/pt-pt\/wp-json\/wp\/v2\/product_brand?post=12467"},{"taxonomy":"product_cat","embeddable":true,"href":"https:\/\/www.ngdcare.nl\/pt-pt\/wp-json\/wp\/v2\/product_cat?post=12467"},{"taxonomy":"product_tag","embeddable":true,"href":"https:\/\/www.ngdcare.nl\/pt-pt\/wp-json\/wp\/v2\/product_tag?post=12467"},{"taxonomy":"merken","embeddable":true,"href":"https:\/\/www.ngdcare.nl\/pt-pt\/wp-json\/wp\/v2\/merken?post=12467"}],"curies":[{"name":"wp","href":"https:\/\/api.w.org\/{rel}","templated":true}]}}