{"id":12522,"date":"2026-01-22T23:14:23","date_gmt":"2026-01-22T22:14:23","guid":{"rendered":"https:\/\/www.ngdcare.nl\/product\/sem%20categoria\/equilibrio-hormonal-masculino\/"},"modified":"2026-04-12T21:35:54","modified_gmt":"2026-04-12T19:35:54","slug":"equilibrio-hormonal-masculino","status":"publish","type":"product","link":"https:\/\/www.ngdcare.nl\/pt-pt\/product\/aromaterapia\/equilibrio-hormonal-masculino\/","title":{"rendered":"Equil\u00edbrio Hormonal \u2013 Masculino"},"content":{"rendered":"<p class=\"p1\">As flutua\u00e7\u00f5es hormonais podem levar a inquieta\u00e7\u00e3o, fixa\u00e7\u00e3o, comportamento dominante, marca\u00e7\u00e3o excessiva ou dificuldade em trocar em c\u00e3es machos. Este comportamento raramente \u00e9 &#8220;educativo&#8221;, mas muitas vezes resulta de um <span class=\"s1\"><b>sistema hormonal e de stress hiperativo<\/b><\/span>. <\/p>\n<p class=\"p1\"><span class=\"s1\"><b>Hormonal Balance \u2013 Male<\/b><\/span> \u00e9 um rolo de aromaterapia cuidadosamente formulado que apoia o corpo durante estas fases hormonais. A mistura tem um efeito aprofundante no <span class=\"s1\"><b>sistema nervoso e na resposta hormonal ao stress<\/b><\/span>, ajudando os c\u00e3es machos a experimentar paz, foco e limita\u00e7\u00f5es novamente. <\/p>\n<p class=\"p1\">A composi\u00e7\u00e3o \u00e9 <span class=\"s1\"><b>deliberadamente n\u00e3o ativadora<\/b><\/span> e livre de \u00f3leos citrinos estimulantes. Isto torna o rolo adequado para uso di\u00e1rio em caso de agita\u00e7\u00e3o hormonal, sem amortecer ou alterar o animal. <\/p>\n<ul>\n<li class=\"p1\"><b>Cedro <\/b><span class=\"s1\"> \u2013 Fronteira, Estabilidade<\/span><\/li>\n<li class=\"p1\"><span class=\"s1\"><b>Vetiver <\/b><\/span> \u2013 ativa\u00e7\u00e3o parassimp\u00e1tica profunda<\/li>\n<li class=\"p1\"><span class=\"s1\"><b>Manjerona <\/b><\/span> \u2013 relaxamento, sobreativa\u00e7\u00e3o da inibi\u00e7\u00e3o<\/li>\n<li class=\"p1\"><b>Lavanda <\/b><span class=\"s1\"> \u2013 descanso, relaxamento<\/span><\/li>\n<li class=\"p1\"><b>Incenso <\/b><span class=\"s1\">\u2013 regula\u00e7\u00e3o neurohormonal<\/span><\/li>\n<\/ul>\n<h4><b>Suportes em<\/b><\/h4>\n<ul>\n<li class=\"p1\">Hipersexualidade<\/li>\n<li class=\"p1\">Comportamento dominante ou impulsivo<\/li>\n<li class=\"p1\">Turbul\u00eancia Hormonal<\/li>\n<li class=\"p1\">Mudan\u00e7as de mudan\u00e7a pobres<\/li>\n<li class=\"p1\">Inquieta\u00e7\u00e3o pela presen\u00e7a de cadelas no cio<\/li>\n<\/ul>\n","protected":false},"excerpt":{"rendered":"<p class=\"p1\">Apoia c\u00e3es machos com turbul\u00eancia hormonal, comportamento hipersexual e rea\u00e7\u00f5es dominantes ou pobres de troca. <span class=\"s1\"><b>Equil\u00edbrio hormonal \u2013 O macho<\/b><\/span> ajuda a acalmar o sistema nervoso nos c\u00e3es machos e apoia o confinamento natural, sem anestesia ou supress\u00e3o.<\/p>\n","protected":false},"featured_media":12525,"comment_status":"open","ping_status":"closed","template":"","meta":{"wds_primary_product_brand":0,"wds_primary_product_cat":0,"wds_primary_merken":0},"product_brand":[],"product_cat":[2532],"product_tag":[6666,6662,6664,6660,6658,7849],"merken":[],"class_list":{"0":"post-12522","1":"product","2":"type-product","3":"status-publish","4":"has-post-thumbnail","6":"product_cat-aromaterapia","7":"product_tag-apoio-comportamental","8":"product_tag-cao-da-hipersexualidade","9":"product_tag-cao-de-aromaterapia","10":"product_tag-cao-dominante","11":"product_tag-equilibrio-hormonal-masculino","12":"product_tag-stress-e-comportamento","13":"infinite-scroll-item","14":"sales-flash-overlay","15":"woocommerce-text-align-center","16":"woocommerce-image-align-center","17":"do-quantity-buttons","19":"first","20":"instock","21":"taxable","22":"shipping-taxable","23":"purchasable","24":"product-type-simple"},"_links":{"self":[{"href":"https:\/\/www.ngdcare.nl\/pt-pt\/wp-json\/wp\/v2\/product\/12522","targetHints":{"allow":["GET"]}}],"collection":[{"href":"https:\/\/www.ngdcare.nl\/pt-pt\/wp-json\/wp\/v2\/product"}],"about":[{"href":"https:\/\/www.ngdcare.nl\/pt-pt\/wp-json\/wp\/v2\/types\/product"}],"replies":[{"embeddable":true,"href":"https:\/\/www.ngdcare.nl\/pt-pt\/wp-json\/wp\/v2\/comments?post=12522"}],"wp:featuredmedia":[{"embeddable":true,"href":"https:\/\/www.ngdcare.nl\/pt-pt\/wp-json\/wp\/v2\/media\/12525"}],"wp:attachment":[{"href":"https:\/\/www.ngdcare.nl\/pt-pt\/wp-json\/wp\/v2\/media?parent=12522"}],"wp:term":[{"taxonomy":"product_brand","embeddable":true,"href":"https:\/\/www.ngdcare.nl\/pt-pt\/wp-json\/wp\/v2\/product_brand?post=12522"},{"taxonomy":"product_cat","embeddable":true,"href":"https:\/\/www.ngdcare.nl\/pt-pt\/wp-json\/wp\/v2\/product_cat?post=12522"},{"taxonomy":"product_tag","embeddable":true,"href":"https:\/\/www.ngdcare.nl\/pt-pt\/wp-json\/wp\/v2\/product_tag?post=12522"},{"taxonomy":"merken","embeddable":true,"href":"https:\/\/www.ngdcare.nl\/pt-pt\/wp-json\/wp\/v2\/merken?post=12522"}],"curies":[{"name":"wp","href":"https:\/\/api.w.org\/{rel}","templated":true}]}}