{"id":12552,"date":"2026-01-22T23:26:52","date_gmt":"2026-01-22T22:26:52","guid":{"rendered":"https:\/\/www.ngdcare.nl\/product\/sem%20categoria\/equilibrio-hormonal-feminino\/"},"modified":"2026-04-12T21:34:56","modified_gmt":"2026-04-12T19:34:56","slug":"equilibrio-hormonal-feminino","status":"publish","type":"product","link":"https:\/\/www.ngdcare.nl\/pt-pt\/product\/aromaterapia\/equilibrio-hormonal-feminino\/","title":{"rendered":"Equil\u00edbrio Hormonal \u2013 Feminino"},"content":{"rendered":"<p>O calor e a gravidez falsa s\u00e3o processos naturais, mas podem ser acompanhados por mudan\u00e7as evidentes no comportamento e no bem-estar em algumas cadelas. Pensa em inseguran\u00e7a, medo, comportamento de retirada, letargia ou capacidade emocional. <\/p>\n<p class=\"p1\"><span class=\"s1\"><b>Equil\u00edbrio Hormonal \u2013 Feminino <\/b><\/span>foi desenvolvido para apoiar o corpo durante estas fases hormonais de <span class=\"s1\"><b>forma suave e reguladora<\/b><\/span> . A mistura de aromaterapia visa o <span class=\"s1\"><b>sistema de stress hormonal e a estabilidade emocional<\/b><\/span>, sem anestesiar ou interferir com processos naturais. <\/p>\n<p class=\"p1\">Este rolo \u00e9 adequado para uso tempor\u00e1rio em picos hormonais e tamb\u00e9m pode ser usado para mulheres sens\u00edveis ou emocionalmente reativas.<\/p>\n<h4><b>Composi\u00e7\u00e3o<\/b><\/h4>\n<ul>\n<li><strong><span class=\"s1\">Clary Sage<\/span><\/strong> \u2013 equil\u00edbrio hormonal, regula\u00e7\u00e3o<\/li>\n<li class=\"p1\"><strong><span class=\"s1\">Ger\u00e2nio<\/span><\/strong> \u2013 estabilidade end\u00f3crina e emocional<\/li>\n<li class=\"p1\"><strong>Lavanda<\/strong> <span class=\"s1\">\u2013 paz, seguran\u00e7a<\/span><\/li>\n<li class=\"p1\"><strong><span class=\"s1\">Camomila Romana <\/span><\/strong>\u2013 apoio reconfortante e emocional<\/li>\n<li class=\"p1\"><strong>Incenso<\/strong> <span class=\"s1\"><span class=\"s1\">\u2013 integra\u00e7\u00e3o e regula\u00e7\u00e3o<\/span><\/span><\/li>\n<\/ul>\n<h4><b>Suportes em<\/b><\/h4>\n<ul>\n<li class=\"p1\">Calor<\/li>\n<li class=\"p1\">Gravidez falsa<\/li>\n<li class=\"p1\">Flutua\u00e7\u00f5es hormonais<\/li>\n<li class=\"p1\">Incerteza emocional<\/li>\n<li class=\"p1\">Letargia ou comportamento de abstin\u00eancia<\/li>\n<\/ul>\n<p>&nbsp;<\/p>\n","protected":false},"excerpt":{"rendered":"<p class=\"p1\">Aromaterapia suave para apoiar mulheres com flutua\u00e7\u00f5es hormonais relacionadas com o cio e a gravidez falsa. <span class=\"s1\"><b>Equil\u00edbrio Hormonal \u2013 A mulher <\/b><\/span>ajuda a equilibrar a instabilidade emocional, a ansiedade e a letargia.<\/p>\n","protected":false},"featured_media":12554,"comment_status":"open","ping_status":"closed","template":"","meta":{"wds_primary_product_brand":0,"wds_primary_product_cat":0,"wds_primary_merken":0},"product_brand":[],"product_cat":[2532],"product_tag":[6735,6732,6730,6728,6734,7849],"merken":[],"class_list":{"0":"post-12552","1":"product","2":"type-product","3":"status-publish","4":"has-post-thumbnail","6":"product_cat-aromaterapia","7":"product_tag-cao-de-apoio-emocional","8":"product_tag-cao-de-falsa-gravidez","9":"product_tag-cao-no-cio","10":"product_tag-equilibrio-hormonal-vadia","11":"product_tag-idiota-da-aromaterapia","12":"product_tag-stress-e-comportamento","13":"infinite-scroll-item","14":"sales-flash-overlay","15":"woocommerce-text-align-center","16":"woocommerce-image-align-center","17":"do-quantity-buttons","19":"first","20":"instock","21":"taxable","22":"shipping-taxable","23":"purchasable","24":"product-type-simple"},"_links":{"self":[{"href":"https:\/\/www.ngdcare.nl\/pt-pt\/wp-json\/wp\/v2\/product\/12552","targetHints":{"allow":["GET"]}}],"collection":[{"href":"https:\/\/www.ngdcare.nl\/pt-pt\/wp-json\/wp\/v2\/product"}],"about":[{"href":"https:\/\/www.ngdcare.nl\/pt-pt\/wp-json\/wp\/v2\/types\/product"}],"replies":[{"embeddable":true,"href":"https:\/\/www.ngdcare.nl\/pt-pt\/wp-json\/wp\/v2\/comments?post=12552"}],"wp:featuredmedia":[{"embeddable":true,"href":"https:\/\/www.ngdcare.nl\/pt-pt\/wp-json\/wp\/v2\/media\/12554"}],"wp:attachment":[{"href":"https:\/\/www.ngdcare.nl\/pt-pt\/wp-json\/wp\/v2\/media?parent=12552"}],"wp:term":[{"taxonomy":"product_brand","embeddable":true,"href":"https:\/\/www.ngdcare.nl\/pt-pt\/wp-json\/wp\/v2\/product_brand?post=12552"},{"taxonomy":"product_cat","embeddable":true,"href":"https:\/\/www.ngdcare.nl\/pt-pt\/wp-json\/wp\/v2\/product_cat?post=12552"},{"taxonomy":"product_tag","embeddable":true,"href":"https:\/\/www.ngdcare.nl\/pt-pt\/wp-json\/wp\/v2\/product_tag?post=12552"},{"taxonomy":"merken","embeddable":true,"href":"https:\/\/www.ngdcare.nl\/pt-pt\/wp-json\/wp\/v2\/merken?post=12552"}],"curies":[{"name":"wp","href":"https:\/\/api.w.org\/{rel}","templated":true}]}}