{"id":12673,"date":"2026-01-23T09:13:52","date_gmt":"2026-01-23T08:13:52","guid":{"rendered":"https:\/\/www.ngdcare.nl\/product\/sem%20categoria\/apoio-a-prurica\/"},"modified":"2026-04-09T14:02:05","modified_gmt":"2026-04-09T12:02:05","slug":"apoio-a-prurica","status":"publish","type":"product","link":"https:\/\/www.ngdcare.nl\/pt-pt\/product\/veterinary-health\/aromaterapia\/apoio-a-prurica\/","title":{"rendered":"Apoio \u00e0 Pruri\u00e7a"},"content":{"rendered":"<p data-start=\"966\" data-end=\"1279\">O NGD Care <strong>Itch Support<\/strong> \u00e9 um spray cuidadosamente formulado \u00e0 base de \u00e1gua que apoia naturalmente a pele de c\u00e3es e gatos com comich\u00e3o e irrita\u00e7\u00e3o. A f\u00f3rmula combina <strong data-start=\"1153\" data-end=\"1201\">quatro \u00f3leos essenciais potentes, mas suaves<\/strong> , com <strong data-start=\"1206\" data-end=\"1245\">farinha de aveia coloidal (Avena sativa)<\/strong> e <strong data-start=\"1249\" data-end=\"1278\">aloe vera concentrada<\/strong>. Todos ingredientes com um efeito comprovado de apoio, sem aditivos desnecess\u00e1rios.  <\/p>\n<ul>\n<li data-start=\"2307\" data-end=\"2415\"><strong data-start=\"2307\" data-end=\"2344\">Lavanda <\/strong> \u2013 apoia o relaxamento da pele e ajuda na transmiss\u00e3o de est\u00edmulos<\/li>\n<li data-start=\"2418\" data-end=\"2519\"><strong data-start=\"2418\" data-end=\"2453\">Copaiba <\/strong> \u2013 apoia a regula\u00e7\u00e3o natural dos processos inflamat\u00f3rios<\/li>\n<li data-start=\"2522\" data-end=\"2620\"><strong data-start=\"2522\" data-end=\"2555\">Tansy azul <\/strong> \u2013 cont\u00e9m chamazuleno, conhecido pelas suas propriedades calmantes<\/li>\n<li data-start=\"2623\" data-end=\"2685\"><strong data-start=\"2623\" data-end=\"2647\">Helichrysum <\/strong> \u2013 apoia a repara\u00e7\u00e3o e o equil\u00edbrio da pele<\/li>\n<li data-start=\"2716\" data-end=\"2828\"><strong data-start=\"2716\" data-end=\"2755\">Farinha de aveia <\/strong> \u2013 rica em avenantr\u00e1mides, conhecida pelas suas propriedades calmantes para a pele<\/li>\n<li data-start=\"2831\" data-end=\"2923\"><strong data-start=\"2831\" data-end=\"2858\">Aloe vera<\/strong> \u2013 suporte concentrado para hidrata\u00e7\u00e3o e conforto da pele<\/li>\n<\/ul>\n<p data-start=\"1498\" data-end=\"1550\">Este spray pode ser usado para suportar o seguinte:<\/p>\n<ul>\n<li data-start=\"1553\" data-end=\"1595\">Comich\u00e3o devido a alergias ou hipersensibilidade<\/li>\n<li data-start=\"1598\" data-end=\"1629\">Vermelhid\u00e3o e pele irritada<\/li>\n<li data-start=\"1632\" data-end=\"1666\">Picada de insetos ou rea\u00e7\u00f5es de contacto<\/li>\n<li data-start=\"1669\" data-end=\"1700\">Queixas sazonais da pele<\/li>\n<li data-start=\"1703\" data-end=\"1740\">Pele seca, tensa ou sens\u00edvel<\/li>\n<\/ul>\n<p data-start=\"1742\" data-end=\"1777\">Adequado para <strong>pessoas, c\u00e3es e gatos<\/strong>. O suporte Itch encaixa perfeitamente no <a href=\"https:\/\/www.ngdcare.nl\/pt-pt\/product\/protocolos-pt-pt\/protocolo-cutaneo\/\">nosso protocolo de pele<\/a> como al\u00edvio sintom\u00e1tico. <\/p>\n","protected":false},"excerpt":{"rendered":"<p>Um spray suave mas eficaz para comich\u00e3o para c\u00e3es e gatos, desenvolvido a partir de \u00f3leos essenciais e extratos vegetais. O Intense Itch Support Spray apoia a recupera\u00e7\u00e3o natural da pele e ajuda a aliviar a comich\u00e3o, vermelhid\u00e3o e irrita\u00e7\u00e3o causadas por alergias, picadas de insetos ou pele sens\u00edvel. <\/p>\n","protected":false},"featured_media":12681,"comment_status":"open","ping_status":"closed","template":"","meta":{"wds_primary_product_brand":0,"wds_primary_product_cat":0,"wds_primary_merken":0},"product_brand":[],"product_cat":[2532,6378],"product_tag":[6910,6909,6903,6890,6900,2599,6893,6906,6911,7853,6895],"merken":[],"class_list":{"0":"post-12673","1":"product","2":"type-product","3":"status-publish","4":"has-post-thumbnail","6":"product_cat-aromaterapia","7":"product_cat-oleos-essenciais","8":"product_tag-aloe-vera","9":"product_tag-avena-sativa","10":"product_tag-cao-alergico","11":"product_tag-cao-com-comichao","12":"product_tag-cao-de-pele-sensivel","13":"product_tag-cuidados-com-ngd","14":"product_tag-gato-com-comichao","15":"product_tag-gato-com-irritacao-da-pele","16":"product_tag-oleos-essenciais-animais","17":"product_tag-pele-e-alergia","18":"product_tag-spray-natural-para-comichao","19":"infinite-scroll-item","20":"sales-flash-overlay","21":"woocommerce-text-align-center","22":"woocommerce-image-align-center","23":"do-quantity-buttons","25":"first","26":"instock","27":"taxable","28":"shipping-taxable","29":"purchasable","30":"product-type-simple"},"_links":{"self":[{"href":"https:\/\/www.ngdcare.nl\/pt-pt\/wp-json\/wp\/v2\/product\/12673","targetHints":{"allow":["GET"]}}],"collection":[{"href":"https:\/\/www.ngdcare.nl\/pt-pt\/wp-json\/wp\/v2\/product"}],"about":[{"href":"https:\/\/www.ngdcare.nl\/pt-pt\/wp-json\/wp\/v2\/types\/product"}],"replies":[{"embeddable":true,"href":"https:\/\/www.ngdcare.nl\/pt-pt\/wp-json\/wp\/v2\/comments?post=12673"}],"wp:featuredmedia":[{"embeddable":true,"href":"https:\/\/www.ngdcare.nl\/pt-pt\/wp-json\/wp\/v2\/media\/12681"}],"wp:attachment":[{"href":"https:\/\/www.ngdcare.nl\/pt-pt\/wp-json\/wp\/v2\/media?parent=12673"}],"wp:term":[{"taxonomy":"product_brand","embeddable":true,"href":"https:\/\/www.ngdcare.nl\/pt-pt\/wp-json\/wp\/v2\/product_brand?post=12673"},{"taxonomy":"product_cat","embeddable":true,"href":"https:\/\/www.ngdcare.nl\/pt-pt\/wp-json\/wp\/v2\/product_cat?post=12673"},{"taxonomy":"product_tag","embeddable":true,"href":"https:\/\/www.ngdcare.nl\/pt-pt\/wp-json\/wp\/v2\/product_tag?post=12673"},{"taxonomy":"merken","embeddable":true,"href":"https:\/\/www.ngdcare.nl\/pt-pt\/wp-json\/wp\/v2\/merken?post=12673"}],"curies":[{"name":"wp","href":"https:\/\/api.w.org\/{rel}","templated":true}]}}