{"id":17385,"date":"2026-03-29T14:07:28","date_gmt":"2026-03-29T12:07:28","guid":{"rendered":"https:\/\/www.ngdcare.nl\/product\/sem categoria\/oleo-essencial-alinhamento-interior-chakra-1-4-e-7\/"},"modified":"2026-03-29T14:07:28","modified_gmt":"2026-03-29T12:07:28","slug":"oleo-essencial-alinhamento-interior-chakra-1-4-e-7","status":"publish","type":"product","link":"https:\/\/www.ngdcare.nl\/pt-pt\/product\/veterinary-health\/aromaterapia\/oleo-essencial-alinhamento-interior-chakra-1-4-e-7\/","title":{"rendered":"\u00d3leo essencial Alinhamento Interior \u2013 Chakra 1, 4 e 7"},"content":{"rendered":"<p style=\"font-weight: 400;\"><strong>O Alinhamento Interior<\/strong> \u00e9 uma combina\u00e7\u00e3o de \u00f3leos essenciais para os chakras 1, 4 e 7 \u2014 os tr\u00eas centros de energia que se combinam para proporcionar corporifica\u00e7\u00e3o, liga\u00e7\u00e3o amorosa e alinhamento espiritual. Este \u00f3leo ajuda-o a voltar para si pr\u00f3prio, abre o seu cora\u00e7\u00e3o e traz paz de esp\u00edrito. <\/p>\n<p style=\"font-weight: 400;\" data-start=\"1030\" data-end=\"1079\">Especialmente formulado com \u00f3leos essenciais que:<\/p>\n<ul>\n<li data-start=\"1082\" data-end=\"1113\">Proteger em caso de sobreestimula\u00e7\u00e3o<\/li>\n<li data-start=\"1116\" data-end=\"1147\">ajudar-te a deixar ir e relaxar<\/li>\n<li data-start=\"1150\" data-end=\"1199\">Restaurar a liga\u00e7\u00e3o entre corpo e alma<\/li>\n<\/ul>\n<p style=\"font-weight: 400;\" data-start=\"1201\" data-end=\"1295\">Este \u00f3leo \u00e9 particularmente adequado para <strong data-start=\"1240\" data-end=\"1274\">pessoas e animais altamente sens\u00edveis<\/strong>, por exemplo:<\/p>\n<ul>\n<li data-start=\"1298\" data-end=\"1327\">inquieta\u00e7\u00e3o, stress, dissocia\u00e7\u00e3o<\/li>\n<li data-start=\"1330\" data-end=\"1347\">Luto ou perda<\/li>\n<li data-start=\"1350\" data-end=\"1373\">Confus\u00e3o espiritual<\/li>\n<li data-start=\"1376\" data-end=\"1402\">Sobrecarga emocional<\/li>\n<li data-start=\"1405\" data-end=\"1440\">Necessidade de enraizamento ou inspira\u00e7\u00e3o<\/li>\n<\/ul>\n<p data-start=\"1442\" data-end=\"1587\"><strong>Composi\u00e7\u00e3o. O Alinhamento Interior cont\u00e9m \u00f3leos essenciais 100% puros e naturais de: <\/strong><\/p>\n<ul>\n<li><strong>Vetiver<\/strong> \u2013 enraizamento profundo, estabilidade, contra a inquieta\u00e7\u00e3o e o stress<\/li>\n<li><strong data-start=\"1720\" data-end=\"1733\">Cedarwood<\/strong> \u2013 refor\u00e7a a seguran\u00e7a e a prote\u00e7\u00e3o<\/li>\n<li><strong data-start=\"1777\" data-end=\"1792\">Ylang Ylang<\/strong> \u2013 abre o cora\u00e7\u00e3o e relaxa as emo\u00e7\u00f5es<\/li>\n<li><strong data-start=\"1834\" data-end=\"1846\">Lavanda<\/strong> \u2013 calmante, acalma o sistema nervoso e a frequ\u00eancia card\u00edaca, faz a ponte entre o cora\u00e7\u00e3o e a cabe\u00e7a<\/li>\n<li><strong data-start=\"1905\" data-end=\"1919\">S\u00e2ndalo<\/strong> \u2013 promove o sil\u00eancio interior, o enraizamento profundo e a liga\u00e7\u00e3o espiritual<\/li>\n<li><strong data-start=\"1978\" data-end=\"2004\">Incenso<\/strong> \u2013 abre o chakra da coroa e fortalece a consci\u00eancia da alma<\/li>\n<li data-start=\"1222\" data-end=\"1287\"><strong data-start=\"1222\" data-end=\"1257\">Bergamota<\/strong> \u2013 leveza, alegria<\/li>\n<li class=\"p1\"><strong>Mirra<\/strong> \u2013 Ajuda a libertar dor antiga, poder feminino profundo<\/li>\n<\/ul>\n<p><span class=\"s2\">Esta combina\u00e7\u00e3o apoia <\/span><b>o relaxamento orientado para o corpo<\/b><span class=\"s2\"> (chakra 1), <\/span><b>a regula\u00e7\u00e3o emocional<\/b><span class=\"s2\"> (chakra 4), bem como a <\/span><b>liberta\u00e7\u00e3o mental e confian\u00e7a<\/b><span class=\"s2\"> (chakra 7).<\/span><\/p>\n<p>O \u00f3leo pode ser colocado num difusor para restabelecer o equil\u00edbrio para humanos e animais ap\u00f3s um dia emocionalmente ocupado. O \u00f3leo combina muito bem com a ess\u00eancia floral Inner Alignment. <\/p>\n","protected":false},"excerpt":{"rendered":"<div>\n<p>Uma mistura de \u00f3leos calmantes que liga corpo, cora\u00e7\u00e3o e alma. Com cedro, vetiver, lavanda, ylang ylang, s\u00e2ndalo e incenso. Apoia os chakras 1, 4 e 7 para uma incorpora\u00e7\u00e3o profunda, abertura do cora\u00e7\u00e3o e liga\u00e7\u00e3o espiritual.  <\/p>\n<\/div>\n","protected":false},"featured_media":0,"comment_status":"open","ping_status":"closed","template":"","meta":{"wds_primary_product_brand":0,"wds_primary_product_cat":0,"wds_primary_merken":0},"product_brand":[],"product_cat":[2532,6378],"product_tag":[3616,3624,7659,3620,2599,3622,7657,7656],"merken":[],"class_list":{"0":"post-17385","1":"product","2":"type-product","3":"status-publish","5":"product_cat-aromaterapia","6":"product_cat-oleos-essenciais","7":"product_tag-alinhamento-interno","8":"product_tag-chakra-coronario","9":"product_tag-chakra-do-coracao","10":"product_tag-conexao-espiritual","11":"product_tag-cuidados-com-ngd","12":"product_tag-ligacao-a-terra","13":"product_tag-oleo-de-chakra","14":"product_tag-rolo-de-oleo-essencial","15":"infinite-scroll-item","16":"sales-flash-overlay","17":"woocommerce-text-align-center","18":"woocommerce-image-align-center","19":"do-quantity-buttons","21":"first","22":"instock","23":"featured","24":"taxable","25":"shipping-taxable","26":"purchasable","27":"product-type-simple"},"_links":{"self":[{"href":"https:\/\/www.ngdcare.nl\/pt-pt\/wp-json\/wp\/v2\/product\/17385","targetHints":{"allow":["GET"]}}],"collection":[{"href":"https:\/\/www.ngdcare.nl\/pt-pt\/wp-json\/wp\/v2\/product"}],"about":[{"href":"https:\/\/www.ngdcare.nl\/pt-pt\/wp-json\/wp\/v2\/types\/product"}],"replies":[{"embeddable":true,"href":"https:\/\/www.ngdcare.nl\/pt-pt\/wp-json\/wp\/v2\/comments?post=17385"}],"wp:attachment":[{"href":"https:\/\/www.ngdcare.nl\/pt-pt\/wp-json\/wp\/v2\/media?parent=17385"}],"wp:term":[{"taxonomy":"product_brand","embeddable":true,"href":"https:\/\/www.ngdcare.nl\/pt-pt\/wp-json\/wp\/v2\/product_brand?post=17385"},{"taxonomy":"product_cat","embeddable":true,"href":"https:\/\/www.ngdcare.nl\/pt-pt\/wp-json\/wp\/v2\/product_cat?post=17385"},{"taxonomy":"product_tag","embeddable":true,"href":"https:\/\/www.ngdcare.nl\/pt-pt\/wp-json\/wp\/v2\/product_tag?post=17385"},{"taxonomy":"merken","embeddable":true,"href":"https:\/\/www.ngdcare.nl\/pt-pt\/wp-json\/wp\/v2\/merken?post=17385"}],"curies":[{"name":"wp","href":"https:\/\/api.w.org\/{rel}","templated":true}]}}