{"id":19402,"date":"2026-05-07T22:44:34","date_gmt":"2026-05-07T20:44:34","guid":{"rendered":"https:\/\/www.ngdcare.nl\/product\/sem categoria\/shilait\/"},"modified":"2026-05-07T22:44:34","modified_gmt":"2026-05-07T20:44:34","slug":"shilait","status":"publish","type":"product","link":"https:\/\/www.ngdcare.nl\/pt-pt\/product\/veterinary-health\/suplementos-ortomoleculares\/shilait\/","title":{"rendered":"Shilait"},"content":{"rendered":"<p class=\"font-claude-response-body break-words whitespace-normal leading-[1.7]\">O shilajit n\u00e3o \u00e9 um suplemento comum, mas sim um fitocomplexo: uma matriz biologicamente rica de centenas de compostos, formada pela convers\u00e3o mil\u00e9niaria de material vegetal por microrganismos em fendas rochosas das altas montanhas. As duas fra\u00e7\u00f5es clinicamente mais relevantes s\u00e3o o \u00e1cido f\u00falvico (60 a 80% do extrato) e as dibenzo-alfa-pironas (DBPs). <\/p>\n<p class=\"font-claude-response-body break-words whitespace-normal leading-[1.7]\">O \u00e1cido f\u00falvico tem um baixo peso molecular que lhe permite passar pelas paredes celulares sem esfor\u00e7o. Atua como antioxidante atrav\u00e9s da doa\u00e7\u00e3o de eletr\u00f5es, como transportador mineral para ferro, zinco e magn\u00e9sio, como inibidor de NF-kB para inflama\u00e7\u00e3o cr\u00f3nica e como estimulador da Akkermansia muciniphila para a barreira intestinal. As DBPs s\u00e3o compostos \u00fanicos que n\u00e3o se encontram em mais lado nenhum na natureza e suportam diretamente a cadeia de transporte de eletr\u00f5es mitocondriais, sinergicamente com a CoQ10.  <\/p>\n<p class=\"font-claude-response-body break-words whitespace-normal leading-[1.7]\">Clinicamente relevante: Um ensaio cl\u00ednico randomizado mostrou que oito semanas de shilajit aumentaram significativamente o marcador s\u00e9rico para a s\u00edntese de colag\u00e9nio tipo I. Em c\u00e3es com artrite, um estudo observacional de 120 dias mostrou redu\u00e7\u00f5es na dor e inflama\u00e7\u00e3o. Uma revis\u00e3o de 2025 confirmou a sua seguran\u00e7a e efeito anti-inflamat\u00f3rio em humanos.  <\/p>\n<p class=\"font-claude-response-body break-words whitespace-normal leading-[1.7]\">O Shilajit \u00e9 a primeira escolha para humanos na fase 2 do Protocolo de Cuidados Intestinais NGD. Para animais, o suporte da barreira intestinal (\u00e1cidos f\u00falvicos e h\u00famicos) \u00e9 a variante preferida. Ambos funcionam atrav\u00e9s dos mesmos mecanismos do \u00e1cido f\u00falvico. Pode tamb\u00e9m ser usado no Protocolo da Velhice, Protocolo Articular e como suplemento separado para inflama\u00e7\u00e3o cr\u00f3nica e fadiga.   <\/p>\n<p>Leia aqui o nosso extenso blogue sobre <a href=\"https:\/\/www.ngdcare.nl\/pt-pt\/blogue\/shilait\/\">Shilait<\/a>.<\/p>\n","protected":false},"excerpt":{"rendered":"<p>Shilajit \u00e9 um fitocomplexo de alta montanha com uma combina\u00e7\u00e3o \u00fanica de \u00e1cido f\u00falvico, dibenzo-alfa-pir\u00f3nios e minerais em forma i\u00f3nica. Apoia a produ\u00e7\u00e3o de energia mitocondrial, inibe a inflama\u00e7\u00e3o cr\u00f3nica, melhora a absor\u00e7\u00e3o de minerais e ajuda a restaurar a barreira intestinal atrav\u00e9s da estimula\u00e7\u00e3o da Akkermansia mucin\u00edfila. Primeira escolha para pessoas na fase 2 do Protocolo de Cuidados Intestinais NGD.  <\/p>\n","protected":false},"featured_media":0,"comment_status":"closed","ping_status":"closed","template":"","meta":{"wds_primary_product_brand":0,"wds_primary_product_cat":0,"wds_primary_merken":0},"product_brand":[],"product_cat":[8555,1814],"product_tag":[],"merken":[],"class_list":{"0":"post-19402","1":"product","2":"type-product","3":"status-publish","5":"product_cat-veterinary-health","6":"product_cat-suplementos-ortomoleculares","7":"infinite-scroll-item","8":"sales-flash-overlay","9":"woocommerce-text-align-center","10":"woocommerce-image-align-center","11":"do-quantity-buttons","13":"first","14":"instock","15":"taxable","16":"shipping-taxable","17":"purchasable","18":"product-type-simple"},"_links":{"self":[{"href":"https:\/\/www.ngdcare.nl\/pt-pt\/wp-json\/wp\/v2\/product\/19402","targetHints":{"allow":["GET"]}}],"collection":[{"href":"https:\/\/www.ngdcare.nl\/pt-pt\/wp-json\/wp\/v2\/product"}],"about":[{"href":"https:\/\/www.ngdcare.nl\/pt-pt\/wp-json\/wp\/v2\/types\/product"}],"replies":[{"embeddable":true,"href":"https:\/\/www.ngdcare.nl\/pt-pt\/wp-json\/wp\/v2\/comments?post=19402"}],"wp:attachment":[{"href":"https:\/\/www.ngdcare.nl\/pt-pt\/wp-json\/wp\/v2\/media?parent=19402"}],"wp:term":[{"taxonomy":"product_brand","embeddable":true,"href":"https:\/\/www.ngdcare.nl\/pt-pt\/wp-json\/wp\/v2\/product_brand?post=19402"},{"taxonomy":"product_cat","embeddable":true,"href":"https:\/\/www.ngdcare.nl\/pt-pt\/wp-json\/wp\/v2\/product_cat?post=19402"},{"taxonomy":"product_tag","embeddable":true,"href":"https:\/\/www.ngdcare.nl\/pt-pt\/wp-json\/wp\/v2\/product_tag?post=19402"},{"taxonomy":"merken","embeddable":true,"href":"https:\/\/www.ngdcare.nl\/pt-pt\/wp-json\/wp\/v2\/merken?post=19402"}],"curies":[{"name":"wp","href":"https:\/\/api.w.org\/{rel}","templated":true}]}}