{"id":6380,"date":"2024-01-22T22:07:19","date_gmt":"2024-01-22T22:07:19","guid":{"rendered":"https:\/\/www.ngdcare.nl\/product\/sem%20categoria\/kefir-de-agua-probioticos-fermentados\/"},"modified":"2026-04-09T21:26:49","modified_gmt":"2026-04-09T19:26:49","slug":"kefir-de-agua-probioticos-fermentados","status":"publish","type":"product","link":"https:\/\/www.ngdcare.nl\/pt-pt\/product\/veterinary-health\/suplementos-ortomoleculares\/kefir-de-agua-probioticos-fermentados\/","title":{"rendered":"Probi\u00f3ticos fermentados"},"content":{"rendered":"<p style=\"font-weight: 400;\"><strong>NGD Care \u2013 Probi\u00f3ticos Fermentados<\/strong> \u00e9 um kefir de \u00e1gua fermentado liofilizado. Esta f\u00f3rmula cont\u00e9m <strong>mais de 50 estirpes diferentes de bact\u00e9rias e leveduras naturais<\/strong>, incluindo v\u00e1rias esp\u00e9cies de <em>Lactobacillus<\/em>, <em>Saccharomyces<\/em>, <em>Candida<\/em>, <em>Kluyveromyces<\/em> e <em>Acetobacter<\/em>. Isto faz dele um complexo probi\u00f3tico de a\u00e7\u00e3o ampla que apoia o microbioma em m\u00faltiplos n\u00edveis.  <\/p>\n<p style=\"font-weight: 400;\">O kefir de \u00e1gua \u00e9 ideal para animais com problemas intestinais, perturba\u00e7\u00f5es da flora intestinal ou ap\u00f3s a administra\u00e7\u00e3o de medicamentos como antibi\u00f3ticos, medicamentos para pulgas ou desparasita\u00e7\u00e3o. Contribui para restaurar o equil\u00edbrio microbiano e fortalece a fun\u00e7\u00e3o de barreira da parede intestinal. Al\u00e9m disso, tem uma influ\u00eancia positiva no sistema imunit\u00e1rio, no balan\u00e7o energ\u00e9tico e no bem-estar geral do animal.  <\/p>\n<p style=\"font-weight: 400;\">Ao contr\u00e1rio dos produtos probi\u00f3ticos isolados, o kefir de \u00e1gua oferece um produto totalmente fermentado, que proporciona uma simbiose natural de bact\u00e9rias e leveduras. Esta sinergia \u00e9 essencial para a coloniza\u00e7\u00e3o, diversidade e funcionamento do microbioma intestinal. <\/p>\n","protected":false},"excerpt":{"rendered":"<p>Esta bebida de \u00e1gua fermentada liofilizada cont\u00e9m mais de 50 estirpes de bact\u00e9rias e leveduras. Suporta a flora intestinal, digest\u00e3o e sistema imunol\u00f3gico em c\u00e3es e gatos. Ideal ap\u00f3s antibi\u00f3ticos ou desparasita\u00e7\u00e3o.  <\/p>\n","protected":false},"featured_media":17831,"comment_status":"open","ping_status":"closed","template":"","meta":{"wds_primary_product_brand":0,"wds_primary_product_cat":16,"wds_primary_merken":0},"product_brand":[],"product_cat":[1812,1945,1814],"product_tag":[1816,1818,1946,1958,1947,1820,1951,1959,1955,1956,1847,1957,1953,1949,1948],"merken":[],"class_list":{"0":"post-6380","1":"product","2":"type-product","3":"status-publish","4":"has-post-thumbnail","6":"product_cat-digestao","7":"product_cat-sistema-imunitario","8":"product_cat-suplementos-ortomoleculares","9":"product_tag-animais","10":"product_tag-caes","11":"product_tag-cao","12":"product_tag-fermentacao","13":"product_tag-gato-pt-pt","14":"product_tag-gatos","15":"product_tag-holistica","16":"product_tag-kefir-pt-pt","17":"product_tag-kefir-de-agua-pt-pt","18":"product_tag-microbioma-pt-pt","19":"product_tag-ngd-suplementos-de-cuidados","20":"product_tag-probioticos-pt-pt","21":"product_tag-saude-intestinal","22":"product_tag-sistema-imunitario","23":"product_tag-suplemento-pt-pt","24":"infinite-scroll-item","25":"sales-flash-overlay","26":"woocommerce-text-align-center","27":"woocommerce-image-align-center","28":"do-quantity-buttons","30":"first","31":"instock","32":"taxable","33":"shipping-taxable","34":"purchasable","35":"product-type-simple"},"_links":{"self":[{"href":"https:\/\/www.ngdcare.nl\/pt-pt\/wp-json\/wp\/v2\/product\/6380","targetHints":{"allow":["GET"]}}],"collection":[{"href":"https:\/\/www.ngdcare.nl\/pt-pt\/wp-json\/wp\/v2\/product"}],"about":[{"href":"https:\/\/www.ngdcare.nl\/pt-pt\/wp-json\/wp\/v2\/types\/product"}],"replies":[{"embeddable":true,"href":"https:\/\/www.ngdcare.nl\/pt-pt\/wp-json\/wp\/v2\/comments?post=6380"}],"wp:featuredmedia":[{"embeddable":true,"href":"https:\/\/www.ngdcare.nl\/pt-pt\/wp-json\/wp\/v2\/media\/17831"}],"wp:attachment":[{"href":"https:\/\/www.ngdcare.nl\/pt-pt\/wp-json\/wp\/v2\/media?parent=6380"}],"wp:term":[{"taxonomy":"product_brand","embeddable":true,"href":"https:\/\/www.ngdcare.nl\/pt-pt\/wp-json\/wp\/v2\/product_brand?post=6380"},{"taxonomy":"product_cat","embeddable":true,"href":"https:\/\/www.ngdcare.nl\/pt-pt\/wp-json\/wp\/v2\/product_cat?post=6380"},{"taxonomy":"product_tag","embeddable":true,"href":"https:\/\/www.ngdcare.nl\/pt-pt\/wp-json\/wp\/v2\/product_tag?post=6380"},{"taxonomy":"merken","embeddable":true,"href":"https:\/\/www.ngdcare.nl\/pt-pt\/wp-json\/wp\/v2\/merken?post=6380"}],"curies":[{"name":"wp","href":"https:\/\/api.w.org\/{rel}","templated":true}]}}