{"id":6384,"date":"2024-01-22T21:48:11","date_gmt":"2024-01-22T21:48:11","guid":{"rendered":"https:\/\/www.ngdcare.nl\/product\/sem%20categoria\/membrana-lipossomica-da-casca-do-ovo-suporte-a-mobilidade-lipossomica\/"},"modified":"2026-03-26T10:50:43","modified_gmt":"2026-03-26T09:50:43","slug":"membrana-lipossomica-da-casca-do-ovo-suporte-a-mobilidade-lipossomica","status":"publish","type":"product","link":"https:\/\/www.ngdcare.nl\/pt-pt\/product\/farmacia-natural-para-animais-de-estimacao\/lipossomica\/membrana-lipossomica-da-casca-do-ovo-suporte-a-mobilidade-lipossomica\/","title":{"rendered":"Membrana liposs\u00f3mica da casca do ovo \u2013 Suporte \u00e0 mobilidade liposs\u00f3mica"},"content":{"rendered":"<p data-start=\"189\" data-end=\"554\"><strong data-start=\"189\" data-end=\"232\">O Suporte \u00e0 Mobilidade Liposomal da NGD Care<\/strong> \u00e9 um suplemento adicional para apoiar as articula\u00e7\u00f5es, cartilagem e estruturas do tecido conjuntivo de c\u00e3es e gatos. A f\u00f3rmula foi desenvolvida para animais que podem necessitar de suporte extra em caso de rigidez, esfor\u00e7o nas articula\u00e7\u00f5es ou desgaste relacionado com a idade, mas tamb\u00e9m para animais jovens em crescimento. A forma lipossomal foi escolhida para apoiar a absor\u00e7\u00e3o da melhor forma poss\u00edvel. Isto torna este suplemento tamb\u00e9m adequado para animais com digest\u00e3o sens\u00edvel ou capacidade de absor\u00e7\u00e3o reduzida.   <\/p>\n<p data-start=\"756\" data-end=\"854\">A composi\u00e7\u00e3o cont\u00e9m uma combina\u00e7\u00e3o de quatro blocos fundamentais importantes para o sistema musculoesquel\u00e9tico:<\/p>\n<ul>\n<li><strong data-start=\"856\" data-end=\"878\">Membrana de casca de ovo<\/strong><br data-start=\"878\" data-end=\"881\">A membrana da casca do ovo \u00e9 naturalmente rica em colag\u00e9nio tipo I, V e X, \u00e1cido hialur\u00f3nico, glucosamina, sulfato de condroitina e elastina. Esta matriz natural apoia a constru\u00e7\u00e3o e manuten\u00e7\u00e3o da cartilagem, tecido conjuntivo e estruturas articulares. <\/li>\n<li><strong data-start=\"1121\" data-end=\"1142\">Colag\u00e9nio tipo II<\/strong><br data-start=\"1142\" data-end=\"1145\">O colag\u00e9nio tipo II \u00e9 um importante bloco estrutural da cartilagem articular. Esta adi\u00e7\u00e3o torna a f\u00f3rmula ainda mais direcionada para animais com distens\u00e3o articular, osteoartrite ou outras altera\u00e7\u00f5es degenerativas na cartilagem. <\/li>\n<li><strong data-start=\"1375\" data-end=\"1390\">Glucosamina<\/strong><br data-start=\"1390\" data-end=\"1393\">A glucosamina apoia a constru\u00e7\u00e3o da cartilagem, tend\u00f5es e tecido conjuntivo. \u00c9 amplamente utilizado como nutriente para o sistema musculoesquel\u00e9tico de animais que necessitam de suporte extra para um movimento suave. <\/li>\n<li><strong data-start=\"1601\" data-end=\"1624\">Sulfato de condroitina<\/strong><br data-start=\"1624\" data-end=\"1627\">O sulfato de condroitina apoia a estrutura, resili\u00eancia e liga\u00e7\u00e3o \u00e0 humidade da cartilagem. \u00c9 um elemento fundamental bem conhecido nos suplementos articulares. <\/li>\n<\/ul>\n<p data-start=\"1795\" data-end=\"2161\"><strong data-start=\"1795\" data-end=\"1853\">Quando \u00e9 que o Suporte \u00e0 Mobilidade Lipossomal \u00e9 frequentemente utilizado?<\/strong><br data-start=\"1853\" data-end=\"1856\">Este suplemento \u00e9 frequentemente usado para apoiar c\u00e3es e gatos com osteoartrite, artrite, rigidez ou outros problemas articulares. Al\u00e9m disso, tamb\u00e9m se adapta bem a idosos, animais ativos, ra\u00e7as grandes e animais jovens em crescimento, quando se deseja suporte extra da cartilagem, tecido conjuntivo e constru\u00e7\u00e3o de colag\u00e9nio. <\/p>\n","protected":false},"excerpt":{"rendered":"<p style=\"font-weight: 400;\">Membrana lipossomal em casca de ovo com colag\u00e9nio tipo II para repara\u00e7\u00e3o articular, suporte de cartilagem e redu\u00e7\u00e3o da dor na osteoartrite e artrite. Para c\u00e3es e gatos <\/p>\n","protected":false},"featured_media":17864,"comment_status":"open","ping_status":"closed","template":"","meta":[],"product_brand":[],"product_cat":[1985,1986,1814],"product_tag":[],"merken":[],"class_list":{"0":"post-6384","1":"product","2":"type-product","3":"status-publish","4":"has-post-thumbnail","6":"product_cat-articulacoes","7":"product_cat-lipossomica","8":"product_cat-suplementos-ortomoleculares","9":"infinite-scroll-item","10":"sales-flash-overlay","11":"woocommerce-text-align-center","12":"woocommerce-image-align-center","13":"do-quantity-buttons","15":"first","16":"instock","17":"taxable","18":"shipping-taxable","19":"purchasable","20":"product-type-simple"},"_links":{"self":[{"href":"https:\/\/www.ngdcare.nl\/pt-pt\/wp-json\/wp\/v2\/product\/6384","targetHints":{"allow":["GET"]}}],"collection":[{"href":"https:\/\/www.ngdcare.nl\/pt-pt\/wp-json\/wp\/v2\/product"}],"about":[{"href":"https:\/\/www.ngdcare.nl\/pt-pt\/wp-json\/wp\/v2\/types\/product"}],"replies":[{"embeddable":true,"href":"https:\/\/www.ngdcare.nl\/pt-pt\/wp-json\/wp\/v2\/comments?post=6384"}],"wp:featuredmedia":[{"embeddable":true,"href":"https:\/\/www.ngdcare.nl\/pt-pt\/wp-json\/wp\/v2\/media\/17864"}],"wp:attachment":[{"href":"https:\/\/www.ngdcare.nl\/pt-pt\/wp-json\/wp\/v2\/media?parent=6384"}],"wp:term":[{"taxonomy":"product_brand","embeddable":true,"href":"https:\/\/www.ngdcare.nl\/pt-pt\/wp-json\/wp\/v2\/product_brand?post=6384"},{"taxonomy":"product_cat","embeddable":true,"href":"https:\/\/www.ngdcare.nl\/pt-pt\/wp-json\/wp\/v2\/product_cat?post=6384"},{"taxonomy":"product_tag","embeddable":true,"href":"https:\/\/www.ngdcare.nl\/pt-pt\/wp-json\/wp\/v2\/product_tag?post=6384"},{"taxonomy":"merken","embeddable":true,"href":"https:\/\/www.ngdcare.nl\/pt-pt\/wp-json\/wp\/v2\/merken?post=6384"}],"curies":[{"name":"wp","href":"https:\/\/api.w.org\/{rel}","templated":true}]}}