{"id":6571,"date":"2025-05-30T00:05:46","date_gmt":"2025-05-29T22:05:46","guid":{"rendered":"https:\/\/www.ngdcare.nl\/product\/sem%20categoria\/5-verduras\/"},"modified":"2025-11-26T22:43:30","modified_gmt":"2025-11-26T21:43:30","slug":"5-verduras","status":"publish","type":"product","link":"https:\/\/www.ngdcare.nl\/pt-pt\/product\/veterinary-health\/enriquecimento\/coberturas-de-alimentos\/5-verduras\/","title":{"rendered":"Cinco greens"},"content":{"rendered":"<p data-start=\"3693\" data-end=\"4089\"><strong>Five Greens<\/strong> consiste em cinco esp\u00e9cies de gram\u00edneas ricas em clorofila: <strong>Kamut<\/strong> (erva-do-trigo antigo), <strong>capim-cevada<\/strong>, <strong>capim-de-aveia<\/strong>, <strong>erva-do-trigo<\/strong> e <strong>alfafa<\/strong>. Estes ingredientes fornecem minerais naturais, fitonutrientes e corantes vegetais que tradicionalmente t\u00eam sido usados como suplemento \u00e0 dieta di\u00e1ria. As plantas verdes tamb\u00e9m cont\u00eam fibra e micronutrientes que se adaptam a uma dieta variada e natural. S\u00e3o prensados a frio para garantir a qualidade e cont\u00eam muitas vitaminas (v\u00e1rias vitaminas do complexo B), minerais (ferro, zinco, magn\u00e9sio e f\u00f3sforo) e enzimas. Cont\u00e9m uma elevada concentra\u00e7\u00e3o de clorofila.    <\/p>\n<p data-start=\"4091\" data-end=\"4509\">A combina\u00e7\u00e3o destas cinco gram\u00edneas confere um sabor puro e neutro que combina bem com quase qualquer refei\u00e7\u00e3o. Five Greens \u00e9 f\u00e1cil de adicionar a batidos, iogurte, \u00e1gua, snacks caseiros, carne fresca, comida enlatada ou ra\u00e7\u00e3o. A mistura \u00e9 uma forma simples de aumentar a ingest\u00e3o de plantas verdes, tanto em indiv\u00edduos ativos como em situa\u00e7\u00f5es onde se deseja suporte ou varia\u00e7\u00e3o extra.  <\/p>\n<p data-start=\"4511\" data-end=\"4780\">Esta mistura de superalimentos encaixa-se nas rotinas di\u00e1rias para humanos e animais e pode ser usada durante todo o ano. O equil\u00edbrio entre diferentes plantas verdes cria uma mistura verde vers\u00e1til e completa, adequada para um suporte moderado e a longo prazo. <\/p>\n","protected":false},"excerpt":{"rendered":"<p data-start=\"7392\" data-end=\"7532\">Five Greens \u00e9 uma mistura pura de superalimentos verdes com cinco gram\u00edneas ricas em clorofila para minerais di\u00e1rios, antioxidantes e energia natural.<\/p>\n","protected":false},"featured_media":11170,"comment_status":"open","ping_status":"closed","template":"","meta":{"wds_primary_product_brand":0,"wds_primary_product_cat":15,"wds_primary_merken":0},"product_brand":[],"product_cat":[2528,4770],"product_tag":[],"merken":[],"class_list":{"0":"post-6571","1":"product","2":"type-product","3":"status-publish","4":"has-post-thumbnail","6":"product_cat-coberturas-de-alimentos","7":"product_cat-superalimentos-pt-pt","8":"infinite-scroll-item","9":"sales-flash-overlay","10":"woocommerce-text-align-center","11":"woocommerce-image-align-center","12":"do-quantity-buttons","14":"first","15":"instock","16":"taxable","17":"shipping-taxable","18":"purchasable","19":"product-type-simple"},"_links":{"self":[{"href":"https:\/\/www.ngdcare.nl\/pt-pt\/wp-json\/wp\/v2\/product\/6571","targetHints":{"allow":["GET"]}}],"collection":[{"href":"https:\/\/www.ngdcare.nl\/pt-pt\/wp-json\/wp\/v2\/product"}],"about":[{"href":"https:\/\/www.ngdcare.nl\/pt-pt\/wp-json\/wp\/v2\/types\/product"}],"replies":[{"embeddable":true,"href":"https:\/\/www.ngdcare.nl\/pt-pt\/wp-json\/wp\/v2\/comments?post=6571"}],"wp:featuredmedia":[{"embeddable":true,"href":"https:\/\/www.ngdcare.nl\/pt-pt\/wp-json\/wp\/v2\/media\/11170"}],"wp:attachment":[{"href":"https:\/\/www.ngdcare.nl\/pt-pt\/wp-json\/wp\/v2\/media?parent=6571"}],"wp:term":[{"taxonomy":"product_brand","embeddable":true,"href":"https:\/\/www.ngdcare.nl\/pt-pt\/wp-json\/wp\/v2\/product_brand?post=6571"},{"taxonomy":"product_cat","embeddable":true,"href":"https:\/\/www.ngdcare.nl\/pt-pt\/wp-json\/wp\/v2\/product_cat?post=6571"},{"taxonomy":"product_tag","embeddable":true,"href":"https:\/\/www.ngdcare.nl\/pt-pt\/wp-json\/wp\/v2\/product_tag?post=6571"},{"taxonomy":"merken","embeddable":true,"href":"https:\/\/www.ngdcare.nl\/pt-pt\/wp-json\/wp\/v2\/merken?post=6571"}],"curies":[{"name":"wp","href":"https:\/\/api.w.org\/{rel}","templated":true}]}}