{"id":6576,"date":"2025-05-30T00:03:10","date_gmt":"2025-05-29T22:03:10","guid":{"rendered":"https:\/\/www.ngdcare.nl\/product\/sem categoria\/mirtilos-liofilizados\/"},"modified":"2025-05-30T00:03:10","modified_gmt":"2025-05-29T22:03:10","slug":"mirtilos-liofilizados","status":"publish","type":"product","link":"https:\/\/www.ngdcare.nl\/pt-pt\/product\/enriquecimento\/coberturas-de-alimentos\/mirtilos-liofilizados\/","title":{"rendered":"Mirtilos liofilizados"},"content":{"rendered":"<p class=\"p1\"><span class=\"s1\"><b>NGD Care \u2013 Os mirtilos liofilizados<\/b><\/span> s\u00e3o uma adi\u00e7\u00e3o saborosa e nutritiva ao card\u00e1pio di\u00e1rio de c\u00e3es ou gatos. Os mirtilos s\u00e3o uma superfruta bem conhecida, rica em antioxidantes (antocianinas, flavonoides), fibras, vitaminas C, K1 e B6, mangan\u00eas e polifen\u00f3is. Apoiam a sa\u00fade celular, o sistema imunit\u00e1rio e o microbioma.  <\/p>\n<p class=\"p1\">O <span class=\"s1\"><b>processo especial de liofiliza\u00e7\u00e3o<\/b><\/span> preserva ao m\u00e1ximo todos os nutrientes. A estrutura torna-se crocante e fofa, fazendo com que as bagas se desfa\u00e7am facilmente e sejam bem absorvidas, mesmo para carn\u00edvoros com um curto trato digestivo. <\/p>\n<p class=\"p1\">Use as bagas como cobertura de enriquecimento, deleite natural ou misture-as num smoothie para si ou para o seu animal de estima\u00e7\u00e3o.<\/p>\n","protected":false},"excerpt":{"rendered":"<p class=\"p1\">Mirtilos crocantes liofilizados, ricos em antioxidantes e perfeitamente absorv\u00edveis para carn\u00edvoros. Ideal como cobertura ou lanche natural. <\/p>\n","protected":false},"featured_media":11282,"comment_status":"open","ping_status":"closed","template":"","meta":[],"product_brand":[],"product_cat":[2528,2527],"product_tag":[],"merken":[],"class_list":{"0":"post-6576","1":"product","2":"type-product","3":"status-publish","4":"has-post-thumbnail","6":"product_cat-coberturas-de-alimentos","7":"product_cat-enriquecimento","8":"infinite-scroll-item","9":"sales-flash-overlay","10":"woocommerce-text-align-center","11":"woocommerce-image-align-center","12":"do-quantity-buttons","14":"first","15":"instock","16":"taxable","17":"shipping-taxable","18":"purchasable","19":"product-type-simple"},"_links":{"self":[{"href":"https:\/\/www.ngdcare.nl\/pt-pt\/wp-json\/wp\/v2\/product\/6576","targetHints":{"allow":["GET"]}}],"collection":[{"href":"https:\/\/www.ngdcare.nl\/pt-pt\/wp-json\/wp\/v2\/product"}],"about":[{"href":"https:\/\/www.ngdcare.nl\/pt-pt\/wp-json\/wp\/v2\/types\/product"}],"replies":[{"embeddable":true,"href":"https:\/\/www.ngdcare.nl\/pt-pt\/wp-json\/wp\/v2\/comments?post=6576"}],"wp:featuredmedia":[{"embeddable":true,"href":"https:\/\/www.ngdcare.nl\/pt-pt\/wp-json\/wp\/v2\/media\/11282"}],"wp:attachment":[{"href":"https:\/\/www.ngdcare.nl\/pt-pt\/wp-json\/wp\/v2\/media?parent=6576"}],"wp:term":[{"taxonomy":"product_brand","embeddable":true,"href":"https:\/\/www.ngdcare.nl\/pt-pt\/wp-json\/wp\/v2\/product_brand?post=6576"},{"taxonomy":"product_cat","embeddable":true,"href":"https:\/\/www.ngdcare.nl\/pt-pt\/wp-json\/wp\/v2\/product_cat?post=6576"},{"taxonomy":"product_tag","embeddable":true,"href":"https:\/\/www.ngdcare.nl\/pt-pt\/wp-json\/wp\/v2\/product_tag?post=6576"},{"taxonomy":"merken","embeddable":true,"href":"https:\/\/www.ngdcare.nl\/pt-pt\/wp-json\/wp\/v2\/merken?post=6576"}],"curies":[{"name":"wp","href":"https:\/\/api.w.org\/{rel}","templated":true}]}}