{"id":6578,"date":"2024-04-22T22:57:26","date_gmt":"2024-04-22T20:57:26","guid":{"rendered":"https:\/\/www.ngdcare.nl\/product\/sem%20categoria\/caixa-de-teste-de-cuidados-ngd\/"},"modified":"2026-04-07T17:26:31","modified_gmt":"2026-04-07T15:26:31","slug":"caixa-de-teste-de-cuidados-ngd","status":"publish","type":"product","link":"https:\/\/www.ngdcare.nl\/pt-pt\/product\/suplementos-ortomoleculares\/caixa-de-teste-de-cuidados-ngd\/","title":{"rendered":"Caixa de teste de cuidados NGD"},"content":{"rendered":"<p>Esta caixa de teste cont\u00e9m todos os suplementos alimentares NGDCare (ou seja, nada de rem\u00e9dios florais, \u00f3leos essenciais, ozono e produtos coloidais). Os testadores podem ser usados para testar com bioresson\u00e2ncia, cinesiologia ou biotensor. <\/p>\n","protected":false},"excerpt":{"rendered":"<p>Caixa de teste com todos os suplementos alimentares para cuidados NGD<\/p>\n","protected":false},"featured_media":18072,"comment_status":"open","ping_status":"closed","template":"","meta":{"wds_primary_product_brand":0,"wds_primary_product_cat":15,"wds_primary_merken":0},"product_brand":[],"product_cat":[1814],"product_tag":[],"merken":[],"class_list":{"0":"post-6578","1":"product","2":"type-product","3":"status-publish","4":"has-post-thumbnail","6":"product_cat-suplementos-ortomoleculares","7":"infinite-scroll-item","8":"sales-flash-overlay","9":"woocommerce-text-align-center","10":"woocommerce-image-align-center","11":"do-quantity-buttons","13":"first","14":"instock","15":"taxable","16":"shipping-taxable","17":"purchasable","18":"product-type-simple"},"_links":{"self":[{"href":"https:\/\/www.ngdcare.nl\/pt-pt\/wp-json\/wp\/v2\/product\/6578","targetHints":{"allow":["GET"]}}],"collection":[{"href":"https:\/\/www.ngdcare.nl\/pt-pt\/wp-json\/wp\/v2\/product"}],"about":[{"href":"https:\/\/www.ngdcare.nl\/pt-pt\/wp-json\/wp\/v2\/types\/product"}],"replies":[{"embeddable":true,"href":"https:\/\/www.ngdcare.nl\/pt-pt\/wp-json\/wp\/v2\/comments?post=6578"}],"wp:featuredmedia":[{"embeddable":true,"href":"https:\/\/www.ngdcare.nl\/pt-pt\/wp-json\/wp\/v2\/media\/18072"}],"wp:attachment":[{"href":"https:\/\/www.ngdcare.nl\/pt-pt\/wp-json\/wp\/v2\/media?parent=6578"}],"wp:term":[{"taxonomy":"product_brand","embeddable":true,"href":"https:\/\/www.ngdcare.nl\/pt-pt\/wp-json\/wp\/v2\/product_brand?post=6578"},{"taxonomy":"product_cat","embeddable":true,"href":"https:\/\/www.ngdcare.nl\/pt-pt\/wp-json\/wp\/v2\/product_cat?post=6578"},{"taxonomy":"product_tag","embeddable":true,"href":"https:\/\/www.ngdcare.nl\/pt-pt\/wp-json\/wp\/v2\/product_tag?post=6578"},{"taxonomy":"merken","embeddable":true,"href":"https:\/\/www.ngdcare.nl\/pt-pt\/wp-json\/wp\/v2\/merken?post=6578"}],"curies":[{"name":"wp","href":"https:\/\/api.w.org\/{rel}","templated":true}]}}