{"id":6582,"date":"2024-03-02T21:37:21","date_gmt":"2024-03-02T21:37:21","guid":{"rendered":"https:\/\/www.ngdcare.nl\/product\/sem categoria\/frasco-de-spray-de-aroma\/"},"modified":"2024-03-02T21:37:21","modified_gmt":"2024-03-02T20:37:21","slug":"frasco-de-spray-de-aroma","status":"publish","type":"product","link":"https:\/\/www.ngdcare.nl\/pt-pt\/product\/aromaterapia\/frasco-de-spray-de-aroma\/","title":{"rendered":"Frasco de spray de aroma"},"content":{"rendered":"<p>O frasco de spray \u00e9 adequado para fazer uma dilui\u00e7\u00e3o de uma mistura de \u00f3leos essenciais. Voc\u00ea pode misturar 1ml de \u00f3leo essencial com 100-200ml de \u00e1gua. <\/p>\n<p>O frasco de spray pode ser usado com as misturas de \u00f3leo essencial NGD Care Flea e suporte de carrapatos, suporte de aterramento, suporte de estresse e suporte de ansiedade.<\/p>\n","protected":false},"excerpt":{"rendered":"<p>O frasco de spray \u00e9 adequado para fazer uma dilui\u00e7\u00e3o de uma mistura de \u00f3leos essenciais. Voc\u00ea pode misturar 1ml de \u00f3leo essencial com 100-200ml de \u00e1gua. O frasco de spray pode ser usado com as misturas de \u00f3leo essencial NGD Care Flea e suporte de carrapatos, suporte de aterramento, suporte de estresse e suporte &#8230; <a title=\"Frasco de spray de aroma\" class=\"read-more\" href=\"https:\/\/www.ngdcare.nl\/pt-pt\/product\/aromaterapia\/frasco-de-spray-de-aroma\/\" aria-label=\"Leia mais sobre Frasco de spray de aroma\">Ler mais<\/a><\/p>\n","protected":false},"featured_media":12591,"comment_status":"open","ping_status":"closed","template":"","meta":[],"product_brand":[],"product_cat":[2532],"product_tag":[],"merken":[],"class_list":{"0":"post-6582","1":"product","2":"type-product","3":"status-publish","4":"has-post-thumbnail","6":"product_cat-aromaterapia","7":"infinite-scroll-item","8":"sales-flash-overlay","9":"woocommerce-text-align-center","10":"woocommerce-image-align-center","11":"do-quantity-buttons","13":"first","14":"instock","15":"taxable","16":"shipping-taxable","17":"purchasable","18":"product-type-simple"},"_links":{"self":[{"href":"https:\/\/www.ngdcare.nl\/pt-pt\/wp-json\/wp\/v2\/product\/6582","targetHints":{"allow":["GET"]}}],"collection":[{"href":"https:\/\/www.ngdcare.nl\/pt-pt\/wp-json\/wp\/v2\/product"}],"about":[{"href":"https:\/\/www.ngdcare.nl\/pt-pt\/wp-json\/wp\/v2\/types\/product"}],"replies":[{"embeddable":true,"href":"https:\/\/www.ngdcare.nl\/pt-pt\/wp-json\/wp\/v2\/comments?post=6582"}],"wp:featuredmedia":[{"embeddable":true,"href":"https:\/\/www.ngdcare.nl\/pt-pt\/wp-json\/wp\/v2\/media\/12591"}],"wp:attachment":[{"href":"https:\/\/www.ngdcare.nl\/pt-pt\/wp-json\/wp\/v2\/media?parent=6582"}],"wp:term":[{"taxonomy":"product_brand","embeddable":true,"href":"https:\/\/www.ngdcare.nl\/pt-pt\/wp-json\/wp\/v2\/product_brand?post=6582"},{"taxonomy":"product_cat","embeddable":true,"href":"https:\/\/www.ngdcare.nl\/pt-pt\/wp-json\/wp\/v2\/product_cat?post=6582"},{"taxonomy":"product_tag","embeddable":true,"href":"https:\/\/www.ngdcare.nl\/pt-pt\/wp-json\/wp\/v2\/product_tag?post=6582"},{"taxonomy":"merken","embeddable":true,"href":"https:\/\/www.ngdcare.nl\/pt-pt\/wp-json\/wp\/v2\/merken?post=6582"}],"curies":[{"name":"wp","href":"https:\/\/api.w.org\/{rel}","templated":true}]}}