{"id":6634,"date":"2025-10-01T13:11:35","date_gmt":"2025-10-01T11:11:35","guid":{"rendered":"https:\/\/www.ngdcare.nl\/product\/sem%20categoria\/cha-de-outono-imune-e-calmo\/"},"modified":"2025-10-03T21:18:33","modified_gmt":"2025-10-03T19:18:33","slug":"cha-de-outono-imune-e-calmo","status":"publish","type":"product","link":"https:\/\/www.ngdcare.nl\/pt-pt\/product\/enriquecimento\/cha\/cha-de-outono-imune-e-calmo\/","title":{"rendered":"Ch\u00e1 de outono \u2013 Imune e Calmo"},"content":{"rendered":"<p class=\"p1\">O Ch\u00e1 de outono NGD Care <span class=\"s1\"><br \/>\n  <b>\u2013 Immune &amp; Calm<\/b><br \/>\n<\/span> \u00e9 uma mistura harmoniosa de ervas quentes e calmantes que combina perfeitamente com a energia do outono. Esta mistura combina a frescura da rosa mosqueta com a suavidade da flor de t\u00edlia e camomila, complementada pela flor de sabugueiro para resist\u00eancia e uma pitada de gengibre para um calor subtil. Peda\u00e7os de ma\u00e7\u00e3 seca tornam o ch\u00e1 redondo e suavemente doce, tornando-o n\u00e3o s\u00f3 funcional, mas tamb\u00e9m delicioso para beber diariamente.  <\/p>\n<ul>\n<li class=\"p1\"><span class=\"s1\"><br \/>\n  <b>Composi\u00e7\u00e3o sin\u00e9rgica<\/b><br \/>\n<\/span>: equil\u00edbrio entre resist\u00eancia, vias a\u00e9reas, digest\u00e3o e relaxamento<\/li>\n<li class=\"p1\"><span class=\"s1\"><br \/>\n  <b>Sabor suave<\/b><br \/>\n<\/span>: frutado, floral e ligeiramente quente<\/li>\n<li class=\"p1\"><span class=\"s1\"><br \/>\n  <b>Adequado para crian\u00e7as e animais<\/b><br \/>\n<\/span>: ervas levemente escolhidas, tamb\u00e9m adequadas para est\u00f4magos sens\u00edveis<\/li>\n<li class=\"p1\"><span class=\"s1\"><br \/>\n  <b>Sazonalidade natural<\/b><br \/>\n<\/span>: apoia a transi\u00e7\u00e3o para dias mais frios<\/li>\n<li class=\"p1\"><span class=\"s1\"><br \/>\n  <b>Momento di\u00e1rio de prazer para si e para o seu animal de estima\u00e7\u00e3o<\/b><br \/>\n<\/span>: puro, 100% natural e sem cafe\u00edna<\/li>\n<\/ul>\n<p>O Ch\u00e1 de outono vem em um saco resealable de <span class=\"s1\"><br \/>\n  <b>50 gramas<\/b><br \/>\n<\/span> de ervas soltas, bom para aprox. 25-30 x\u00edcaras de ch\u00e1<\/p>\n","protected":false},"excerpt":{"rendered":"<p class=\"p1\">Um ch\u00e1 de ervas suave e quente com ma\u00e7\u00e3, rosa mosqueta, sabugueiro e flor de t\u00edlia, camomila e uma pitada de gengibre. Especialmente formulado para apoiar o corpo e a mente no outono, com aten\u00e7\u00e3o \u00e0 resist\u00eancia, vias a\u00e9reas e equil\u00edbrio interno. <\/p>\n","protected":false},"featured_media":17682,"comment_status":"open","ping_status":"closed","template":"","meta":[],"product_brand":[],"product_cat":[2560,2527],"product_tag":[2561],"merken":[],"class_list":{"0":"post-6634","1":"product","2":"type-product","3":"status-publish","4":"has-post-thumbnail","6":"product_cat-cha","7":"product_cat-enriquecimento","8":"product_tag-cha-de-outono-cha-de-resistencia-cha-de-ervas-outono-cha-respiratorio-cha-adequado-para-criancas-cha-amigo-dos-animais-cha-ngd-care","9":"infinite-scroll-item","10":"sales-flash-overlay","11":"woocommerce-text-align-center","12":"woocommerce-image-align-center","13":"do-quantity-buttons","15":"first","16":"instock","17":"taxable","18":"shipping-taxable","19":"purchasable","20":"product-type-simple"},"_links":{"self":[{"href":"https:\/\/www.ngdcare.nl\/pt-pt\/wp-json\/wp\/v2\/product\/6634","targetHints":{"allow":["GET"]}}],"collection":[{"href":"https:\/\/www.ngdcare.nl\/pt-pt\/wp-json\/wp\/v2\/product"}],"about":[{"href":"https:\/\/www.ngdcare.nl\/pt-pt\/wp-json\/wp\/v2\/types\/product"}],"replies":[{"embeddable":true,"href":"https:\/\/www.ngdcare.nl\/pt-pt\/wp-json\/wp\/v2\/comments?post=6634"}],"wp:featuredmedia":[{"embeddable":true,"href":"https:\/\/www.ngdcare.nl\/pt-pt\/wp-json\/wp\/v2\/media\/17682"}],"wp:attachment":[{"href":"https:\/\/www.ngdcare.nl\/pt-pt\/wp-json\/wp\/v2\/media?parent=6634"}],"wp:term":[{"taxonomy":"product_brand","embeddable":true,"href":"https:\/\/www.ngdcare.nl\/pt-pt\/wp-json\/wp\/v2\/product_brand?post=6634"},{"taxonomy":"product_cat","embeddable":true,"href":"https:\/\/www.ngdcare.nl\/pt-pt\/wp-json\/wp\/v2\/product_cat?post=6634"},{"taxonomy":"product_tag","embeddable":true,"href":"https:\/\/www.ngdcare.nl\/pt-pt\/wp-json\/wp\/v2\/product_tag?post=6634"},{"taxonomy":"merken","embeddable":true,"href":"https:\/\/www.ngdcare.nl\/pt-pt\/wp-json\/wp\/v2\/merken?post=6634"}],"curies":[{"name":"wp","href":"https:\/\/api.w.org\/{rel}","templated":true}]}}