{"id":6832,"date":"2024-11-11T22:02:42","date_gmt":"2024-11-11T21:02:42","guid":{"rendered":"https:\/\/www.ngdcare.nl\/product\/sem%20categoria\/protocolo-de-fogos-de-artificio\/"},"modified":"2026-01-02T12:51:37","modified_gmt":"2026-01-02T11:51:37","slug":"protocolo-de-fogos-de-artificio","status":"publish","type":"product","link":"https:\/\/www.ngdcare.nl\/pt-pt\/veterinary-health\/protocolos-pt-pt\/protocolo-de-fogos-de-artificio\/protocolo-de-fogos-de-artificio\/","title":{"rendered":"Protocolo de fogos de artif\u00edcio"},"content":{"rendered":"<p>O protocolo NGD Care para fogos de artif\u00edcio ajuda animais com medo de fogo de artif\u00edcio a n\u00edvel emocional e f\u00edsico. Para al\u00e9m do medo de fogo de artif\u00edcio, este protocolo pode ser usado em trovoadas e situa\u00e7\u00f5es de stress e p\u00e2nico sens\u00edveis ao ru\u00eddo.<\/p>\n<p style=\"font-weight: 400;\">A <strong>pequena embalagem<\/strong> cont\u00e9m <strong>rem\u00e9dios florais<\/strong> e um <strong>spray de aromaterapia<\/strong> e \u00e9 adequada para ansiedade leve. As flores diminuem o n\u00edvel de stress, fornecem base e reduzem a ansiedade e o p\u00e2nico a n\u00edvel emocional. A combina\u00e7\u00e3o de \u00f3leos essenciais vai um n\u00edvel mais profundo e tamb\u00e9m garante aterramento e redu\u00e7\u00e3o do estresse e ansiedade. O conselho \u00e9 come\u00e7ar isso no in\u00edcio de dezembro.   <\/p>\n<p style=\"font-weight: 400;\">O <strong>pacote abrangente<\/strong> tamb\u00e9m inclui <strong>ashwagandha lipossomal \/ rhodiola<\/strong>, <strong>mistura de cogumelos 2<\/strong> e <strong>\u00f3leo CBD<\/strong>, que apoiam o sistema nervoso, a regula\u00e7\u00e3o do estresse e o sistema imunol\u00f3gico. Essa combina\u00e7\u00e3o torna o animal mais resistente a est\u00edmulos estressantes, como o barulho de fogos de artif\u00edcio. O conselho \u00e9 come\u00e7ar com 2 meses de anteced\u00eancia.  <\/p>\n<p style=\"font-weight: 400;\">Em caso de ansiedade grave, recomendamos iniciar o protocolo intestinal e terapia comportamental com 4 meses de anteced\u00eancia.<\/p>\n","protected":false},"excerpt":{"rendered":"<p style=\"font-weight: 400;\">O NGD Care Fireworks Protocol foi especialmente desenvolvido para apoiar animais com ansiedade de fogos de artif\u00edcio e outras situa\u00e7\u00f5es traum\u00e1ticas de p\u00e2nico. A pequena embalagem proporciona equil\u00edbrio emocional com ess\u00eancias florais e \u00f3leos essenciais. O grande pacote tamb\u00e9m suporta o sistema f\u00edsico com adaptogens e \u00f3leo CBD.  <\/p>\n","protected":false},"featured_media":9644,"comment_status":"open","ping_status":"closed","template":"","meta":{"wds_primary_product_brand":0,"wds_primary_product_cat":22,"wds_primary_merken":0},"product_brand":[],"product_cat":[2176,2967],"product_tag":[3094,1946,3091,3092,1947,3088,3086,3093,3089,3087,2977,2403,3090,2186,3095],"merken":[],"class_list":{"0":"post-6832","1":"product","2":"type-product","3":"status-publish","4":"has-post-thumbnail","6":"product_cat-comportamento-pt-pt","7":"product_cat-protocolos-pt-pt","8":"product_tag-aromaterapia","9":"product_tag-cao","10":"product_tag-estrondo","11":"product_tag-fogos-de-artificio","12":"product_tag-gato-pt-pt","13":"product_tag-medo","14":"product_tag-oleo-cbd","15":"product_tag-panico","16":"product_tag-poluicao-sonora","17":"product_tag-protocolo-de-fogos-de-artificio","18":"product_tag-protocolo-ngd-care","19":"product_tag-recreacao","20":"product_tag-sons-de-fogos-de-artificio","21":"product_tag-stress-pt-pt","22":"product_tag-terapia-floral","23":"infinite-scroll-item","24":"sales-flash-overlay","25":"woocommerce-text-align-center","26":"woocommerce-image-align-center","27":"do-quantity-buttons","29":"first","30":"instock","31":"sale","32":"taxable","33":"shipping-taxable","34":"purchasable","35":"product-type-variable"},"_links":{"self":[{"href":"https:\/\/www.ngdcare.nl\/pt-pt\/wp-json\/wp\/v2\/product\/6832","targetHints":{"allow":["GET"]}}],"collection":[{"href":"https:\/\/www.ngdcare.nl\/pt-pt\/wp-json\/wp\/v2\/product"}],"about":[{"href":"https:\/\/www.ngdcare.nl\/pt-pt\/wp-json\/wp\/v2\/types\/product"}],"replies":[{"embeddable":true,"href":"https:\/\/www.ngdcare.nl\/pt-pt\/wp-json\/wp\/v2\/comments?post=6832"}],"wp:featuredmedia":[{"embeddable":true,"href":"https:\/\/www.ngdcare.nl\/pt-pt\/wp-json\/wp\/v2\/media\/9644"}],"wp:attachment":[{"href":"https:\/\/www.ngdcare.nl\/pt-pt\/wp-json\/wp\/v2\/media?parent=6832"}],"wp:term":[{"taxonomy":"product_brand","embeddable":true,"href":"https:\/\/www.ngdcare.nl\/pt-pt\/wp-json\/wp\/v2\/product_brand?post=6832"},{"taxonomy":"product_cat","embeddable":true,"href":"https:\/\/www.ngdcare.nl\/pt-pt\/wp-json\/wp\/v2\/product_cat?post=6832"},{"taxonomy":"product_tag","embeddable":true,"href":"https:\/\/www.ngdcare.nl\/pt-pt\/wp-json\/wp\/v2\/product_tag?post=6832"},{"taxonomy":"merken","embeddable":true,"href":"https:\/\/www.ngdcare.nl\/pt-pt\/wp-json\/wp\/v2\/merken?post=6832"}],"curies":[{"name":"wp","href":"https:\/\/api.w.org\/{rel}","templated":true}]}}