{"id":6884,"date":"2025-09-27T22:57:17","date_gmt":"2025-09-27T20:57:17","guid":{"rendered":"https:\/\/www.ngdcare.nl\/product\/sem%20categoria\/flor-de-primeiros-socorros-essencia-de-emergencia\/"},"modified":"2026-04-12T21:28:40","modified_gmt":"2026-04-12T19:28:40","slug":"flor-de-primeiros-socorros-essencia-de-emergencia","status":"publish","type":"product","link":"https:\/\/www.ngdcare.nl\/pt-pt\/product\/veterinary-health\/florais-remedios\/flor-de-primeiros-socorros-essencia-de-emergencia\/","title":{"rendered":"Ess\u00eancia de Emerg\u00eancia \u2013 Apoio de Emerg\u00eancia"},"content":{"rendered":"<p style=\"font-weight: 400;\" data-start=\"682\" data-end=\"1018\">Este poderoso mas gentil <strong>Rem\u00e9dio de Flores de Emerg\u00eancia \u2013 Apoio de Emerg\u00eancia<\/strong> \u00e9 um rem\u00e9dio energ\u00e9tico de primeiros socorros tanto para humanos como para animais. O rem\u00e9dio ajuda com stress agudo, trauma, choques f\u00edsicos ou emocionais, luto s\u00fabito, p\u00e2nico, acidentes ou experi\u00eancias intensas. Funciona atrav\u00e9s do sistema energ\u00e9tico e oferece paz, conforto, prote\u00e7\u00e3o e equil\u00edbrio renovado.  <\/p>\n<p style=\"font-weight: 400;\" data-start=\"1020\" data-end=\"1166\">A combina\u00e7\u00e3o \u00e9 inspirada em rem\u00e9dios cl\u00e1ssicos de resgate, mas refinada com flores modernas que tamb\u00e9m apoiam uma integra\u00e7\u00e3o espiritual mais profunda.<\/p>\n<p data-start=\"1456\" data-end=\"1501\"><strong data-start=\"1463\" data-end=\"1499\">Composi\u00e7\u00e3o<\/strong><\/p>\n<ul>\n<li data-start=\"1505\" data-end=\"1576\"><strong data-start=\"1505\" data-end=\"1526\">Estrela de Bel\u00e9m<\/strong> \u2013 Resolu\u00e7\u00e3o de Traumas, Restaura o Choque Energ\u00e9tico<\/li>\n<li data-start=\"1579\" data-end=\"1653\"><strong data-start=\"1579\" data-end=\"1593\">AnimalCare \u2013 Primeiros<\/strong> socorros para choque, dor e p\u00e2nico (tamb\u00e9m para humanos)<\/li>\n<li data-start=\"1656\" data-end=\"1727\"><strong data-start=\"1656\" data-end=\"1667\">Papoula<\/strong> \u2013 Rende-se ao stress ou dorm\u00eancia, acalma profunda inquieta\u00e7\u00e3o<\/li>\n<li data-start=\"1730\" data-end=\"1789\"><strong data-start=\"1730\" data-end=\"1745\">M\u00e1scara Flor<\/strong> \u2013 Seguran\u00e7a no medo, solte o controle<\/li>\n<li data-start=\"1792\" data-end=\"1870\"><strong data-start=\"1792\" data-end=\"1805\">Ameixa cereja<\/strong> \u2013 Regula emo\u00e7\u00f5es intensas, previne &#8216;explos\u00e3o&#8217; emocional<\/li>\n<li data-start=\"1873\" data-end=\"1937\"><strong data-start=\"1873\" data-end=\"1890\">Amor e Esperan\u00e7a<\/strong> \u2013 Conforto, suavidade, conex\u00e3o no luto<\/li>\n<li data-start=\"1940\" data-end=\"2010\"><strong data-start=\"1940\" data-end=\"1958\">Violeta Franjada<\/strong> \u2013 Recupera\u00e7\u00e3o da aura ap\u00f3s viola\u00e7\u00e3o (f\u00edsica\/emocional)<\/li>\n<li data-start=\"2013\" data-end=\"2079\"><strong data-start=\"2013\" data-end=\"2025\">Sugulita<\/strong> \u2013 Prote\u00e7\u00e3o contra HSP e sobrecarga energ\u00e9tica<\/li>\n<li data-start=\"2082\" data-end=\"2141\"><strong data-start=\"2082\" data-end=\"2095\">Perd\u00e3o<\/strong> \u2013 Liberte-se da dor e da tens\u00e3o, abra o cora\u00e7\u00e3o<\/li>\n<\/ul>\n","protected":false},"excerpt":{"rendered":"<p>Combina\u00e7\u00e3o de flores para apoio imediato em caso de trauma, choque, tristeza, p\u00e2nico ou choque f\u00edsico. Para pessoas e animais. <\/p>\n","protected":false},"featured_media":9664,"comment_status":"open","ping_status":"closed","template":"","meta":{"wds_primary_product_brand":0,"wds_primary_product_cat":0,"wds_primary_merken":0},"product_brand":[],"product_cat":[3229],"product_tag":[3236,3238,3230,3233,3231,3093,3232,3234,7849,3237,3235],"merken":[],"class_list":{"0":"post-6884","1":"product","2":"type-product","3":"status-publish","4":"has-post-thumbnail","6":"product_cat-florais-remedios","7":"product_tag-apoio-ao-trauma","8":"product_tag-choque-agudo","9":"product_tag-essencia-floral","10":"product_tag-flor-de-primeiros-socorros","11":"product_tag-ngd-care-flores","12":"product_tag-panico","13":"product_tag-protecao-energetica","14":"product_tag-recurso-de-resgate","15":"product_tag-stress-e-comportamento","16":"product_tag-stress-em-caes-gatos","17":"product_tag-tranquilidade-natural","18":"infinite-scroll-item","19":"sales-flash-overlay","20":"woocommerce-text-align-center","21":"woocommerce-image-align-center","22":"do-quantity-buttons","24":"first","25":"instock","26":"taxable","27":"shipping-taxable","28":"purchasable","29":"product-type-simple"},"_links":{"self":[{"href":"https:\/\/www.ngdcare.nl\/pt-pt\/wp-json\/wp\/v2\/product\/6884","targetHints":{"allow":["GET"]}}],"collection":[{"href":"https:\/\/www.ngdcare.nl\/pt-pt\/wp-json\/wp\/v2\/product"}],"about":[{"href":"https:\/\/www.ngdcare.nl\/pt-pt\/wp-json\/wp\/v2\/types\/product"}],"replies":[{"embeddable":true,"href":"https:\/\/www.ngdcare.nl\/pt-pt\/wp-json\/wp\/v2\/comments?post=6884"}],"wp:featuredmedia":[{"embeddable":true,"href":"https:\/\/www.ngdcare.nl\/pt-pt\/wp-json\/wp\/v2\/media\/9664"}],"wp:attachment":[{"href":"https:\/\/www.ngdcare.nl\/pt-pt\/wp-json\/wp\/v2\/media?parent=6884"}],"wp:term":[{"taxonomy":"product_brand","embeddable":true,"href":"https:\/\/www.ngdcare.nl\/pt-pt\/wp-json\/wp\/v2\/product_brand?post=6884"},{"taxonomy":"product_cat","embeddable":true,"href":"https:\/\/www.ngdcare.nl\/pt-pt\/wp-json\/wp\/v2\/product_cat?post=6884"},{"taxonomy":"product_tag","embeddable":true,"href":"https:\/\/www.ngdcare.nl\/pt-pt\/wp-json\/wp\/v2\/product_tag?post=6884"},{"taxonomy":"merken","embeddable":true,"href":"https:\/\/www.ngdcare.nl\/pt-pt\/wp-json\/wp\/v2\/merken?post=6884"}],"curies":[{"name":"wp","href":"https:\/\/api.w.org\/{rel}","templated":true}]}}