{"id":6886,"date":"2025-09-27T21:51:08","date_gmt":"2025-09-27T19:51:08","guid":{"rendered":"https:\/\/www.ngdcare.nl\/product\/sem categoria\/suporte-cirurgico\/"},"modified":"2025-09-27T21:51:08","modified_gmt":"2025-09-27T19:51:08","slug":"suporte-cirurgico","status":"publish","type":"product","link":"https:\/\/www.ngdcare.nl\/pt-pt\/product\/florais-remedios\/suporte-cirurgico\/","title":{"rendered":"Suporte cir\u00fargico"},"content":{"rendered":"<p><span style=\"font-size: inherit;\">A nossa Orienta\u00e7\u00e3o de Assist\u00eancia de Cuidados NGD <\/span><strong><br \/>\n  <span style=\"font-size: inherit;\"><br \/>\n<\/span><strong style=\"font-weight: 400; font-size: inherit;\">\u2013 Apoio Cir\u00fargico<\/strong><\/strong><span style=\"font-weight: 400; font-size: inherit;\">  \u00e9 um rem\u00e9dio floral cuidadosamente composto para seres humanos e animais, destinado a apoiar durante e ap\u00f3s opera\u00e7\u00f5es, anestesia ou outros procedimentos f\u00edsicos. Esta ess\u00eancia trabalha a um n\u00edvel energ\u00e9tico profundo: ajuda a re-habitar o corpo, protege contra intrus\u00f5es energ\u00e9ticas e promove o descanso, a confian\u00e7a e a recupera\u00e7\u00e3o. <\/span><\/p>\n<p style=\"font-weight: 400;\">A combina\u00e7\u00e3o de flores australianas e Star Remedies visa <strong>o aterramento, processamento de traumas, recupera\u00e7\u00e3o energ\u00e9tica<\/strong> e <strong>prote\u00e7\u00e3o emocional<\/strong>. Este rem\u00e9dio \u00e9 ideal para: <\/p>\n<ul style=\"font-weight: 400;\">\n<li>Recupera\u00e7\u00e3o ap\u00f3s anestesia<\/li>\n<li>tecido cicatricial ou &#8220;fugas&#8221; energ\u00e9ticas<\/li>\n<li>choque, medo ou sensa\u00e7\u00e3o de abandono<\/li>\n<li>profunda inquieta\u00e7\u00e3o durante o processo de cicatriza\u00e7\u00e3o<\/li>\n<\/ul>\n<p style=\"font-weight: 400;\">Pode ser usado para apoiar a cicatriza\u00e7\u00e3o de feridas, recupera\u00e7\u00e3o ap\u00f3s a doen\u00e7a, e estresse f\u00edsico ou emocional em animais e seres humanos. De prefer\u00eancia combine com cuidados suaves, descanso e um ambiente seguro. <\/p>\n<p style=\"font-weight: 400;\"><strong>Composi\u00e7\u00e3o e efeito<\/strong><\/p>\n<ul style=\"font-weight: 400;\">\n<li><strong>Terra<\/strong> \u2013 Recupera\u00e7\u00e3o, aterramento e despertar ap\u00f3s anestesia.<\/li>\n<li><strong>Espada dos Anjos<\/strong> \u2013 Prote\u00e7\u00e3o contra invas\u00f5es espirituais\/energ\u00e9ticas (como corte ou seda\u00e7\u00e3o).<\/li>\n<li><strong>Violeta com Franjas \u2013 Restaura<\/strong> a aura e o corpo et\u00e9rico.<\/li>\n<li><strong>Rhodolite Garnet<\/strong> \u2013 Ajuda a re-habitar o corpo; recupera\u00e7\u00e3o da teia energ\u00e9tica.<\/li>\n<li><strong>AnimalCare \u2013 Primeiros<\/strong> socorros em caso de choque, trauma ou abandono.<\/li>\n<li><strong>Amor e Esperan\u00e7a<\/strong> \u2013 Conforto, amor, gentileza e confian\u00e7a.<\/li>\n<li><strong>Estrela de Bel\u00e9m<\/strong> \u2013 Limpador de traumas a n\u00edvel celular e da alma.<\/li>\n<li><strong>Poppy<\/strong> \u2013 Suporta entrega, processamento e descanso durante o sono ou seda\u00e7\u00e3o.<\/li>\n<li><strong>Flor da m\u00e1scara<\/strong> \u2013 Solte o medo, aumente a sensa\u00e7\u00e3o de seguran\u00e7a.<\/li>\n<li><strong>Erva Grace (Scutellaria)<\/strong> \u2013 Acalma o sistema nervoso, promove a recupera\u00e7\u00e3o f\u00edsica.<\/li>\n<\/ul>\n<p>Para orienta\u00e7\u00e3o completa, aconselhamos que voc\u00ea compre o pacote p\u00f3s-operat\u00f3rio. Al\u00e9m das flores, este tamb\u00e9m cont\u00e9m a nossa curcumina liposs\u00f3mica e chlorella, spirulina e alfafa. <\/p>\n","protected":false},"excerpt":{"rendered":"<p>Esta poderosa f\u00f3rmula floral apoia animais e pessoas antes, durante e ap\u00f3s as opera\u00e7\u00f5es. Ajuda no aterramento, recupera\u00e7\u00e3o de traumas, prote\u00e7\u00e3o e recupera\u00e7\u00e3o do corpo energ\u00e9tico. Ideal para anestesia, cicatriza\u00e7\u00e3o de feridas, choque e tens\u00e3o emocional.  <\/p>\n","protected":false},"featured_media":5488,"comment_status":"open","ping_status":"closed","template":"","meta":{"wds_primary_product_brand":0,"wds_primary_product_cat":0,"wds_primary_merken":0},"product_brand":[],"product_cat":[3229],"product_tag":[3256,3251,3254,3252,3253,3255,3249,3250],"merken":[],"class_list":{"0":"post-6886","1":"product","2":"type-product","3":"status-publish","4":"has-post-thumbnail","6":"product_cat-florais-remedios","7":"product_tag-blossoms-ngd-care-pt-pt","8":"product_tag-cirurgia-flower-remedy","9":"product_tag-flor-durante-a-anestesia","10":"product_tag-flores-de-cura-de-traumas","11":"product_tag-flores-para-animais","12":"product_tag-recuperacao-aura","13":"product_tag-recuperacao-energetica","14":"product_tag-recuperacao-pos-operatoria","15":"infinite-scroll-item","16":"sales-flash-overlay","17":"woocommerce-text-align-center","18":"woocommerce-image-align-center","19":"do-quantity-buttons","21":"first","22":"instock","23":"taxable","24":"shipping-taxable","25":"purchasable","26":"product-type-simple"},"_links":{"self":[{"href":"https:\/\/www.ngdcare.nl\/pt-pt\/wp-json\/wp\/v2\/product\/6886","targetHints":{"allow":["GET"]}}],"collection":[{"href":"https:\/\/www.ngdcare.nl\/pt-pt\/wp-json\/wp\/v2\/product"}],"about":[{"href":"https:\/\/www.ngdcare.nl\/pt-pt\/wp-json\/wp\/v2\/types\/product"}],"replies":[{"embeddable":true,"href":"https:\/\/www.ngdcare.nl\/pt-pt\/wp-json\/wp\/v2\/comments?post=6886"}],"wp:featuredmedia":[{"embeddable":true,"href":"https:\/\/www.ngdcare.nl\/pt-pt\/wp-json\/wp\/v2\/media\/5488"}],"wp:attachment":[{"href":"https:\/\/www.ngdcare.nl\/pt-pt\/wp-json\/wp\/v2\/media?parent=6886"}],"wp:term":[{"taxonomy":"product_brand","embeddable":true,"href":"https:\/\/www.ngdcare.nl\/pt-pt\/wp-json\/wp\/v2\/product_brand?post=6886"},{"taxonomy":"product_cat","embeddable":true,"href":"https:\/\/www.ngdcare.nl\/pt-pt\/wp-json\/wp\/v2\/product_cat?post=6886"},{"taxonomy":"product_tag","embeddable":true,"href":"https:\/\/www.ngdcare.nl\/pt-pt\/wp-json\/wp\/v2\/product_tag?post=6886"},{"taxonomy":"merken","embeddable":true,"href":"https:\/\/www.ngdcare.nl\/pt-pt\/wp-json\/wp\/v2\/merken?post=6886"}],"curies":[{"name":"wp","href":"https:\/\/api.w.org\/{rel}","templated":true}]}}