{"id":6896,"date":"2025-06-19T22:51:27","date_gmt":"2025-06-19T20:51:27","guid":{"rendered":"https:\/\/www.ngdcare.nl\/product\/sem%20categoria\/cobre-coloidal\/"},"modified":"2025-10-07T13:22:43","modified_gmt":"2025-10-07T11:22:43","slug":"cobre-coloidal","status":"publish","type":"product","link":"https:\/\/www.ngdcare.nl\/pt-pt\/veterinary-health\/colloidale-producten-dier\/cobre-coloidal\/cobre-coloidal\/","title":{"rendered":"Cobre coloidal"},"content":{"rendered":"<p style=\"font-weight: 400;\"><strong>NGD Care \u2013 O cobre coloidal<\/strong> \u00e9 uma solu\u00e7\u00e3o l\u00edquida de cobre puro na concentra\u00e7\u00e3o de 5 PPM (partes por milh\u00e3o), dissolvida em \u00e1gua destilada. Cont\u00e9m <g id=\"gid_1\">nanopart\u00edculas de cobre<\/g>, o que garante uma elevada biodisponibilidade e uma absor\u00e7\u00e3o direcionada no organismo. O l\u00edquido \u00e9 l\u00edmpido e tem uma cor verde-amarela clara caracter\u00edstica.  <\/p>\n<p style=\"font-weight: 400;\">O cobre \u00e9 um oligoelemento essencial que est\u00e1 envolvido em in\u00fameros processos do corpo, tais como <strong>a constru\u00e7\u00e3o do tecido conjuntivo, pigmenta\u00e7\u00e3o, cicatriza\u00e7\u00e3o de feridas e o sistema imunit\u00e1rio<\/strong>. O cobre coloidal \u00e9 adequado para <strong>uso interno e externo<\/strong> em animais e seres humanos. <\/p>\n<p style=\"font-weight: 400;\">Devido \u00e0 sua poderosa a\u00e7\u00e3o, este produto n\u00e3o \u00e9 adequado para uso preventivo ou a longo prazo, e n\u00e3o deve ser combinado com outras fontes de cobre. \u00c9 especialmente \u00fatil em car\u00eancias tempor\u00e1rias ou situa\u00e7\u00f5es agudas em que o agregado familiar de cobre necessita de apoio adicional. <\/p>\n<p style=\"font-weight: 400;\">Tal como acontece com qualquer prepara\u00e7\u00e3o de cobre, <strong>deve ser tida precau\u00e7\u00e3o<\/strong> em animais com problemas hep\u00e1ticos, em pequenos animais ou no caso de administra\u00e7\u00e3o a longo prazo. A dosagem correta \u00e9 essencial para evitar sobrecarga. <\/p>\n","protected":false},"excerpt":{"rendered":"<p style=\"font-weight: 400;\">Cobre coloidal (5 PPM) com nanopart\u00edculas puras em \u00e1gua purificada. Suporta a pele, o tecido conjuntivo e o sistema imunit\u00e1rio em seres humanos e animais. N\u00e3o \u00e9 adequado para uso a longo prazo.  <\/p>\n","protected":false},"featured_media":4746,"comment_status":"open","ping_status":"closed","template":"","meta":{"wds_primary_product_brand":0,"wds_primary_product_cat":0,"wds_primary_merken":0},"product_brand":[],"product_cat":[232,980,195],"product_tag":[1946,3340,3338,3344,1947,3346,3342,3339,3185,3343],"merken":[],"class_list":{"0":"post-6896","1":"product","2":"type-product","3":"status-publish","4":"has-post-thumbnail","6":"product_cat-ontstekingsremmend","7":"product_cat-colloidale-producten-dier","8":"product_cat-algemene-vitaliteit","9":"product_tag-cao","10":"product_tag-cobre","11":"product_tag-coloidal","12":"product_tag-cuidados","13":"product_tag-gato-pt-pt","14":"product_tag-minerais","15":"product_tag-nano-cobre","16":"product_tag-ngd-care-coloidal","17":"product_tag-pele","18":"product_tag-pele-pt-pt","19":"infinite-scroll-item","20":"sales-flash-overlay","21":"woocommerce-text-align-center","22":"woocommerce-image-align-center","23":"do-quantity-buttons","25":"first","26":"instock","27":"taxable","28":"shipping-taxable","29":"purchasable","30":"product-type-simple"},"_links":{"self":[{"href":"https:\/\/www.ngdcare.nl\/pt-pt\/wp-json\/wp\/v2\/product\/6896","targetHints":{"allow":["GET"]}}],"collection":[{"href":"https:\/\/www.ngdcare.nl\/pt-pt\/wp-json\/wp\/v2\/product"}],"about":[{"href":"https:\/\/www.ngdcare.nl\/pt-pt\/wp-json\/wp\/v2\/types\/product"}],"replies":[{"embeddable":true,"href":"https:\/\/www.ngdcare.nl\/pt-pt\/wp-json\/wp\/v2\/comments?post=6896"}],"wp:featuredmedia":[{"embeddable":true,"href":"https:\/\/www.ngdcare.nl\/pt-pt\/wp-json\/wp\/v2\/media\/4746"}],"wp:attachment":[{"href":"https:\/\/www.ngdcare.nl\/pt-pt\/wp-json\/wp\/v2\/media?parent=6896"}],"wp:term":[{"taxonomy":"product_brand","embeddable":true,"href":"https:\/\/www.ngdcare.nl\/pt-pt\/wp-json\/wp\/v2\/product_brand?post=6896"},{"taxonomy":"product_cat","embeddable":true,"href":"https:\/\/www.ngdcare.nl\/pt-pt\/wp-json\/wp\/v2\/product_cat?post=6896"},{"taxonomy":"product_tag","embeddable":true,"href":"https:\/\/www.ngdcare.nl\/pt-pt\/wp-json\/wp\/v2\/product_tag?post=6896"},{"taxonomy":"merken","embeddable":true,"href":"https:\/\/www.ngdcare.nl\/pt-pt\/wp-json\/wp\/v2\/merken?post=6896"}],"curies":[{"name":"wp","href":"https:\/\/api.w.org\/{rel}","templated":true}]}}