{"id":6901,"date":"2025-06-19T22:34:19","date_gmt":"2025-06-19T20:34:19","guid":{"rendered":"https:\/\/www.ngdcare.nl\/product\/sem%20categoria\/ouro-coloidal-ouro-coloidal\/"},"modified":"2025-10-07T13:29:46","modified_gmt":"2025-10-07T11:29:46","slug":"ouro-coloidal-ouro-coloidal","status":"publish","type":"product","link":"https:\/\/www.ngdcare.nl\/pt-pt\/veterinary-health\/colloidale-producten-dier\/ouro-coloidal-ouro-coloidal\/ouro-coloidal-ouro-coloidal\/","title":{"rendered":"Ouro coloidal \u2013 ouro coloidal"},"content":{"rendered":"<p style=\"font-weight: 400;\"><strong>O Ouro Coloidal da NGD Care<\/strong> \u00e9 um l\u00edquido puro e de alta qualidade constitu\u00eddo exclusivamente por <strong>ouro elementar (10 PPM)<\/strong> em <strong>\u00e1gua destilada purificada<\/strong>. As part\u00edculas t\u00eam apenas <strong>3,2 nan\u00f4metros de tamanho<\/strong> m\u00e9dio, o que garante excelente distribui\u00e7\u00e3o, estabilidade e biodisponibilidade. <\/p>\n<p style=\"font-weight: 400;\">O ouro coloidal \u00e9 conhecido por seu compromisso com o <strong>suporte cognitivo<\/strong>, clareza mental e vitalidade geral. Al\u00e9m disso, \u00e9 tradicionalmente usado para <g id=\"gid_1\">inflama\u00e7\u00e3o de baixo grau<\/g>, fadiga e como um suporte leve para o sistema nervoso. Gra\u00e7as \u00e0s pequenas nanopart\u00edculas, este produto \u00e9 adequado para <strong>uso externo<\/strong>, mesmo em \u00e1reas sens\u00edveis como olhos, ouvidos ou feridas.  <\/p>\n<p style=\"font-weight: 400;\">Nossa solu\u00e7\u00e3o \u00e9 livre de \u00edons e tem uma <strong>cor vermelha rubi brilhante<\/strong> \u2013 um sinal de dispers\u00e3o coloidal pura de part\u00edculas de ouro. N\u00e3o cont\u00e9m conservantes, excipientes ou \u00e1lcool. Isso torna o uso seguro em animais e usu\u00e1rios sens\u00edveis.  <\/p>\n<p>O ouro coloidal s\u00f3 \u00e9 permitido para uso externo.<\/p>\n","protected":false},"excerpt":{"rendered":"<p style=\"font-weight: 400;\">Ouro coloidal puro (10 PPM) em \u00e1gua purificada. Para suporte natural de fun\u00e7\u00f5es cognitivas, gest\u00e3o de energia e processos de recupera\u00e7\u00e3o. Adequado para humanos e animais.  <\/p>\n","protected":false},"featured_media":4749,"comment_status":"open","ping_status":"closed","template":"","meta":{"wds_primary_product_brand":0,"wds_primary_product_cat":0,"wds_primary_merken":0},"product_brand":[],"product_cat":[232,980,195],"product_tag":[1946,3338,2395,3377,1947,3376,3339,3375,3379,3378],"merken":[],"class_list":{"0":"post-6901","1":"product","2":"type-product","3":"status-publish","4":"has-post-thumbnail","6":"product_cat-ontstekingsremmend","7":"product_cat-colloidale-producten-dier","8":"product_cat-algemene-vitaliteit","9":"product_tag-cao","10":"product_tag-coloidal","11":"product_tag-comportamento-pt-pt","12":"product_tag-em-foco","13":"product_tag-gato-pt-pt","14":"product_tag-nano-ouro","15":"product_tag-ngd-care-coloidal","16":"product_tag-ouro","17":"product_tag-premio","18":"product_tag-sistema-nervoso","19":"infinite-scroll-item","20":"sales-flash-overlay","21":"woocommerce-text-align-center","22":"woocommerce-image-align-center","23":"do-quantity-buttons","25":"first","26":"instock","27":"taxable","28":"shipping-taxable","29":"purchasable","30":"product-type-simple"},"_links":{"self":[{"href":"https:\/\/www.ngdcare.nl\/pt-pt\/wp-json\/wp\/v2\/product\/6901","targetHints":{"allow":["GET"]}}],"collection":[{"href":"https:\/\/www.ngdcare.nl\/pt-pt\/wp-json\/wp\/v2\/product"}],"about":[{"href":"https:\/\/www.ngdcare.nl\/pt-pt\/wp-json\/wp\/v2\/types\/product"}],"replies":[{"embeddable":true,"href":"https:\/\/www.ngdcare.nl\/pt-pt\/wp-json\/wp\/v2\/comments?post=6901"}],"wp:featuredmedia":[{"embeddable":true,"href":"https:\/\/www.ngdcare.nl\/pt-pt\/wp-json\/wp\/v2\/media\/4749"}],"wp:attachment":[{"href":"https:\/\/www.ngdcare.nl\/pt-pt\/wp-json\/wp\/v2\/media?parent=6901"}],"wp:term":[{"taxonomy":"product_brand","embeddable":true,"href":"https:\/\/www.ngdcare.nl\/pt-pt\/wp-json\/wp\/v2\/product_brand?post=6901"},{"taxonomy":"product_cat","embeddable":true,"href":"https:\/\/www.ngdcare.nl\/pt-pt\/wp-json\/wp\/v2\/product_cat?post=6901"},{"taxonomy":"product_tag","embeddable":true,"href":"https:\/\/www.ngdcare.nl\/pt-pt\/wp-json\/wp\/v2\/product_tag?post=6901"},{"taxonomy":"merken","embeddable":true,"href":"https:\/\/www.ngdcare.nl\/pt-pt\/wp-json\/wp\/v2\/merken?post=6901"}],"curies":[{"name":"wp","href":"https:\/\/api.w.org\/{rel}","templated":true}]}}