{"id":6912,"date":"2025-06-19T23:13:19","date_gmt":"2025-06-19T21:13:19","guid":{"rendered":"https:\/\/www.ngdcare.nl\/product\/sem%20categoria\/spray-coloidal-prata-zinco-spray-coloidal-de-prata-zinco\/"},"modified":"2026-03-29T14:28:20","modified_gmt":"2026-03-29T12:28:20","slug":"spray-coloidal-prata-zinco-spray-coloidal-de-prata-zinco","status":"publish","type":"product","link":"https:\/\/www.ngdcare.nl\/pt-pt\/product\/veterinary-health\/coloidal\/spray-coloidal-prata-zinco-spray-coloidal-de-prata-zinco\/","title":{"rendered":"Spray coloidal prata-zinco \u2013 spray coloidal de prata zinco"},"content":{"rendered":"<p style=\"font-weight: 400;\">O <strong>Spray Coloidal de Prata-Zinco<\/strong> da NGD Care combina dois elementos poderosos na sua forma mais pura: prata coloidal (10 PPM) e zinco coloidal (15 PPM), dissolvidos em \u00e1gua destilada purificada. Ao utilizar <strong>nanopart\u00edculas<\/strong> , a prata e o zinco s\u00e3o melhor distribu\u00eddos e absorvidos de forma ideal na superf\u00edcie da pele, onde podem exercer o seu efeito natural, de limpeza e repara\u00e7\u00e3o da pele. <\/p>\n<p style=\"font-weight: 400;\">Tanto a prata coloidal como o zinco coloidal s\u00e3o conhecidos pela sua vasta gama de aplica\u00e7\u00f5es para <strong>problemas de pele<\/strong>, tais como vermelhid\u00e3o, irrita\u00e7\u00e3o, comich\u00e3o ou pequenas feridas. Este spray \u00e9 projetado para <strong>uso externo<\/strong> em animais e seres humanos e n\u00e3o cont\u00e9m \u00e1lcool, fragr\u00e2ncias, conservantes ou aditivos sint\u00e9ticos. <\/p>\n<p style=\"font-weight: 400;\">Gra\u00e7as ao pr\u00e1tico frasco de pulveriza\u00e7\u00e3o, o produto \u00e9 f\u00e1cil de aplicar em superf\u00edcies de pele maiores ou locais de dif\u00edcil acesso. Uma adi\u00e7\u00e3o segura, suave e eficaz a qualquer rotina natural de cuidado da pele. <\/p>\n","protected":false},"excerpt":{"rendered":"<p class=\"p1\">Pulveriza\u00e7\u00e3o coloidal com nano-prata (10 PPM) e nano-zinco (15 PPM) em \u00e1gua purificada. Apoia a recupera\u00e7\u00e3o natural da pele em animais e humanos.  Adequado para uso externo<\/p>\n","protected":false},"featured_media":17428,"comment_status":"open","ping_status":"closed","template":"","meta":{"wds_primary_product_brand":0,"wds_primary_product_cat":0,"wds_primary_merken":0},"product_brand":[],"product_cat":[2178,3337,2177],"product_tag":[1946,3338,3467,3457,1947,3468,3458,3463,3465,3339,3456,3459,3466,3192,3461],"merken":[],"class_list":{"0":"post-6912","1":"product","2":"type-product","3":"status-publish","4":"has-post-thumbnail","6":"product_cat-anti-inflamatorios","7":"product_cat-coloidal","8":"product_cat-vitalidade-geral","9":"product_tag-cao","10":"product_tag-coloidal","11":"product_tag-cuidados-com-feridas","12":"product_tag-eczema-pt-pt","13":"product_tag-gato-pt-pt","14":"product_tag-infecao","15":"product_tag-irritacao-cutanea","16":"product_tag-nano-prata","17":"product_tag-nano-zinco-pt-pt","18":"product_tag-ngd-care-coloidal","19":"product_tag-ponto-quente","20":"product_tag-prata","21":"product_tag-pulverizacao","22":"product_tag-reparacao-da-pele","23":"product_tag-zinco-pt-pt","24":"infinite-scroll-item","25":"sales-flash-overlay","26":"woocommerce-text-align-center","27":"woocommerce-image-align-center","28":"do-quantity-buttons","30":"first","31":"instock","32":"taxable","33":"shipping-taxable","34":"purchasable","35":"product-type-simple"},"_links":{"self":[{"href":"https:\/\/www.ngdcare.nl\/pt-pt\/wp-json\/wp\/v2\/product\/6912","targetHints":{"allow":["GET"]}}],"collection":[{"href":"https:\/\/www.ngdcare.nl\/pt-pt\/wp-json\/wp\/v2\/product"}],"about":[{"href":"https:\/\/www.ngdcare.nl\/pt-pt\/wp-json\/wp\/v2\/types\/product"}],"replies":[{"embeddable":true,"href":"https:\/\/www.ngdcare.nl\/pt-pt\/wp-json\/wp\/v2\/comments?post=6912"}],"wp:featuredmedia":[{"embeddable":true,"href":"https:\/\/www.ngdcare.nl\/pt-pt\/wp-json\/wp\/v2\/media\/17428"}],"wp:attachment":[{"href":"https:\/\/www.ngdcare.nl\/pt-pt\/wp-json\/wp\/v2\/media?parent=6912"}],"wp:term":[{"taxonomy":"product_brand","embeddable":true,"href":"https:\/\/www.ngdcare.nl\/pt-pt\/wp-json\/wp\/v2\/product_brand?post=6912"},{"taxonomy":"product_cat","embeddable":true,"href":"https:\/\/www.ngdcare.nl\/pt-pt\/wp-json\/wp\/v2\/product_cat?post=6912"},{"taxonomy":"product_tag","embeddable":true,"href":"https:\/\/www.ngdcare.nl\/pt-pt\/wp-json\/wp\/v2\/product_tag?post=6912"},{"taxonomy":"merken","embeddable":true,"href":"https:\/\/www.ngdcare.nl\/pt-pt\/wp-json\/wp\/v2\/merken?post=6912"}],"curies":[{"name":"wp","href":"https:\/\/api.w.org\/{rel}","templated":true}]}}