{"id":6969,"date":"2025-09-15T21:16:52","date_gmt":"2025-09-15T19:16:52","guid":{"rendered":"https:\/\/www.ngdcare.nl\/product\/sem%20categoria\/ozone-jojoba-ear-drops-ear-drops\/"},"modified":"2026-03-29T14:17:43","modified_gmt":"2026-03-29T12:17:43","slug":"ozone-jojoba-ear-drops-ear-drops","status":"publish","type":"product","link":"https:\/\/www.ngdcare.nl\/pt-pt\/product\/orelhas\/ozone-jojoba-ear-drops-ear-drops\/","title":{"rendered":"Ozone Jojoba Ear Drops \u2013 Ear Drops"},"content":{"rendered":"<p data-start=\"5243\" data-end=\"5799\">Gotas para os Ouvidos de Jojoba com Ozono <strong data-start=\"5317\" data-end=\"5330\">\u2013 As gotas para os ouvidos<\/strong> s\u00e3o <strong data-start=\"5336\" data-end=\"5379\">gotas suaves, ligeiramente ozonizadas<\/strong> , \u00e0 base de <strong data-start=\"5393\" data-end=\"5408\">\u00f3leo de jojoba<\/strong>. A <strong data-start=\"5413\" data-end=\"5433\">baixa viscosidade <\/strong>garante que as got\u00edculas se sintam <strong data-start=\"5456\" data-end=\"5471\">confort\u00e1veis<\/strong> e <strong data-start=\"5485\" data-end=\"5512\">permane\u00e7am no lugar um pouco mais<\/strong> tempo do que as solu\u00e7\u00f5es aquosas. A composi\u00e7\u00e3o <strong data-start=\"5550\" data-end=\"5565\">sem fragr\u00e2ncia<\/strong> destina-se ao <strong data-start=\"5596\" data-end=\"5624\">cuidado do ouvido externo<\/strong> (papilleira e canal auditivo externo). Este \u00f3leo de jojoba \u00e9 ozonizado por um per\u00edodo de tempo mais curto em compara\u00e7\u00e3o com o b\u00e1lsamo de jojoba. Isto mant\u00e9m o \u00f3leo l\u00edquido e f\u00e1cil de inserir no ouvido e de massajar.   <\/p>\n<p data-start=\"5801\" data-end=\"5851\"><strong data-start=\"5801\" data-end=\"5849\">As \u00e1reas de aplica\u00e7\u00e3o <\/strong>s\u00e3o cuidados di\u00e1rios do ouvido externo e do canal auditivo externo. O \u00f3leo de jojoba ozonizado penetra bem atrav\u00e9s do biofilme patog\u00eanico do ouvido em caso de muita produ\u00e7\u00e3o de cera, mas tamb\u00e9m em apoio a infe\u00e7\u00f5es de ouvido (otite externa) devido ao crescimento excessivo de bact\u00e9rias ou leveduras. <\/p>\n<p data-start=\"6316\" data-end=\"6433\">\n","protected":false},"excerpt":{"rendered":"<p>Ozone Jojoba Ear <strong data-start=\"5317\" data-end=\"5330\">Drops \u2013 Ear Drops<\/strong> s\u00e3o <strong data-start=\"5336\" data-end=\"5379\">gotas de ouvido suaves, levemente ozonizadas<\/strong> \u00e0 base <strong data-start=\"5393\" data-end=\"5408\">de \u00f3leo de jojoba.<\/strong><\/p>\n","protected":false},"featured_media":17399,"comment_status":"open","ping_status":"closed","template":"","meta":{"wds_primary_product_brand":0,"wds_primary_product_cat":0,"wds_primary_merken":0},"product_brand":[],"product_cat":[3582,3583],"product_tag":[3588,3587,3586,3585,3584],"merken":[],"class_list":{"0":"post-6969","1":"product","2":"type-product","3":"status-publish","4":"has-post-thumbnail","6":"product_cat-orelhas","7":"product_cat-ozono-pt-pt","8":"product_tag-colirios-auriculares","9":"product_tag-cuidados-com-a-orelha-do-gato","10":"product_tag-cuidados-com-os-ouvidos-dos-caes","11":"product_tag-jojoba-ozonizada-pt-pt","12":"product_tag-sem-perfume","13":"infinite-scroll-item","14":"sales-flash-overlay","15":"woocommerce-text-align-center","16":"woocommerce-image-align-center","17":"do-quantity-buttons","19":"first","20":"instock","21":"taxable","22":"shipping-taxable","23":"purchasable","24":"product-type-simple"},"_links":{"self":[{"href":"https:\/\/www.ngdcare.nl\/pt-pt\/wp-json\/wp\/v2\/product\/6969","targetHints":{"allow":["GET"]}}],"collection":[{"href":"https:\/\/www.ngdcare.nl\/pt-pt\/wp-json\/wp\/v2\/product"}],"about":[{"href":"https:\/\/www.ngdcare.nl\/pt-pt\/wp-json\/wp\/v2\/types\/product"}],"replies":[{"embeddable":true,"href":"https:\/\/www.ngdcare.nl\/pt-pt\/wp-json\/wp\/v2\/comments?post=6969"}],"wp:featuredmedia":[{"embeddable":true,"href":"https:\/\/www.ngdcare.nl\/pt-pt\/wp-json\/wp\/v2\/media\/17399"}],"wp:attachment":[{"href":"https:\/\/www.ngdcare.nl\/pt-pt\/wp-json\/wp\/v2\/media?parent=6969"}],"wp:term":[{"taxonomy":"product_brand","embeddable":true,"href":"https:\/\/www.ngdcare.nl\/pt-pt\/wp-json\/wp\/v2\/product_brand?post=6969"},{"taxonomy":"product_cat","embeddable":true,"href":"https:\/\/www.ngdcare.nl\/pt-pt\/wp-json\/wp\/v2\/product_cat?post=6969"},{"taxonomy":"product_tag","embeddable":true,"href":"https:\/\/www.ngdcare.nl\/pt-pt\/wp-json\/wp\/v2\/product_tag?post=6969"},{"taxonomy":"merken","embeddable":true,"href":"https:\/\/www.ngdcare.nl\/pt-pt\/wp-json\/wp\/v2\/merken?post=6969"}],"curies":[{"name":"wp","href":"https:\/\/api.w.org\/{rel}","templated":true}]}}