{"id":6974,"date":"2025-09-27T23:03:29","date_gmt":"2025-09-27T21:03:29","guid":{"rendered":"https:\/\/www.ngdcare.nl\/product\/sem%20categoria\/essencia-do-alinhamento-interior-chakra-1-4-e-7\/"},"modified":"2026-01-01T15:15:50","modified_gmt":"2026-01-01T14:15:50","slug":"essencia-do-alinhamento-interior-chakra-1-4-e-7","status":"publish","type":"product","link":"https:\/\/www.ngdcare.nl\/pt-pt\/product\/veterinary-health\/florais-remedios\/essencia-do-alinhamento-interior-chakra-1-4-e-7\/","title":{"rendered":"Ess\u00eancia do Alinhamento Interior \u2013 Chakra 1, 4 e 7"},"content":{"rendered":"<p><strong>O Alinhamento Interior<\/strong> \u00e9 uma ess\u00eancia floral cuidadosamente selecionada baseada no 1\u00ba, 4\u00ba e 7\u00ba chakras \u2013 o eixo de corporeidade, amor e consci\u00eancia. Esta f\u00f3rmula ajuda a: <\/p>\n<ul>\n<li>Terra mais profunda em seu corpo (chakra 1),<\/li>\n<li>Abrindo o cora\u00e7\u00e3o para a conex\u00e3o amorosa (chakra 4),<\/li>\n<li>E para se conectar com seu eu superior e intui\u00e7\u00e3o (chakra 7).<\/li>\n<\/ul>\n<p>Esta combina\u00e7\u00e3o \u00e9 particularmente adequada para <strong>pessoas ou animais altamente sens\u00edveis<\/strong> que sofrem de sentimentos de inseguran\u00e7a, luto, solid\u00e3o, superestimula\u00e7\u00e3o ou desequil\u00edbrio espiritual.<\/p>\n<p>A mistura cont\u00e9m 12 flores cuidadosamente escolhidas da gama Star Remedies. Eles trabalham juntos em um n\u00edvel f\u00edsico, emocional, mental e espiritual para restaurar a trindade interior. <\/p>\n<p><strong>Indica\u00e7\u00f5es:<\/strong><\/p>\n<ul>\n<li>Sobreviver em vez de viver<\/li>\n<li>N\u00e3o ser capaz de &#8220;pousar&#8221; adequadamente no seu corpo<\/li>\n<li>Sentimentos de solid\u00e3o, luto ou aliena\u00e7\u00e3o<\/li>\n<li>Dificuldade com amor pr\u00f3prio ou alinhamento com intui\u00e7\u00e3o superior<\/li>\n<li>Estimula\u00e7\u00e3o excessiva ou vulnerabilidade energ\u00e9tica<\/li>\n<\/ul>\n<p><strong>Ingredientes<\/strong>:<\/p>\n<ul>\n<li><strong>Flor da m\u00e1scara<\/strong> \u2013 para liberar mecanismos de prote\u00e7\u00e3o e aterramento profundo<\/li>\n<li><strong>Borragem<\/strong> \u2013 d\u00e1 coragem, conforto e gentileza<\/li>\n<li><strong>L\u00edrio de \u00c1gua<\/strong> \u2013 conecta o corpo et\u00e9rico com o f\u00edsico<\/li>\n<li><strong>Immortelle<\/strong> \u2013 trabalha karmicamente e fortalece o alicerce da alma<\/li>\n<li><strong>Equil\u00edbrio<\/strong> \u2013 harmoniza sentir, pensar e agir<\/li>\n<li><strong>Day Cuckoo Flower<\/strong> \u2013 coragem para se mostrar com o cora\u00e7\u00e3o aberto<\/li>\n<li><strong>Rainha das Costas<\/strong> \u2013 abre o cora\u00e7\u00e3o e a coroa do amor<\/li>\n<li><strong>Estrela de Bel\u00e9m<\/strong> \u2013 cura traumas profundos e restaura a linha da alma<\/li>\n<li><strong>Knotweed<\/strong> \u2013 fortalece a teia energ\u00e9tica do cosmos terrestre \u2194<\/li>\n<li><strong>Flor de maio Amarela<\/strong> \u2013 abre a coroa suave e limpa<\/li>\n<li><strong>3-Unidade<\/strong> \u2013 conecta corpo, alma e esp\u00edrito em alinhamento<\/li>\n<li><strong>Herb Don&#8217;t Stir Me<\/strong> \u2013 oferece prote\u00e7\u00e3o energ\u00e9tica em caso de superestimula\u00e7\u00e3o<\/li>\n<\/ul>\n","protected":false},"excerpt":{"rendered":"<p><span style=\"color: black;\">Esta poderosa ess\u00eancia floral conecta os chakras da raiz, cora\u00e7\u00e3o e coroa. Apoia a corporeidade, a paz interior e a sintonia espiritual. Para pessoas e animais sens\u00edveis que procuram seguran\u00e7a, conex\u00e3o e significado.  <\/span><\/p>\n","protected":false},"featured_media":12072,"comment_status":"open","ping_status":"closed","template":"","meta":{"wds_primary_product_brand":0,"wds_primary_product_cat":0,"wds_primary_merken":0},"product_brand":[],"product_cat":[3229],"product_tag":[3623,3616,3625,3614,3624,3620,3230,3622,3231,3619],"merken":[],"class_list":{"0":"post-6974","1":"product","2":"type-product","3":"status-publish","4":"has-post-thumbnail","6":"product_cat-florais-remedios","7":"product_tag-abertura-do-coracao","8":"product_tag-alinhamento-interno","9":"product_tag-alta-sensibilidade","10":"product_tag-chakra-1-4-7-pt-pt","11":"product_tag-chakra-coronario","12":"product_tag-conexao-espiritual","13":"product_tag-essencia-floral","14":"product_tag-ligacao-a-terra","15":"product_tag-ngd-care-flores","16":"product_tag-star-remedios","17":"infinite-scroll-item","18":"sales-flash-overlay","19":"woocommerce-text-align-center","20":"woocommerce-image-align-center","21":"do-quantity-buttons","23":"first","24":"instock","25":"taxable","26":"shipping-taxable","27":"purchasable","28":"product-type-simple"},"_links":{"self":[{"href":"https:\/\/www.ngdcare.nl\/pt-pt\/wp-json\/wp\/v2\/product\/6974","targetHints":{"allow":["GET"]}}],"collection":[{"href":"https:\/\/www.ngdcare.nl\/pt-pt\/wp-json\/wp\/v2\/product"}],"about":[{"href":"https:\/\/www.ngdcare.nl\/pt-pt\/wp-json\/wp\/v2\/types\/product"}],"replies":[{"embeddable":true,"href":"https:\/\/www.ngdcare.nl\/pt-pt\/wp-json\/wp\/v2\/comments?post=6974"}],"wp:featuredmedia":[{"embeddable":true,"href":"https:\/\/www.ngdcare.nl\/pt-pt\/wp-json\/wp\/v2\/media\/12072"}],"wp:attachment":[{"href":"https:\/\/www.ngdcare.nl\/pt-pt\/wp-json\/wp\/v2\/media?parent=6974"}],"wp:term":[{"taxonomy":"product_brand","embeddable":true,"href":"https:\/\/www.ngdcare.nl\/pt-pt\/wp-json\/wp\/v2\/product_brand?post=6974"},{"taxonomy":"product_cat","embeddable":true,"href":"https:\/\/www.ngdcare.nl\/pt-pt\/wp-json\/wp\/v2\/product_cat?post=6974"},{"taxonomy":"product_tag","embeddable":true,"href":"https:\/\/www.ngdcare.nl\/pt-pt\/wp-json\/wp\/v2\/product_tag?post=6974"},{"taxonomy":"merken","embeddable":true,"href":"https:\/\/www.ngdcare.nl\/pt-pt\/wp-json\/wp\/v2\/merken?post=6974"}],"curies":[{"name":"wp","href":"https:\/\/api.w.org\/{rel}","templated":true}]}}