{"id":6986,"date":"2025-09-27T23:05:20","date_gmt":"2025-09-27T21:05:20","guid":{"rendered":"https:\/\/www.ngdcare.nl\/product\/sem%20categoria\/essencia-do-sentimento-intestinal-chakra-3-e-6\/"},"modified":"2026-03-29T14:30:15","modified_gmt":"2026-03-29T12:30:15","slug":"essencia-do-sentimento-intestinal-chakra-3-e-6","status":"publish","type":"product","link":"https:\/\/www.ngdcare.nl\/pt-pt\/product\/veterinary-health\/florais-remedios\/essencia-do-sentimento-intestinal-chakra-3-e-6\/","title":{"rendered":"Ess\u00eancia do sentimento intestinal \u2013 Chakra 3 e 6"},"content":{"rendered":"<p style=\"font-weight: 400;\" data-start=\"379\" data-end=\"758\">A ess\u00eancia floral <strong>Gut Feeling<\/strong> \u00e9 uma combina\u00e7\u00e3o cuidadosamente composta de flores que conecta o 3\u00ba chakra (poder pessoal) e o 6\u00ba chakra (intui\u00e7\u00e3o e perce\u00e7\u00e3o). Esta combina\u00e7\u00e3o destina-se a pessoas e animais que t\u00eam dificuldade em fazer escolhas, falta de autoconfian\u00e7a ou est\u00e3o demasiado &#8220;na cabe\u00e7a&#8221;. <\/p>\n<p style=\"font-weight: 400;\" data-start=\"760\" data-end=\"1108\">Onde o terceiro chakra \u00e9 sobre determina\u00e7\u00e3o, vontade e dire\u00e7\u00e3o, o sexto chakra significa perce\u00e7\u00e3o intuitiva e conhecimento interior. Se esses centros n\u00e3o est\u00e3o em equil\u00edbrio, muitas vezes surgem confus\u00e3o, indecis\u00e3o ou controle excessivo. Esta flor ajuda a harmonizar o pensar, o sentir e o fazer \u2013 a partir de uma b\u00fassola interior pura.  <\/p>\n<p style=\"font-weight: 400;\" data-start=\"1110\" data-end=\"1251\"><strong>Aplica\u00e7\u00e3o<\/strong>:<\/p>\n<p style=\"font-weight: 400;\" data-start=\"1110\" data-end=\"1251\">com stress, preocupa\u00e7\u00e3o, medo de falhar, bloqueios na tomada de decis\u00e3o, falta de confian\u00e7a na intui\u00e7\u00e3o, hiperestimula\u00e7\u00e3o ou esgotamento.<\/p>\n<p style=\"font-weight: 400;\" data-start=\"1110\" data-end=\"1251\"><strong data-start=\"1311\" data-end=\"1359\">Cont\u00e9m as seguintes flores:<\/strong><\/p>\n<ul>\n<li data-start=\"1364\" data-end=\"1410\"><strong data-start=\"1364\" data-end=\"1377\">Plumb<\/strong> \u2013 a\u00e7\u00e3o e dire\u00e7\u00e3o intuitivas<\/li>\n<li data-start=\"1413\" data-end=\"1458\"><strong data-start=\"1413\" data-end=\"1429\">Salsa de vaca<\/strong> \u2013 autoexpress\u00e3o relaxada<\/li>\n<li data-start=\"1461\" data-end=\"1533\"><strong data-start=\"1461\" data-end=\"1478\">Arbusto de borboleta<\/strong> \u2013 for\u00e7a interior, libertando-se de velhas cren\u00e7as<\/li>\n<li data-start=\"1536\" data-end=\"1589\"><strong data-start=\"1536\" data-end=\"1551\">Wild Apple<\/strong> \u2013 limpeza da autoimagem limitante<\/li>\n<li data-start=\"1592\" data-end=\"1654\"><strong data-start=\"1592\" data-end=\"1613\">Estrela de Bel\u00e9m<\/strong> \u2013 recupera\u00e7\u00e3o ap\u00f3s choque, trauma ou burnout<\/li>\n<li><strong>Cal\u00eandula do p\u00e2ntano<\/strong> \u2013 ativa\u00e7\u00e3o do terceiro olho<\/li>\n<li data-start=\"1707\" data-end=\"1757\"><strong data-start=\"1707\" data-end=\"1719\">A Crian\u00e7a<\/strong> \u2013 confian\u00e7a em impulsos intuitivos<\/li>\n<li data-start=\"1760\" data-end=\"1808\"><strong data-start=\"1760\" data-end=\"1770\">Ismene<\/strong>\u2013 sensibilidade, conhecimento interior<\/li>\n<li data-start=\"1811\" data-end=\"1858\"><strong data-start=\"1811\" data-end=\"1824\">Hort\u00eansia<\/strong> \u2013 equil\u00edbrio entre cabe\u00e7a e sentimento<\/li>\n<li data-start=\"1861\" data-end=\"1919\"><strong data-start=\"1861\" data-end=\"1875\">Immortelle<\/strong> \u2013 mem\u00f3ria da alma, aprofundamento espiritual<\/li>\n<li data-start=\"1922\" data-end=\"1971\"><strong data-start=\"1922\" data-end=\"1932\">Equil\u00edbrio<\/strong> \u2013 harmoniza vontade, pensamento e sentimento<\/li>\n<li data-start=\"1974\" data-end=\"2033\"><strong data-start=\"1974\" data-end=\"1998\">Spice Don&#8217;t stir me<\/strong> \u2013 prote\u00e7\u00e3o contra a superestimula\u00e7\u00e3o<\/li>\n<\/ul>\n","protected":false},"excerpt":{"rendered":"<p>Combina\u00e7\u00e3o de flor para for\u00e7a interior e intui\u00e7\u00e3o clara. Ajuda com o estresse de escolha, d\u00favida, perda de controle ou sobrecarga. Suporta o 3\u00ba e 6\u00ba chakras (plexo solar e terceiro olho) na sua coopera\u00e7\u00e3o.  <\/p>\n","protected":false},"featured_media":17438,"comment_status":"open","ping_status":"closed","template":"","meta":{"wds_primary_product_brand":0,"wds_primary_product_cat":0,"wds_primary_merken":0},"product_brand":[],"product_cat":[3229],"product_tag":[3715,3709,3710,2599,3713,3716,3717,3714,3711,3619,3712],"merken":[],"class_list":{"0":"post-6986","1":"product","2":"type-product","3":"status-publish","4":"has-post-thumbnail","6":"product_cat-florais-remedios","7":"product_tag-apoio-espiritual","8":"product_tag-chakra-3-pt-pt","9":"product_tag-chakra-6-pt-pt","10":"product_tag-cuidados-com-ngd","11":"product_tag-essencia-floral-autoconfianca","12":"product_tag-forca-interior","13":"product_tag-hiperestimulacao","14":"product_tag-intuicao-de-flor","15":"product_tag-luz-solar-pt-pt","16":"product_tag-star-remedios","17":"product_tag-terceiro-olho","18":"infinite-scroll-item","19":"sales-flash-overlay","20":"woocommerce-text-align-center","21":"woocommerce-image-align-center","22":"do-quantity-buttons","24":"first","25":"instock","26":"taxable","27":"shipping-taxable","28":"purchasable","29":"product-type-simple"},"_links":{"self":[{"href":"https:\/\/www.ngdcare.nl\/pt-pt\/wp-json\/wp\/v2\/product\/6986","targetHints":{"allow":["GET"]}}],"collection":[{"href":"https:\/\/www.ngdcare.nl\/pt-pt\/wp-json\/wp\/v2\/product"}],"about":[{"href":"https:\/\/www.ngdcare.nl\/pt-pt\/wp-json\/wp\/v2\/types\/product"}],"replies":[{"embeddable":true,"href":"https:\/\/www.ngdcare.nl\/pt-pt\/wp-json\/wp\/v2\/comments?post=6986"}],"wp:featuredmedia":[{"embeddable":true,"href":"https:\/\/www.ngdcare.nl\/pt-pt\/wp-json\/wp\/v2\/media\/17438"}],"wp:attachment":[{"href":"https:\/\/www.ngdcare.nl\/pt-pt\/wp-json\/wp\/v2\/media?parent=6986"}],"wp:term":[{"taxonomy":"product_brand","embeddable":true,"href":"https:\/\/www.ngdcare.nl\/pt-pt\/wp-json\/wp\/v2\/product_brand?post=6986"},{"taxonomy":"product_cat","embeddable":true,"href":"https:\/\/www.ngdcare.nl\/pt-pt\/wp-json\/wp\/v2\/product_cat?post=6986"},{"taxonomy":"product_tag","embeddable":true,"href":"https:\/\/www.ngdcare.nl\/pt-pt\/wp-json\/wp\/v2\/product_tag?post=6986"},{"taxonomy":"merken","embeddable":true,"href":"https:\/\/www.ngdcare.nl\/pt-pt\/wp-json\/wp\/v2\/merken?post=6986"}],"curies":[{"name":"wp","href":"https:\/\/api.w.org\/{rel}","templated":true}]}}