{"id":6989,"date":"2025-09-27T23:00:00","date_gmt":"2025-09-27T21:00:00","guid":{"rendered":"https:\/\/www.ngdcare.nl\/product\/sem%20categoria\/essencia-de-expressao-chakra-2-e-5\/"},"modified":"2026-03-29T14:34:38","modified_gmt":"2026-03-29T12:34:38","slug":"essencia-de-expressao-chakra-2-e-5","status":"publish","type":"product","link":"https:\/\/www.ngdcare.nl\/pt-pt\/product\/florais-remedios\/essencia-de-expressao-chakra-2-e-5\/","title":{"rendered":"Ess\u00eancia de express\u00e3o \u2013 Chakra 2 e 5"},"content":{"rendered":"<p style=\"font-weight: 400;\">Esta ess\u00eancia floral cuidadosamente composta <strong>Express\u00e3o \u2013 Chakra 2 &amp; 5<\/strong> suporta a conex\u00e3o entre o segundo chakra (sagrado) e o quinto (garganta) chakra. Ajuda-o a conectar-se com o seu fluxo interior, a sua energia de vida criativa e a sua capacidade de se expressar a partir da suavidade e da verdade. <\/p>\n<p style=\"font-weight: 400;\" data-start=\"1135\" data-end=\"1379\">Muitas pessoas \u2013 e animais \u2013 experimentam bloqueios neste eixo: dificuldade em expressar sentimentos, estagna\u00e7\u00e3o criativa, medo de se mostrar ou sensibilidade emocional excessiva. Esta ess\u00eancia floral traz calmante, prote\u00e7\u00e3o e espa\u00e7o. <\/p>\n<p style=\"font-weight: 400;\" data-start=\"1381\" data-end=\"1399\"><strong data-start=\"1381\" data-end=\"1397\">Aplica\u00e7\u00f5es<\/strong><\/p>\n<ul>\n<li data-start=\"1402\" data-end=\"1460\">Em caso de bloqueios emocionais (por exemplo, tristeza, vergonha, culpa)<\/li>\n<li data-start=\"1463\" data-end=\"1503\">Dificuldade de autoexpress\u00e3o ou comunica\u00e7\u00e3o<\/li>\n<li data-start=\"1506\" data-end=\"1563\">Problemas em torno da criatividade, sensualidade ou intimidade<\/li>\n<li data-start=\"1566\" data-end=\"1619\">Alta sensibilidade ou superestimula\u00e7\u00e3o da \u00e1rea da garganta<\/li>\n<li data-start=\"1622\" data-end=\"1679\">Suporte de desequil\u00edbrio hormonal ou dist\u00farbios da garganta<\/li>\n<\/ul>\n<p style=\"font-weight: 400;\" data-start=\"1681\" data-end=\"1725\"><strong data-start=\"1681\" data-end=\"1723\">Composi\u00e7\u00e3o<\/strong><\/p>\n<ul>\n<li data-start=\"1728\" data-end=\"1787\"><strong data-start=\"1728\" data-end=\"1741\">Perd\u00e3o<\/strong> \u2013 flor central para deixar ir, abre o cora\u00e7\u00e3o<\/li>\n<li data-start=\"1790\" data-end=\"1853\"><strong data-start=\"1790\" data-end=\"1806\">Salsa de vaca<\/strong> \u2013 para ludicidade, criatividade e leveza<\/li>\n<li data-start=\"1856\" data-end=\"1916\"><strong data-start=\"1856\" data-end=\"1872\">Cacto coral<\/strong> \u2013 soft female flow, sensualidade<\/li>\n<li data-start=\"1919\" data-end=\"1971\"><strong data-start=\"1919\" data-end=\"1939\">Flor de cuco do dia<\/strong> \u2013 ousar ser voc\u00ea mesmo e expressar-se<\/li>\n<li data-start=\"1974\" data-end=\"2036\"><strong data-start=\"1974\" data-end=\"1995\">Estrela de Bel\u00e9m<\/strong> \u2013 cura de traumas emocionais profundos<\/li>\n<li data-start=\"2039\" data-end=\"2092\"><strong data-start=\"2039\" data-end=\"2059\">Am\u00eandoa indiana<\/strong> \u2013 prote\u00e7\u00e3o em caso de sensibilidade<\/li>\n<li data-start=\"2095\" data-end=\"2161\"><strong data-start=\"2095\" data-end=\"2112\">Amor e Esperan\u00e7a<\/strong> \u2013 suaviza\u00e7\u00e3o emocional e roupa de cama interior<\/li>\n<li data-start=\"2164\" data-end=\"2211\"><strong data-start=\"2164\" data-end=\"2172\">Rosa<\/strong> \u2013 energia suave do cora\u00e7\u00e3o na comunica\u00e7\u00e3o<\/li>\n<li data-start=\"2214\" data-end=\"2269\"><strong data-start=\"2214\" data-end=\"2227\">3-Unidade<\/strong> \u2013 alinhamento do corpo, alma e esp\u00edrito<\/li>\n<li data-start=\"2272\" data-end=\"2338\"><strong data-start=\"2272\" data-end=\"2289\">Butterfly Bush<\/strong> \u2013 Transforma\u00e7\u00e3o e Confian\u00e7a na Express\u00e3o<\/li>\n<li data-start=\"2341\" data-end=\"2403\"><strong data-start=\"2341\" data-end=\"2353\">Turquesa \u2013 fortalece<\/strong> a conex\u00e3o entre sentimento e express\u00e3o<\/li>\n<\/ul>\n<p style=\"font-weight: 400;\" data-start=\"2405\" data-end=\"2585\">Use esta ess\u00eancia em fases de transi\u00e7\u00e3o, como apoio em processos criativos ou relacionais, ou quando falar e sentir pode (re)alinhar com quem voc\u00ea realmente \u00e9.<\/p>\n","protected":false},"excerpt":{"rendered":"<div>\n<p>Ess\u00eancia floral para fluxo emocional e autoexpress\u00e3o. A express\u00e3o ajuda a abrir o segundo e quinto chakras, suporta bloqueios no campo da criatividade, sensualidade, verdade e comunica\u00e7\u00e3o. <\/p>\n<\/div>\n","protected":false},"featured_media":17448,"comment_status":"open","ping_status":"closed","template":"","meta":{"wds_primary_product_brand":0,"wds_primary_product_cat":0,"wds_primary_merken":0},"product_brand":[],"product_cat":[3229],"product_tag":[3625,3738,3736,3733,3734,3735,3737,3230,3231,3232],"merken":[],"class_list":{"0":"post-6989","1":"product","2":"type-product","3":"status-publish","4":"has-post-thumbnail","6":"product_cat-florais-remedios","7":"product_tag-alta-sensibilidade","8":"product_tag-animais-sensiveis","9":"product_tag-autoexpressao","10":"product_tag-chakra-2-pt-pt","11":"product_tag-chakra-5-pt-pt","12":"product_tag-criatividade","13":"product_tag-cura-emocional","14":"product_tag-essencia-floral","15":"product_tag-ngd-care-flores","16":"product_tag-protecao-energetica","17":"infinite-scroll-item","18":"sales-flash-overlay","19":"woocommerce-text-align-center","20":"woocommerce-image-align-center","21":"do-quantity-buttons","23":"first","24":"instock","25":"taxable","26":"shipping-taxable","27":"purchasable","28":"product-type-simple"},"_links":{"self":[{"href":"https:\/\/www.ngdcare.nl\/pt-pt\/wp-json\/wp\/v2\/product\/6989","targetHints":{"allow":["GET"]}}],"collection":[{"href":"https:\/\/www.ngdcare.nl\/pt-pt\/wp-json\/wp\/v2\/product"}],"about":[{"href":"https:\/\/www.ngdcare.nl\/pt-pt\/wp-json\/wp\/v2\/types\/product"}],"replies":[{"embeddable":true,"href":"https:\/\/www.ngdcare.nl\/pt-pt\/wp-json\/wp\/v2\/comments?post=6989"}],"wp:featuredmedia":[{"embeddable":true,"href":"https:\/\/www.ngdcare.nl\/pt-pt\/wp-json\/wp\/v2\/media\/17448"}],"wp:attachment":[{"href":"https:\/\/www.ngdcare.nl\/pt-pt\/wp-json\/wp\/v2\/media?parent=6989"}],"wp:term":[{"taxonomy":"product_brand","embeddable":true,"href":"https:\/\/www.ngdcare.nl\/pt-pt\/wp-json\/wp\/v2\/product_brand?post=6989"},{"taxonomy":"product_cat","embeddable":true,"href":"https:\/\/www.ngdcare.nl\/pt-pt\/wp-json\/wp\/v2\/product_cat?post=6989"},{"taxonomy":"product_tag","embeddable":true,"href":"https:\/\/www.ngdcare.nl\/pt-pt\/wp-json\/wp\/v2\/product_tag?post=6989"},{"taxonomy":"merken","embeddable":true,"href":"https:\/\/www.ngdcare.nl\/pt-pt\/wp-json\/wp\/v2\/merken?post=6989"}],"curies":[{"name":"wp","href":"https:\/\/api.w.org\/{rel}","templated":true}]}}