{"id":7026,"date":"2025-09-27T23:26:38","date_gmt":"2025-09-27T21:26:38","guid":{"rendered":"https:\/\/www.ngdcare.nl\/product\/sem%20categoria\/operatie-herstelpakket-kit-de-recuperacao-de-cirurgia\/"},"modified":"2025-10-15T16:27:25","modified_gmt":"2025-10-15T14:27:25","slug":"operatie-herstelpakket-kit-de-recuperacao-de-cirurgia","status":"publish","type":"product","link":"https:\/\/www.ngdcare.nl\/pt-pt\/product\/protocolos-pt-pt\/operatie-herstelpakket-kit-de-recuperacao-de-cirurgia\/","title":{"rendered":"Operatie herstelpakket \u2013 Kit de Recupera\u00e7\u00e3o de Cirurgia"},"content":{"rendered":"<p style=\"font-weight: 400;\" data-start=\"674\" data-end=\"904\">O <strong data-start=\"678\" data-end=\"703\">Pacote de Recupera\u00e7\u00e3o da Opera\u00e7\u00e3o<\/strong> da NGD Care \u00e9 especialmente formulado para a fase de recupera\u00e7\u00e3o ap\u00f3s a cirurgia em animais e humanos. Este pacote de combina\u00e7\u00e3o natural oferece apoio a n\u00edvel f\u00edsico, energ\u00e9tico e emocional. <\/p>\n<p style=\"font-weight: 400;\" data-start=\"906\" data-end=\"1105\">A poderosa composi\u00e7\u00e3o promove a remo\u00e7\u00e3o de res\u00edduos ap\u00f3s anestesia ou medica\u00e7\u00e3o, apoia a cicatriza\u00e7\u00e3o e recupera\u00e7\u00e3o de feridas e ajuda a processar o stress, trauma ou confus\u00e3o ap\u00f3s o procedimento.<\/p>\n<p data-start=\"1112\" data-end=\"1147\">O pacote \u00e9 composto por 3 suplementos.<\/p>\n<ul>\n<li data-start=\"1152\" data-end=\"1372\"><strong data-start=\"1152\" data-end=\"1201\">Ess\u00eancia de recupera\u00e7\u00e3o p\u00f3s-operat\u00f3ria  <\/strong>\n<ul>\n<li data-start=\"1152\" data-end=\"1372\">Ess\u00eancia floral que cont\u00e9m uma marca energ\u00e9tica de terra, espada de anjos, violeta franzida, granada de rodolito, cuidados com animais, amor e esperan\u00e7a, estrela de Bel\u00e9m, papoula, flor de m\u00e1scara e erva da miseric\u00f3rdia.<\/li>\n<li data-start=\"1152\" data-end=\"1372\">Apoia a recupera\u00e7\u00e3o energ\u00e9tica, integra\u00e7\u00e3o de traumas e paz interior ap\u00f3s a cirurgia.<\/li>\n<\/ul>\n<\/li>\n<li data-start=\"1377\" data-end=\"1532\"><strong data-start=\"1377\" data-end=\"1430\">Mistura de Chlorella-Spirulina-Alfafa<\/strong>\n<ul>\n<li data-start=\"1377\" data-end=\"1532\">Para desintoxica\u00e7\u00e3o natural, suporte hep\u00e1tico e renal, rico em clorofila e antioxidantes.<\/li>\n<\/ul>\n<\/li>\n<li data-start=\"1537\" data-end=\"1701\"><strong data-start=\"1537\" data-end=\"1570\">Complexo PEA\/Boswellia  <\/strong>\n<ul>\n<li data-start=\"1537\" data-end=\"1701\">Ajuda na inibi\u00e7\u00e3o da inflama\u00e7\u00e3o, apoia a repara\u00e7\u00e3o dos tecidos e a fun\u00e7\u00e3o imunit\u00e1ria. Alternativa natural aos analg\u00e9sicos regulares. <\/li>\n<\/ul>\n<\/li>\n<\/ul>\n<p data-start=\"1708\" data-end=\"1740\">Se um curso de antibi\u00f3tico foi dado durante a opera\u00e7\u00e3o, recomendamos adicionar nossos <strong>prebi\u00f3ticos<\/strong> e <strong>probi\u00f3ticos<\/strong> .<\/p>\n<p data-start=\"1708\" data-end=\"1740\">Recomendamos a adi\u00e7\u00e3o da <strong>membrana da casca do ovo<\/strong> na cirurgia ortop\u00e9dica.<\/p>\n","protected":false},"excerpt":{"rendered":"<p>Suporte p\u00f3s-cirurgia com um poderoso pacote de recupera\u00e7\u00e3o natural. Com ess\u00eancia floral, ervilha e chlorella para promover a desintoxica\u00e7\u00e3o, cura e equil\u00edbrio interior. <\/p>\n","protected":false},"featured_media":0,"comment_status":"open","ping_status":"closed","template":"","meta":[],"product_brand":[],"product_cat":[2967],"product_tag":[2815,3801,2599,3800,3799,3230,3796,3797,3249,3798],"merken":[],"class_list":{"0":"post-7026","1":"product","2":"type-product","3":"status-publish","5":"product_cat-protocolos-pt-pt","6":"product_tag-anti-inflamatorio-natural","7":"product_tag-cicatrizacao-de-feridas","8":"product_tag-cuidados-com-ngd","9":"product_tag-desintoxicacao-apos-anestesia","10":"product_tag-desintoxicacao-de-chlorella","11":"product_tag-essencia-floral","12":"product_tag-pos-operatorio","13":"product_tag-recuperacao-da-operacao","14":"product_tag-recuperacao-energetica","15":"product_tag-suplemento-curcuma","16":"infinite-scroll-item","17":"sales-flash-overlay","18":"woocommerce-text-align-center","19":"woocommerce-image-align-center","20":"do-quantity-buttons","22":"first","23":"instock","24":"sale","25":"taxable","26":"shipping-taxable","27":"purchasable","28":"product-type-simple"},"_links":{"self":[{"href":"https:\/\/www.ngdcare.nl\/pt-pt\/wp-json\/wp\/v2\/product\/7026","targetHints":{"allow":["GET"]}}],"collection":[{"href":"https:\/\/www.ngdcare.nl\/pt-pt\/wp-json\/wp\/v2\/product"}],"about":[{"href":"https:\/\/www.ngdcare.nl\/pt-pt\/wp-json\/wp\/v2\/types\/product"}],"replies":[{"embeddable":true,"href":"https:\/\/www.ngdcare.nl\/pt-pt\/wp-json\/wp\/v2\/comments?post=7026"}],"wp:attachment":[{"href":"https:\/\/www.ngdcare.nl\/pt-pt\/wp-json\/wp\/v2\/media?parent=7026"}],"wp:term":[{"taxonomy":"product_brand","embeddable":true,"href":"https:\/\/www.ngdcare.nl\/pt-pt\/wp-json\/wp\/v2\/product_brand?post=7026"},{"taxonomy":"product_cat","embeddable":true,"href":"https:\/\/www.ngdcare.nl\/pt-pt\/wp-json\/wp\/v2\/product_cat?post=7026"},{"taxonomy":"product_tag","embeddable":true,"href":"https:\/\/www.ngdcare.nl\/pt-pt\/wp-json\/wp\/v2\/product_tag?post=7026"},{"taxonomy":"merken","embeddable":true,"href":"https:\/\/www.ngdcare.nl\/pt-pt\/wp-json\/wp\/v2\/merken?post=7026"}],"curies":[{"name":"wp","href":"https:\/\/api.w.org\/{rel}","templated":true}]}}