{"id":7027,"date":"2025-09-15T21:21:54","date_gmt":"2025-09-15T19:21:54","guid":{"rendered":"https:\/\/www.ngdcare.nl\/product\/sem%20categoria\/balsamo-pele-de-ozono-jojoba-balsamo-cutaneo\/"},"modified":"2026-03-29T14:18:25","modified_gmt":"2026-03-29T12:18:25","slug":"balsamo-pele-de-ozono-jojoba-balsamo-cutaneo","status":"publish","type":"product","link":"https:\/\/www.ngdcare.nl\/pt-pt\/product\/pele-e-pelo\/balsamo-pele-de-ozono-jojoba-balsamo-cutaneo\/","title":{"rendered":"B\u00e1lsamo Pele de Ozono Jojoba \u2013 B\u00e1lsamo Cut\u00e2neo"},"content":{"rendered":"<p data-start=\"6539\" data-end=\"6718\"><strong data-start=\"6752\" data-end=\"6783\">B\u00e1lsamo de pele de oz\u00f4nio Jojoba \u2013 O b\u00e1lsamo de pele<\/strong> usa o <strong data-start=\"6809\" data-end=\"6825\">car\u00e1ter de cera<\/strong> natural da jojoba: com ozoniza\u00e7\u00e3o mais pesada, forma-se um <strong data-start=\"6878\" data-end=\"6897\">b\u00e1lsamo est\u00e1vel<\/strong> que estabelece uma camada fina e semi-oclusiva. Ideal para <strong data-start=\"6952\" data-end=\"6983\">\u00e1reas locais, secas ou \u00e1speras<\/strong> (patas, nariz, dobras de pele e prateleiras). Sem perfume.  <\/p>\n<p data-start=\"4084\" data-end=\"4651\">\u00d3leo de Jojoba de <strong data-start=\"4158\" data-end=\"4171\">Ozono \u2013 B\u00e1lsamo Cut\u00e2neo<\/strong> \u00e9 um <strong data-start=\"4179\" data-end=\"4209\">b\u00e1lsamo semiss\u00f3lido e est\u00e1vel<\/strong> \u00e0 base de <strong data-start=\"4237\" data-end=\"4252\">\u00f3leo de jojoba<\/strong> ozonizado. Devido ao <strong data-start=\"4275\" data-end=\"4291\">car\u00e1ter de cera<\/strong> natural da jojoba, a ozoniza\u00e7\u00e3o mais pesada cria uma <strong data-start=\"4341\" data-end=\"4372\">camada fina e semi-oclusiva<\/strong> que <strong data-start=\"4377\" data-end=\"4404\">permanece no lugar por um longo tempo<\/strong>. O b\u00e1lsamo \u00e9 <strong data-start=\"4419\" data-end=\"4437\">antiaderente<\/strong>, <strong data-start=\"4439\" data-end=\"4453\">sem fragr\u00e2ncia<\/strong> e ideal para <strong data-start=\"4469\" data-end=\"4500\">\u00e1reas locais, secas ou \u00e1speras<\/strong>.  <\/p>\n<p data-start=\"4084\" data-end=\"4651\"><strong data-start=\"4653\" data-end=\"4701\">As \u00e1reas de aplica\u00e7\u00e3o<\/strong> s\u00e3o cuidados locais de manchas secas\/\u00e1speras, como prateleiras e outras \u00e1reas deitadas, almofadas para os p\u00e9s, superf\u00edcie nasal e dobras cut\u00e2neas. O b\u00e1lsamo tem um efeito de suporte sobre infe\u00e7\u00f5es bacterianas e f\u00fangicas na pele e penetra bem no biofilme. <\/p>\n","protected":false},"excerpt":{"rendered":"<p data-start=\"6539\" data-end=\"6718\"><strong data-start=\"6588\" data-end=\"6602\">B\u00e1lsamo de pele<\/strong> rico e semiss\u00f3lido \u00e0 base de \u00f3leo de jojoba ozonizado. Cuida e protege pequenas manchas secas\/\u00e1speras e permanece no local por um longo tempo. <\/p>\n<p data-start=\"6720\" data-end=\"7093\">\n","protected":false},"featured_media":17409,"comment_status":"open","ping_status":"closed","template":"","meta":{"wds_primary_product_brand":0,"wds_primary_product_cat":0,"wds_primary_merken":0},"product_brand":[],"product_cat":[2849,3583],"product_tag":[3588,3587,3586,3585,3584],"merken":[],"class_list":{"0":"post-7027","1":"product","2":"type-product","3":"status-publish","4":"has-post-thumbnail","6":"product_cat-pele-e-pelo","7":"product_cat-ozono-pt-pt","8":"product_tag-colirios-auriculares","9":"product_tag-cuidados-com-a-orelha-do-gato","10":"product_tag-cuidados-com-os-ouvidos-dos-caes","11":"product_tag-jojoba-ozonizada-pt-pt","12":"product_tag-sem-perfume","13":"infinite-scroll-item","14":"sales-flash-overlay","15":"woocommerce-text-align-center","16":"woocommerce-image-align-center","17":"do-quantity-buttons","19":"first","20":"instock","21":"taxable","22":"shipping-taxable","23":"purchasable","24":"product-type-simple"},"_links":{"self":[{"href":"https:\/\/www.ngdcare.nl\/pt-pt\/wp-json\/wp\/v2\/product\/7027","targetHints":{"allow":["GET"]}}],"collection":[{"href":"https:\/\/www.ngdcare.nl\/pt-pt\/wp-json\/wp\/v2\/product"}],"about":[{"href":"https:\/\/www.ngdcare.nl\/pt-pt\/wp-json\/wp\/v2\/types\/product"}],"replies":[{"embeddable":true,"href":"https:\/\/www.ngdcare.nl\/pt-pt\/wp-json\/wp\/v2\/comments?post=7027"}],"wp:featuredmedia":[{"embeddable":true,"href":"https:\/\/www.ngdcare.nl\/pt-pt\/wp-json\/wp\/v2\/media\/17409"}],"wp:attachment":[{"href":"https:\/\/www.ngdcare.nl\/pt-pt\/wp-json\/wp\/v2\/media?parent=7027"}],"wp:term":[{"taxonomy":"product_brand","embeddable":true,"href":"https:\/\/www.ngdcare.nl\/pt-pt\/wp-json\/wp\/v2\/product_brand?post=7027"},{"taxonomy":"product_cat","embeddable":true,"href":"https:\/\/www.ngdcare.nl\/pt-pt\/wp-json\/wp\/v2\/product_cat?post=7027"},{"taxonomy":"product_tag","embeddable":true,"href":"https:\/\/www.ngdcare.nl\/pt-pt\/wp-json\/wp\/v2\/product_tag?post=7027"},{"taxonomy":"merken","embeddable":true,"href":"https:\/\/www.ngdcare.nl\/pt-pt\/wp-json\/wp\/v2\/merken?post=7027"}],"curies":[{"name":"wp","href":"https:\/\/api.w.org\/{rel}","templated":true}]}}