{"id":7084,"date":"2025-09-15T21:10:30","date_gmt":"2025-09-15T19:10:30","guid":{"rendered":"https:\/\/www.ngdcare.nl\/product\/sem%20categoria\/gotas-nasais-de-glicerina-de-ozonio-spray-nasal\/"},"modified":"2026-04-15T16:34:37","modified_gmt":"2026-04-15T14:34:37","slug":"gotas-nasais-de-glicerina-de-ozonio-spray-nasal","status":"publish","type":"product","link":"https:\/\/www.ngdcare.nl\/pt-pt\/product\/ozono-pt-pt\/gotas-nasais-de-glicerina-de-ozonio-spray-nasal\/","title":{"rendered":"Gotas Nasais de Glicerina de Oz\u00f4nio \u2013 Spray Nasal"},"content":{"rendered":"<p data-start=\"1627\" data-end=\"2267\">Ozone Glycerin <strong data-start=\"1700\" data-end=\"1720\">Nasal Drops \u2013 Nasal Spray<\/strong> \u00e9 um <strong data-start=\"1728\" data-end=\"1757\">spray nasal aquoso e suave<\/strong> com <strong data-start=\"1762\" data-end=\"1792\">5% de glicerina ozonizada<\/strong> em <strong data-start=\"1796\" data-end=\"1809\">0,9% de NaCl<\/strong>. A n\u00e9voa fina \u00e9 <strong data-start=\"1829\" data-end=\"1862\">confort\u00e1vel para membranas mucosas<\/strong> e ajuda a manter o <strong data-start=\"1876\" data-end=\"1902\">microclima nasal fresco<\/strong> . Gra\u00e7as \u00e0s propriedades <strong data-start=\"1925\" data-end=\"1939\">de reten\u00e7\u00e3o de humidade <\/strong>da glicerina, a superf\u00edcie permanece agrad\u00e1vel ao toque sem aderir ou secar. A f\u00f3rmula \u00e9 <strong data-start=\"2057\" data-end=\"2071\">sem fragr\u00e2ncia<\/strong> e minimalista, adequada para <strong data-start=\"2105\" data-end=\"2126\">uso di\u00e1rio<\/strong> em c\u00e3es e gatos.   <\/p>\n<p data-start=\"2269\" data-end=\"2319\"><strong data-start=\"2269\" data-end=\"2317\">As indica\u00e7\u00f5es<\/strong> para o uso do spray nasal s\u00e3o um efeito de suporte na rinite, resfriados e congest\u00e3o nasal. Al\u00e9m disso, pode contribuir para o cuidado di\u00e1rio do nariz e apoiar um ambiente seco e poeirento. <\/p>\n","protected":false},"excerpt":{"rendered":"<p>Spray nasal suave com glicerina ozonada a 5% em 0,9% de NaCl. Mant\u00e9m o microclima nasal fresco e \u00e9 confort\u00e1vel para as mucosas.<\/p>\n","protected":false},"featured_media":18267,"comment_status":"open","ping_status":"closed","template":"","meta":{"wds_primary_product_brand":0,"wds_primary_product_cat":0,"wds_primary_merken":0},"product_brand":[],"product_cat":[3583],"product_tag":[1946,3850,1947,3838,3849],"merken":[],"class_list":{"0":"post-7084","1":"product","2":"type-product","3":"status-publish","4":"has-post-thumbnail","6":"product_cat-ozono-pt-pt","7":"product_tag-cao","8":"product_tag-cuidados-nasais","9":"product_tag-gato-pt-pt","10":"product_tag-glicerina-ozonizada-pt-pt","11":"product_tag-pulverizador-nasal","12":"infinite-scroll-item","13":"sales-flash-overlay","14":"woocommerce-text-align-center","15":"woocommerce-image-align-center","16":"do-quantity-buttons","18":"first","19":"outofstock","20":"taxable","21":"shipping-taxable","22":"purchasable","23":"product-type-simple"},"_links":{"self":[{"href":"https:\/\/www.ngdcare.nl\/pt-pt\/wp-json\/wp\/v2\/product\/7084","targetHints":{"allow":["GET"]}}],"collection":[{"href":"https:\/\/www.ngdcare.nl\/pt-pt\/wp-json\/wp\/v2\/product"}],"about":[{"href":"https:\/\/www.ngdcare.nl\/pt-pt\/wp-json\/wp\/v2\/types\/product"}],"replies":[{"embeddable":true,"href":"https:\/\/www.ngdcare.nl\/pt-pt\/wp-json\/wp\/v2\/comments?post=7084"}],"wp:featuredmedia":[{"embeddable":true,"href":"https:\/\/www.ngdcare.nl\/pt-pt\/wp-json\/wp\/v2\/media\/18267"}],"wp:attachment":[{"href":"https:\/\/www.ngdcare.nl\/pt-pt\/wp-json\/wp\/v2\/media?parent=7084"}],"wp:term":[{"taxonomy":"product_brand","embeddable":true,"href":"https:\/\/www.ngdcare.nl\/pt-pt\/wp-json\/wp\/v2\/product_brand?post=7084"},{"taxonomy":"product_cat","embeddable":true,"href":"https:\/\/www.ngdcare.nl\/pt-pt\/wp-json\/wp\/v2\/product_cat?post=7084"},{"taxonomy":"product_tag","embeddable":true,"href":"https:\/\/www.ngdcare.nl\/pt-pt\/wp-json\/wp\/v2\/product_tag?post=7084"},{"taxonomy":"merken","embeddable":true,"href":"https:\/\/www.ngdcare.nl\/pt-pt\/wp-json\/wp\/v2\/merken?post=7084"}],"curies":[{"name":"wp","href":"https:\/\/api.w.org\/{rel}","templated":true}]}}