{"id":7093,"date":"2025-09-15T21:01:00","date_gmt":"2025-09-15T19:01:00","guid":{"rendered":"https:\/\/www.ngdcare.nl\/product\/sem%20categoria\/ozone-glycerin-eye-drops-eye-drops\/"},"modified":"2026-04-15T16:34:47","modified_gmt":"2026-04-15T14:34:47","slug":"ozone-glycerin-eye-drops-eye-drops","status":"publish","type":"product","link":"https:\/\/www.ngdcare.nl\/pt-pt\/product\/ozono-pt-pt\/ozone-glycerin-eye-drops-eye-drops\/","title":{"rendered":"Ozone Glycerin Eye Drops \u2013 Eye Drops"},"content":{"rendered":"<p data-start=\"291\" data-end=\"999\">Ozone Glycerin Eye <strong data-start=\"364\" data-end=\"382\">Drops \u2013 Eye Drops<\/strong> \u00e9 um cuidado ocular suave e aquoso baseado em <strong data-start=\"433\" data-end=\"463\">glicerina ozonizada a 5%<\/strong> em <strong data-start=\"467\" data-end=\"510\">soro fisiol\u00f3gico (NaCl) a 0,9%.<\/strong> A textura da luz distribui-se uniformemente, <strong data-start=\"552\" data-end=\"590\">sem pel\u00edcula gordurosa ou vis\u00e3o turva<\/strong>, e \u00e9 agrad\u00e1vel na pele sens\u00edvel \u00e0 volta do olho. A composi\u00e7\u00e3o minimalista e <strong data-start=\"668\" data-end=\"683\">sem fragr\u00e2ncia<\/strong> torna este produto adequado para <strong data-start=\"730\" data-end=\"764\">rotinas di\u00e1rias de tosa<\/strong> para c\u00e3es e gatos, com foco no conforto e higiene.  <\/p>\n<p data-start=\"1001\" data-end=\"1051\"><strong data-start=\"1001\" data-end=\"1049\">As indica\u00e7\u00f5es <\/strong>para o uso do col\u00edrio de glicerina ozonizada s\u00e3o um suporte para a inflama\u00e7\u00e3o ocular e para animais que precisam de cuidados di\u00e1rios, garante a manuten\u00e7\u00e3o de um microclima fresco ao redor do olho.<\/p>\n","protected":false},"excerpt":{"rendered":"<p>Gotas suaves e aqu\u00e1ticas com 5% de glicerina ozonada em sal fisiol\u00f3gico. Ajuda a manter o microclima da margem da p\u00e1lpebra e do canto do olho fresco e cuida do tecido sens\u00edvel sem que fique oleoso.<\/p>\n","protected":false},"featured_media":18257,"comment_status":"open","ping_status":"closed","template":"","meta":[],"product_brand":[],"product_cat":[3583],"product_tag":[3864,3862,3861,3863,3838,3584],"merken":[],"class_list":{"0":"post-7093","1":"product","2":"type-product","3":"status-publish","4":"has-post-thumbnail","6":"product_cat-ozono-pt-pt","7":"product_tag-5-glicerina","8":"product_tag-cao-de-cuidados-oculares","9":"product_tag-colirio","10":"product_tag-gato-de-cuidados-com-os-olhos","11":"product_tag-glicerina-ozonizada-pt-pt","12":"product_tag-sem-perfume","13":"infinite-scroll-item","14":"sales-flash-overlay","15":"woocommerce-text-align-center","16":"woocommerce-image-align-center","17":"do-quantity-buttons","19":"first","20":"instock","21":"taxable","22":"shipping-taxable","23":"purchasable","24":"product-type-simple"},"_links":{"self":[{"href":"https:\/\/www.ngdcare.nl\/pt-pt\/wp-json\/wp\/v2\/product\/7093","targetHints":{"allow":["GET"]}}],"collection":[{"href":"https:\/\/www.ngdcare.nl\/pt-pt\/wp-json\/wp\/v2\/product"}],"about":[{"href":"https:\/\/www.ngdcare.nl\/pt-pt\/wp-json\/wp\/v2\/types\/product"}],"replies":[{"embeddable":true,"href":"https:\/\/www.ngdcare.nl\/pt-pt\/wp-json\/wp\/v2\/comments?post=7093"}],"wp:featuredmedia":[{"embeddable":true,"href":"https:\/\/www.ngdcare.nl\/pt-pt\/wp-json\/wp\/v2\/media\/18257"}],"wp:attachment":[{"href":"https:\/\/www.ngdcare.nl\/pt-pt\/wp-json\/wp\/v2\/media?parent=7093"}],"wp:term":[{"taxonomy":"product_brand","embeddable":true,"href":"https:\/\/www.ngdcare.nl\/pt-pt\/wp-json\/wp\/v2\/product_brand?post=7093"},{"taxonomy":"product_cat","embeddable":true,"href":"https:\/\/www.ngdcare.nl\/pt-pt\/wp-json\/wp\/v2\/product_cat?post=7093"},{"taxonomy":"product_tag","embeddable":true,"href":"https:\/\/www.ngdcare.nl\/pt-pt\/wp-json\/wp\/v2\/product_tag?post=7093"},{"taxonomy":"merken","embeddable":true,"href":"https:\/\/www.ngdcare.nl\/pt-pt\/wp-json\/wp\/v2\/merken?post=7093"}],"curies":[{"name":"wp","href":"https:\/\/api.w.org\/{rel}","templated":true}]}}