{"id":7129,"date":"2025-08-24T22:38:04","date_gmt":"2025-08-24T20:38:04","guid":{"rendered":"https:\/\/www.ngdcare.nl\/product\/sem%20categoria\/spray-nasal-de-prata-coloidal-spray-nasal-de-prata-coloidal\/"},"modified":"2026-03-29T14:24:39","modified_gmt":"2026-03-29T12:24:39","slug":"spray-nasal-de-prata-coloidal-spray-nasal-de-prata-coloidal","status":"publish","type":"product","link":"https:\/\/www.ngdcare.nl\/pt-pt\/product\/veterinary-health\/coloidal\/spray-nasal-de-prata-coloidal-spray-nasal-de-prata-coloidal\/","title":{"rendered":"Spray nasal de prata coloidal \u2013 spray nasal de prata coloidal"},"content":{"rendered":"<p class=\"p1\">O <strong>Spray Nasal de Prata Coloidal<\/strong> da NGD Care fornece suporte natural para problemas nasais em animais de estima\u00e7\u00e3o e humanos. Este spray cont\u00e9m prata coloidal pura numa concentra\u00e7\u00e3o de 10 PPM (partes por milh\u00e3o), dissolvida em \u00e1gua destilada purificada. Gra\u00e7as ao uso de part\u00edculas de nanoprata, o spray nasal \u00e9 particularmente adequado para membranas mucosas sens\u00edveis.  <\/p>\n<p class=\"p1\">A prata tem naturalmente um efeito purificador e contribui para um microclima saud\u00e1vel das vias nasais, sem aditivos irritantes. O spray n\u00e3o cont\u00e9m \u00e1lcool, conservantes ou fragr\u00e2ncias, tornando-o seguro para animais jovens ou indiv\u00edduos sens\u00edveis tamb\u00e9m. <\/p>\n<p class=\"p1\">O frasco de pulveriza\u00e7\u00e3o torna a administra\u00e7\u00e3o f\u00e1cil e precisa: com um pulverizador por narina, a mucosa nasal \u00e9 atingida diretamente. A a\u00e7\u00e3o \u00e9 local, ligeira e sem efeitos secund\u00e1rios ou intera\u00e7\u00f5es conhecidas. <\/p>\n<p class=\"p1\">Este pulverizador nasal \u00e9 usado principalmente para:<\/p>\n<p class=\"p1\">\u2013 corrimento nasal excessivo<\/p>\n<p class=\"p1\">\u2013 nariz entupido<\/p>\n<p class=\"p1\">\u2013 suporte dos seios nasais e das vias a\u00e9reas<\/p>\n<p class=\"p1\">\u2013 cuidados p\u00f3s-operat\u00f3rios da cavidade nasal<\/p>\n<p class=\"p1\">\u2013 irrita\u00e7\u00f5es sazonais (por exemplo, p\u00f3len)<\/p>\n","protected":false},"excerpt":{"rendered":"<p class=\"p1\">O Spray Nasal de Prata Coloidal da NGD Care \u00e9 um spray suave e natural com nanoprata de 10 PPM em \u00e1gua destilada. Suporta membranas mucosas e sa\u00fade nasal em seres humanos e animais. <\/p>\n","protected":false},"featured_media":11092,"comment_status":"open","ping_status":"closed","template":"","meta":{"wds_primary_product_brand":0,"wds_primary_product_cat":0,"wds_primary_merken":0},"product_brand":[],"product_cat":[2178,3337,2177],"product_tag":[1946,3338,1947,3468,3463,3339,3509,3849,3931,3933,3930,3929,3932],"merken":[],"class_list":{"0":"post-7129","1":"product","2":"type-product","3":"status-publish","4":"has-post-thumbnail","6":"product_cat-anti-inflamatorios","7":"product_cat-coloidal","8":"product_cat-vitalidade-geral","9":"product_tag-cao","10":"product_tag-coloidal","11":"product_tag-gato-pt-pt","12":"product_tag-infecao","13":"product_tag-nano-prata","14":"product_tag-ngd-care-coloidal","15":"product_tag-prata-coloidal","16":"product_tag-pulverizador-nasal","17":"product_tag-pulverizador-nasal-de-prata","18":"product_tag-rinite-pt-pt","19":"product_tag-sinusite-pt-pt","20":"product_tag-utilizacao-externa","21":"product_tag-vias-aereas-anteriores","22":"infinite-scroll-item","23":"sales-flash-overlay","24":"woocommerce-text-align-center","25":"woocommerce-image-align-center","26":"do-quantity-buttons","28":"first","29":"instock","30":"taxable","31":"shipping-taxable","32":"purchasable","33":"product-type-simple"},"_links":{"self":[{"href":"https:\/\/www.ngdcare.nl\/pt-pt\/wp-json\/wp\/v2\/product\/7129","targetHints":{"allow":["GET"]}}],"collection":[{"href":"https:\/\/www.ngdcare.nl\/pt-pt\/wp-json\/wp\/v2\/product"}],"about":[{"href":"https:\/\/www.ngdcare.nl\/pt-pt\/wp-json\/wp\/v2\/types\/product"}],"replies":[{"embeddable":true,"href":"https:\/\/www.ngdcare.nl\/pt-pt\/wp-json\/wp\/v2\/comments?post=7129"}],"wp:featuredmedia":[{"embeddable":true,"href":"https:\/\/www.ngdcare.nl\/pt-pt\/wp-json\/wp\/v2\/media\/11092"}],"wp:attachment":[{"href":"https:\/\/www.ngdcare.nl\/pt-pt\/wp-json\/wp\/v2\/media?parent=7129"}],"wp:term":[{"taxonomy":"product_brand","embeddable":true,"href":"https:\/\/www.ngdcare.nl\/pt-pt\/wp-json\/wp\/v2\/product_brand?post=7129"},{"taxonomy":"product_cat","embeddable":true,"href":"https:\/\/www.ngdcare.nl\/pt-pt\/wp-json\/wp\/v2\/product_cat?post=7129"},{"taxonomy":"product_tag","embeddable":true,"href":"https:\/\/www.ngdcare.nl\/pt-pt\/wp-json\/wp\/v2\/product_tag?post=7129"},{"taxonomy":"merken","embeddable":true,"href":"https:\/\/www.ngdcare.nl\/pt-pt\/wp-json\/wp\/v2\/merken?post=7129"}],"curies":[{"name":"wp","href":"https:\/\/api.w.org\/{rel}","templated":true}]}}