{"id":7143,"date":"2025-06-19T23:24:39","date_gmt":"2025-06-19T21:24:39","guid":{"rendered":"https:\/\/www.ngdcare.nl\/product\/sem%20categoria\/colirio-de-prata-coloidal-e-colirio-auricular-gotas-de-prata-coloidal\/"},"modified":"2026-03-29T14:23:25","modified_gmt":"2026-03-29T12:23:25","slug":"colirio-de-prata-coloidal-e-colirio-auricular-gotas-de-prata-coloidal","status":"publish","type":"product","link":"https:\/\/www.ngdcare.nl\/pt-pt\/product\/veterinary-health\/coloidal\/colirio-de-prata-coloidal-e-colirio-auricular-gotas-de-prata-coloidal\/","title":{"rendered":"Col\u00edrio de prata coloidal e col\u00edrio auricular \u2013 gotas de prata coloidal"},"content":{"rendered":"<p style=\"font-weight: 400;\">Os <strong>col\u00edrios e orelhas de prata coloidal<\/strong> da NGD Care cont\u00eam prata coloidal pura numa concentra\u00e7\u00e3o de 10 PPM (partes por milh\u00e3o), dissolvida em \u00e1gua destilada purificada. Gra\u00e7as \u00e0 utiliza\u00e7\u00e3o de <strong>part\u00edculas de nanoprata<\/strong> , este l\u00edquido \u00e9 particularmente adequado para \u00e1reas sens\u00edveis, como olhos e ouvidos. <\/p>\n<p style=\"font-weight: 400;\">Estas gotas s\u00e3o desenvolvidas para <strong>uso externo<\/strong> e fornecem suporte natural para problemas oculares e auditivos em animais e humanos. As part\u00edculas de prata coloidal t\u00eam um efeito purificador e ajudam a apoiar o microclima da pele e membranas mucosas sem irritantes. <\/p>\n<p style=\"font-weight: 400;\">O produto \u00e9 100% livre de aditivos como \u00e1lcool, conservantes ou fragr\u00e2ncias. Isto torna seguro o uso com animais jovens, pele sens\u00edvel ou quando usado em torno das membranas mucosas. <\/p>\n<p style=\"font-weight: 400;\">A pr\u00e1tica pipeta facilita a dosagem exata, por exemplo, algumas gotas no olho ou no ouvido, ou em um ponto na pele. A prata atua local e levemente, sem efeitos colaterais ou intera\u00e7\u00f5es conhecidas. <\/p>\n","protected":false},"excerpt":{"rendered":"<p style=\"font-weight: 400;\">Gotas coloidais com nano-prata (10 PPM) em \u00e1gua purificada. Ideal para apoio local no cuidado dos olhos e ouvidos em animais e humanos. Uso externo.  <\/p>\n","protected":false},"featured_media":17418,"comment_status":"open","ping_status":"closed","template":"","meta":{"wds_primary_product_brand":0,"wds_primary_product_cat":0,"wds_primary_merken":0},"product_brand":[],"product_cat":[2178,3337,2177],"product_tag":[1946,3338,3940,3941,1947,3468,3463,3339,3509,3929],"merken":[],"class_list":{"0":"post-7143","1":"product","2":"type-product","3":"status-publish","4":"has-post-thumbnail","6":"product_cat-anti-inflamatorios","7":"product_cat-coloidal","8":"product_cat-vitalidade-geral","9":"product_tag-cao","10":"product_tag-coloidal","11":"product_tag-cuidados-com-os-olhos","12":"product_tag-cuidados-com-os-ouvidos","13":"product_tag-gato-pt-pt","14":"product_tag-infecao","15":"product_tag-nano-prata","16":"product_tag-ngd-care-coloidal","17":"product_tag-prata-coloidal","18":"product_tag-utilizacao-externa","19":"infinite-scroll-item","20":"sales-flash-overlay","21":"woocommerce-text-align-center","22":"woocommerce-image-align-center","23":"do-quantity-buttons","25":"first","26":"instock","27":"taxable","28":"shipping-taxable","29":"purchasable","30":"product-type-simple"},"_links":{"self":[{"href":"https:\/\/www.ngdcare.nl\/pt-pt\/wp-json\/wp\/v2\/product\/7143","targetHints":{"allow":["GET"]}}],"collection":[{"href":"https:\/\/www.ngdcare.nl\/pt-pt\/wp-json\/wp\/v2\/product"}],"about":[{"href":"https:\/\/www.ngdcare.nl\/pt-pt\/wp-json\/wp\/v2\/types\/product"}],"replies":[{"embeddable":true,"href":"https:\/\/www.ngdcare.nl\/pt-pt\/wp-json\/wp\/v2\/comments?post=7143"}],"wp:featuredmedia":[{"embeddable":true,"href":"https:\/\/www.ngdcare.nl\/pt-pt\/wp-json\/wp\/v2\/media\/17418"}],"wp:attachment":[{"href":"https:\/\/www.ngdcare.nl\/pt-pt\/wp-json\/wp\/v2\/media?parent=7143"}],"wp:term":[{"taxonomy":"product_brand","embeddable":true,"href":"https:\/\/www.ngdcare.nl\/pt-pt\/wp-json\/wp\/v2\/product_brand?post=7143"},{"taxonomy":"product_cat","embeddable":true,"href":"https:\/\/www.ngdcare.nl\/pt-pt\/wp-json\/wp\/v2\/product_cat?post=7143"},{"taxonomy":"product_tag","embeddable":true,"href":"https:\/\/www.ngdcare.nl\/pt-pt\/wp-json\/wp\/v2\/product_tag?post=7143"},{"taxonomy":"merken","embeddable":true,"href":"https:\/\/www.ngdcare.nl\/pt-pt\/wp-json\/wp\/v2\/merken?post=7143"}],"curies":[{"name":"wp","href":"https:\/\/api.w.org\/{rel}","templated":true}]}}