{"id":7172,"date":"2025-05-15T09:40:40","date_gmt":"2025-05-15T07:40:40","guid":{"rendered":"https:\/\/www.ngdcare.nl\/product\/sem%20categoria\/liposomale-lactoferrina-lactoferrina-lipossomica\/"},"modified":"2026-04-09T21:36:06","modified_gmt":"2026-04-09T19:36:06","slug":"liposomale-lactoferrina-lactoferrina-lipossomica","status":"publish","type":"product","link":"https:\/\/www.ngdcare.nl\/pt-pt\/product\/farmacia-natural-para-animais-de-estimacao\/lipossomica\/liposomale-lactoferrina-lactoferrina-lipossomica\/","title":{"rendered":"Lactoferrina lipossomal"},"content":{"rendered":"<p style=\"font-weight: 400;\"><strong>Lactoferrina liposs\u00f3mica<\/strong> da <strong>NGD Care<\/strong> \u00e9 um suplemento poderoso e amplamente aplic\u00e1vel para c\u00e3es e gatos, \u00e0 base de lactoferrina na forma liposs\u00f3mica. Esta f\u00f3rmula foi especialmente desenvolvida para maximizar a absor\u00e7\u00e3o de lactoferrina, mesmo em animais com fun\u00e7\u00e3o intestinal prejudicada, baixa acidez estomacal ou danos nas mucosas intestinais. <\/p>\n<p style=\"font-weight: 400;\">A lactoferrina \u00e9 uma prote\u00edna multifuncional e natural encontrada no leite materno (especialmente colostro), saliva e l\u00e1grimas. Tem um forte efeito de liga\u00e7\u00e3o ao ferro, antimicrobiano, imunomodulador e anti-inflamat\u00f3rio. <\/p>\n<p style=\"font-weight: 400;\">Gra\u00e7as \u00e0 sua forma liposs\u00f3mica, a prote\u00edna mant\u00e9m-se ativa e \u00e9 eficientemente absorvida no aparelho digestivo. Isso o torna adequado para uma ampla gama de queixas, desde <strong>inflama\u00e7\u00e3o intestinal cr\u00f4nica<\/strong> e <strong>infe\u00e7\u00f5es<\/strong> at\u00e9 <strong>Giardia<\/strong>, <strong>SIBO,<\/strong> <strong>Candida<\/strong>, <strong>alergias<\/strong> e <strong>supercrescimento bacteriano<\/strong>. <\/p>\n","protected":false},"excerpt":{"rendered":"<div>\n<p class=\"p3\">Lactoferrina liposs\u00f3mica para c\u00e3es e gatos. Apoia a sa\u00fade intestinal, sistema imunit\u00e1rio e equil\u00edbrio microbiano. Ideal para infe\u00e7\u00f5es, SIBO, Candida e alergias.  <\/p>\n<\/div>\n","protected":false},"featured_media":17704,"comment_status":"open","ping_status":"closed","template":"","meta":[],"product_brand":[],"product_cat":[1812,1986,2966,1945,1814],"product_tag":[4003,1946,1947,3193,4001,1988,4004,1953,1949,4002],"merken":[],"class_list":{"0":"post-7172","1":"product","2":"type-product","3":"status-publish","4":"has-post-thumbnail","6":"product_cat-digestao","7":"product_cat-lipossomica","8":"product_cat-parasitas","9":"product_cat-sistema-imunitario","10":"product_cat-suplementos-ortomoleculares","11":"product_tag-anticorpos","12":"product_tag-cao","13":"product_tag-gato-pt-pt","14":"product_tag-inflamacao","15":"product_tag-lactoferrina","16":"product_tag-lipossomica","17":"product_tag-reparacao-das-membranas-mucosas","18":"product_tag-saude-intestinal","19":"product_tag-sistema-imunitario","20":"product_tag-suplemento-ngd-care","21":"infinite-scroll-item","22":"sales-flash-overlay","23":"woocommerce-text-align-center","24":"woocommerce-image-align-center","25":"do-quantity-buttons","27":"first","28":"instock","29":"taxable","30":"shipping-taxable","31":"purchasable","32":"product-type-simple"},"_links":{"self":[{"href":"https:\/\/www.ngdcare.nl\/pt-pt\/wp-json\/wp\/v2\/product\/7172","targetHints":{"allow":["GET"]}}],"collection":[{"href":"https:\/\/www.ngdcare.nl\/pt-pt\/wp-json\/wp\/v2\/product"}],"about":[{"href":"https:\/\/www.ngdcare.nl\/pt-pt\/wp-json\/wp\/v2\/types\/product"}],"replies":[{"embeddable":true,"href":"https:\/\/www.ngdcare.nl\/pt-pt\/wp-json\/wp\/v2\/comments?post=7172"}],"wp:featuredmedia":[{"embeddable":true,"href":"https:\/\/www.ngdcare.nl\/pt-pt\/wp-json\/wp\/v2\/media\/17704"}],"wp:attachment":[{"href":"https:\/\/www.ngdcare.nl\/pt-pt\/wp-json\/wp\/v2\/media?parent=7172"}],"wp:term":[{"taxonomy":"product_brand","embeddable":true,"href":"https:\/\/www.ngdcare.nl\/pt-pt\/wp-json\/wp\/v2\/product_brand?post=7172"},{"taxonomy":"product_cat","embeddable":true,"href":"https:\/\/www.ngdcare.nl\/pt-pt\/wp-json\/wp\/v2\/product_cat?post=7172"},{"taxonomy":"product_tag","embeddable":true,"href":"https:\/\/www.ngdcare.nl\/pt-pt\/wp-json\/wp\/v2\/product_tag?post=7172"},{"taxonomy":"merken","embeddable":true,"href":"https:\/\/www.ngdcare.nl\/pt-pt\/wp-json\/wp\/v2\/merken?post=7172"}],"curies":[{"name":"wp","href":"https:\/\/api.w.org\/{rel}","templated":true}]}}